{"id":370,"date":"2015-05-26T13:36:37","date_gmt":"2015-05-26T12:36:37","guid":{"rendered":"http:\/\/agora.xtec.cat\/insmacanet\/?page_id=370"},"modified":"2025-11-26T09:09:58","modified_gmt":"2025-11-26T08:09:58","slug":"instal%c2%b7lacions","status":"publish","type":"page","link":"https:\/\/agora.xtec.cat\/insmacanet\/instal%c2%b7lacions\/","title":{"rendered":"Instal\u00b7lacions"},"content":{"rendered":"<p>En l\u2019actualitat el nostre centre consta de 8 m\u00f2duls, a la seu de barracons:<\/p>\n<ul>\n<li>Tot el m\u00f2dul 1 est\u00e0 destinat a professorat i PAS: hi ha els espais de consergeria, cap d\u2019estudis, direcci\u00f3, administraci\u00f3 i secretaria i sala de professors.<\/li>\n<\/ul>\n<p>La resta de m\u00f2duls es destina a aules diverses:<\/p>\n<ul>\n<li>M\u00f2dul 0 (aula de Visual i Pl\u00e0stica i taller de Tecnologia)<\/li>\n<li>M\u00f2dul 2 (2 aules i despatx AMPA)<\/li>\n<li>M\u00f2dul 3 (2 aules i 1 despatx de departament)<\/li>\n<li>M\u00f2dul 4 (2 aules, laboratori de Ci\u00e8ncies, i sala de conviv\u00e8ncia)<\/li>\n<li>M\u00f2dul 5 (1 aula de M\u00fasica)<\/li>\n<li>M\u00f2dul 6 (2 aules i 1 despatx de departament)<\/li>\n<li>M\u00f2dul 7 (Biblioteca, aula SIEI i espai de professorat).<\/li>\n<\/ul>\n<p>En conjunt, doncs, l&#8217;Institut de Ma\u00e7anet de la Selva disposa de 11 aules-classe.<\/p>\n<p>Com que aquests espais no eren suficients per atendre la diversitat caracter\u00edstica d\u2019un centre d\u2019alta complexitat, des del curs 2016-2017 ocupem espais a l\u2019escola Les Arrels de Ma\u00e7anet de la Selva (5 espais per als 1rs d\u2019ESO i un espai per professorat). D\u2019aquesta manera podem disposar, a l\u2019institut, de 5 aules espec\u00edfiques \u2013SIEI, m\u00fasica \/ educaci\u00f3 visual i pl\u00e0stica i laboratoris de Ci\u00e8ncies i Tecnologia\u2013 i Biblioteca.<\/p>\n<p>Totes les aules estan equipades amb projector i pissarres digitals.<\/p>\n<p>Val a dir que a l\u2019institut no hi ha sala d\u2019actes, de manera que per a esdeveniments en qu\u00e8 es preveuen molts assistents es fa \u00fas del local municipal de\u00a0<a href=\"https:\/\/www.xn--maanetdelaselva-fmb.cat\/espai-cultural-polivalent\" target=\"_blank\" rel=\"noopener\" data-saferedirecturl=\"https:\/\/www.google.com\/url?q=https:\/\/www.xn--maanetdelaselva-fmb.cat\/espai-cultural-polivalent&amp;source=gmail&amp;ust=1764228871369000&amp;usg=AOvVaw0G1gNYAYGB9MwB-JtU8DDO\">La Societat,<\/a>\u00a0que l\u2019Ajuntament de Ma\u00e7anet ens cedeix desinteressadament. Igualment, l\u2019Ajuntament cedeix a l&#8217;Institut de Ma\u00e7anet les instal\u00b7lacions del\u00a0<a href=\"https:\/\/www.xn--maanetdelaselva-fmb.cat\/pavello-municipal-i-espai-de-gimnastica\" target=\"_blank\" rel=\"noopener\" data-saferedirecturl=\"https:\/\/www.google.com\/url?q=https:\/\/www.xn--maanetdelaselva-fmb.cat\/pavello-municipal-i-espai-de-gimnastica&amp;source=gmail&amp;ust=1764228871369000&amp;usg=AOvVaw08_vn564knwr1A8ITYFiQ9\">pavell\u00f3 poliesportiu<\/a>, situades just davant del centre, cosa que permet als nostres alumnes gaudir d\u2019unes excel\u00b7lents instal\u00b7lacions per a l\u2019Educaci\u00f3 F\u00edsica.<\/p>\n<p>&nbsp;<\/p>\n","protected":false},"excerpt":{"rendered":"<p>En l\u2019actualitat el nostre centre consta de 8 m\u00f2duls, a la seu de barracons:<\/p>\n<ul>\n<li>Tot el m\u00f2dul 1 est\u00e0 destinat a professorat i PAS: hi ha els espais de consergeria, cap d\u2019estudis, direcci\u00f3, administraci\u00f3 i secretaria i sala de professors.<\/li>\n<\/ul>\n<p>La resta de m\u00f2duls es destina a&hellip;  <a href=\"https:\/\/agora.xtec.cat\/insmacanet\/instal%c2%b7lacions\/\" title=\"Read Instal\u00b7lacions\">Llegeix m\u00e9s\u00bb<\/a><\/p>\n","protected":false},"author":1,"featured_media":0,"parent":0,"menu_order":0,"comment_status":"closed","ping_status":"closed","template":"","meta":{"_bbp_topic_count":0,"_bbp_reply_count":0,"_bbp_total_topic_count":0,"_bbp_total_reply_count":0,"_bbp_voice_count":0,"_bbp_anonymous_reply_count":0,"_bbp_topic_count_hidden":0,"_bbp_reply_count_hidden":0,"_bbp_forum_subforum_count":0,"footnotes":""},"class_list":["post-370","page","type-page","status-publish","hentry"],"post_mailing_queue_ids":[],"_links":{"self":[{"href":"https:\/\/agora.xtec.cat\/insmacanet\/wp-json\/wp\/v2\/pages\/370","targetHints":{"allow":["GET"]}}],"collection":[{"href":"https:\/\/agora.xtec.cat\/insmacanet\/wp-json\/wp\/v2\/pages"}],"about":[{"href":"https:\/\/agora.xtec.cat\/insmacanet\/wp-json\/wp\/v2\/types\/page"}],"author":[{"embeddable":true,"href":"https:\/\/agora.xtec.cat\/insmacanet\/wp-json\/wp\/v2\/users\/1"}],"replies":[{"embeddable":true,"href":"https:\/\/agora.xtec.cat\/insmacanet\/wp-json\/wp\/v2\/comments?post=370"}],"version-history":[{"count":3,"href":"https:\/\/agora.xtec.cat\/insmacanet\/wp-json\/wp\/v2\/pages\/370\/revisions"}],"predecessor-version":[{"id":15033,"href":"https:\/\/agora.xtec.cat\/insmacanet\/wp-json\/wp\/v2\/pages\/370\/revisions\/15033"}],"wp:attachment":[{"href":"https:\/\/agora.xtec.cat\/insmacanet\/wp-json\/wp\/v2\/media?parent=370"}],"curies":[{"name":"wp","href":"https:\/\/api.w.org\/{rel}","templated":true}]}}