{"id":2469,"date":"2016-10-04T09:58:29","date_gmt":"2016-10-04T08:58:29","guid":{"rendered":"http:\/\/agora.xtec.cat\/insmacanet\/?page_id=2469"},"modified":"2021-10-19T13:40:55","modified_gmt":"2021-10-19T11:40:55","slug":"pec-projecte-educatiu-de-centre","status":"publish","type":"page","link":"https:\/\/agora.xtec.cat\/insmacanet\/pec-projecte-educatiu-de-centre\/","title":{"rendered":"PEC (Projecte Educatiu de Centre)"},"content":{"rendered":"<p><strong>Qu\u00e8 \u00e9s el PEC?<\/strong><\/p>\n<p>\u00c9s un document de car\u00e0cter pedag\u00f2gic elaborat per la comunitat educativa que enumera i defineix els trets d&#8217;identitat d&#8217;un centre. Formula els objectius que s&#8217;han d&#8217;aconseguir i expressa l&#8217;estructura organitzativa i funcional del centre educatiu.<\/p>\n<p><a href=\"https:\/\/drive.google.com\/file\/d\/1fcgpASKSMJ1iYeWbFxxHHHnUqSqA4SjQ\/view?usp=sharing\">PEC_I.Ma\u00e7anet<\/a><\/p>\n<p>&nbsp;<\/p>\n","protected":false},"excerpt":{"rendered":"<p>Qu\u00e8 \u00e9s el PEC?<br \/>\n\u00c9s un document de car\u00e0cter pedag\u00f2gic elaborat per la comunitat educativa que enumera i defineix els trets d&#8217;identitat d&#8217;un centre. Formula els objectius que s&#8217;han d&#8217;aconseguir i expressa l&#8217;estructura organitzativa i funcional del centre educatiu.<br \/>\n<a href=\"https:\/\/drive.google.com\/file\/d\/1fcgpASKSMJ1iYeWbFxxHHHnUqSqA4SjQ\/view?usp=sharing\">PEC_I.Ma\u00e7anet<\/a><br \/>\n&nbsp;<\/p>\n","protected":false},"author":1,"featured_media":0,"parent":0,"menu_order":0,"comment_status":"closed","ping_status":"closed","template":"","meta":{"_bbp_topic_count":0,"_bbp_reply_count":0,"_bbp_total_topic_count":0,"_bbp_total_reply_count":0,"_bbp_voice_count":0,"_bbp_anonymous_reply_count":0,"_bbp_topic_count_hidden":0,"_bbp_reply_count_hidden":0,"_bbp_forum_subforum_count":0,"footnotes":""},"class_list":["post-2469","page","type-page","status-publish","hentry"],"post_mailing_queue_ids":[],"_links":{"self":[{"href":"https:\/\/agora.xtec.cat\/insmacanet\/wp-json\/wp\/v2\/pages\/2469","targetHints":{"allow":["GET"]}}],"collection":[{"href":"https:\/\/agora.xtec.cat\/insmacanet\/wp-json\/wp\/v2\/pages"}],"about":[{"href":"https:\/\/agora.xtec.cat\/insmacanet\/wp-json\/wp\/v2\/types\/page"}],"author":[{"embeddable":true,"href":"https:\/\/agora.xtec.cat\/insmacanet\/wp-json\/wp\/v2\/users\/1"}],"replies":[{"embeddable":true,"href":"https:\/\/agora.xtec.cat\/insmacanet\/wp-json\/wp\/v2\/comments?post=2469"}],"version-history":[{"count":3,"href":"https:\/\/agora.xtec.cat\/insmacanet\/wp-json\/wp\/v2\/pages\/2469\/revisions"}],"predecessor-version":[{"id":11665,"href":"https:\/\/agora.xtec.cat\/insmacanet\/wp-json\/wp\/v2\/pages\/2469\/revisions\/11665"}],"wp:attachment":[{"href":"https:\/\/agora.xtec.cat\/insmacanet\/wp-json\/wp\/v2\/media?parent=2469"}],"curies":[{"name":"wp","href":"https:\/\/api.w.org\/{rel}","templated":true}]}}