{"id":195,"date":"2014-09-22T10:39:39","date_gmt":"2014-09-22T10:39:39","guid":{"rendered":"http:\/\/agora.xtec.cat\/insmacanet\/?page_id=195"},"modified":"2015-06-15T10:02:55","modified_gmt":"2015-06-15T09:02:55","slug":"estudis","status":"publish","type":"page","link":"https:\/\/agora.xtec.cat\/insmacanet\/estudis\/","title":{"rendered":"Estudis"},"content":{"rendered":"<p align=\"JUSTIFY\">El centre imparteix els estudis d\u2019Educaci\u00f3 Secund\u00e0ria Obligat\u00f2ria. Segons l\u2019ordenaci\u00f3 d&#8217;aquest estudis (text \u00edntegre del decret 143\/2007, de 27 de juny: <a href=\"http:\/\/www20.gencat.cat\/portal\/site\/portaldogc\/menuitem.c973d2fc58aa0083e4492d92b0c0e1a0\/?action=fitxa&amp;documentId=451704&amp;languageFitxa=ca_ES&amp;newLang=ca_ES\" target=\"_blank\">Decret ordenaci\u00f3<\/a>), la mitjana setmanal de les diferents mat\u00e8ries, tal com estableix el decret \u00e9s:<\/p>\n<p align=\"JUSTIFY\"><a href=\"http:\/\/agora.xtec.cat\/insmacanet\/wp-content\/uploads\/usu335\/2014\/09\/pngbase6457384e33e87dd9281.png\"><img loading=\"lazy\" decoding=\"async\" class=\"wp-image-694 aligncenter\" src=\"http:\/\/agora.xtec.cat\/insmacanet\/wp-content\/uploads\/usu335\/2014\/09\/pngbase6457384e33e87dd9281-300x231.png\" alt=\"png;base6457384e33e87dd928(1)\" width=\"381\" height=\"293\" srcset=\"https:\/\/agora.xtec.cat\/insmacanet\/wp-content\/uploads\/usu335\/2014\/09\/pngbase6457384e33e87dd9281-300x231.png 300w, https:\/\/agora.xtec.cat\/insmacanet\/wp-content\/uploads\/usu335\/2014\/09\/pngbase6457384e33e87dd9281.png 480w\" sizes=\"auto, (max-width: 381px) 100vw, 381px\" \/><\/a><\/p>\n<p align=\"JUSTIFY\">L&#8217;ordenaci\u00f3 dels estudis a Catalunya es la seg\u00fcent: <a href=\"http:\/\/2.bp.blogspot.com\/-yzHeuAfn2Hw\/ULF0AGg2y8I\/AAAAAAAAAAc\/lJswDbp8zT0\/s1600\/organigrama+sistema+educatiu.png\">Sistema Educatiu de Catalunya. <\/a><\/p>\n","protected":false},"excerpt":{"rendered":"<p>El centre imparteix els estudis d\u2019Educaci\u00f3 Secund\u00e0ria Obligat\u00f2ria. Segons l\u2019ordenaci\u00f3 d&#8217;aquest estudis (text \u00edntegre del decret 143\/2007, de 27 de juny: <a href=\"http:\/\/www20.gencat.cat\/portal\/site\/portaldogc\/menuitem.c973d2fc58aa0083e4492d92b0c0e1a0\/?action=fitxa&amp;documentId=451704&amp;languageFitxa=ca_ES&amp;newLang=ca_ES\" target=\"_blank\">Decret ordenaci\u00f3<\/a>), la mitjana setmanal de les diferents mat\u00e8ries, tal com estableix el decret \u00e9s:<br \/>\n<a href=\"http:\/\/agora.xtec.cat\/insmacanet\/wp-content\/uploads\/usu335\/2014\/09\/pngbase6457384e33e87dd9281.png\"><\/a><br \/>\nL&#8217;ordenaci\u00f3 dels estudis a Catalunya es la&hellip;  <a href=\"https:\/\/agora.xtec.cat\/insmacanet\/estudis\/\" title=\"Read Estudis\">Llegeix m\u00e9s\u00bb<\/a><\/p>\n","protected":false},"author":1,"featured_media":0,"parent":0,"menu_order":0,"comment_status":"closed","ping_status":"closed","template":"","meta":{"_bbp_topic_count":0,"_bbp_reply_count":0,"_bbp_total_topic_count":0,"_bbp_total_reply_count":0,"_bbp_voice_count":0,"_bbp_anonymous_reply_count":0,"_bbp_topic_count_hidden":0,"_bbp_reply_count_hidden":0,"_bbp_forum_subforum_count":0,"footnotes":""},"class_list":["post-195","page","type-page","status-publish","hentry"],"post_mailing_queue_ids":[],"_links":{"self":[{"href":"https:\/\/agora.xtec.cat\/insmacanet\/wp-json\/wp\/v2\/pages\/195","targetHints":{"allow":["GET"]}}],"collection":[{"href":"https:\/\/agora.xtec.cat\/insmacanet\/wp-json\/wp\/v2\/pages"}],"about":[{"href":"https:\/\/agora.xtec.cat\/insmacanet\/wp-json\/wp\/v2\/types\/page"}],"author":[{"embeddable":true,"href":"https:\/\/agora.xtec.cat\/insmacanet\/wp-json\/wp\/v2\/users\/1"}],"replies":[{"embeddable":true,"href":"https:\/\/agora.xtec.cat\/insmacanet\/wp-json\/wp\/v2\/comments?post=195"}],"version-history":[{"count":4,"href":"https:\/\/agora.xtec.cat\/insmacanet\/wp-json\/wp\/v2\/pages\/195\/revisions"}],"predecessor-version":[{"id":705,"href":"https:\/\/agora.xtec.cat\/insmacanet\/wp-json\/wp\/v2\/pages\/195\/revisions\/705"}],"wp:attachment":[{"href":"https:\/\/agora.xtec.cat\/insmacanet\/wp-json\/wp\/v2\/media?parent=195"}],"curies":[{"name":"wp","href":"https:\/\/api.w.org\/{rel}","templated":true}]}}