{"id":15305,"date":"2026-03-25T20:56:50","date_gmt":"2026-03-25T19:56:50","guid":{"rendered":"https:\/\/agora.xtec.cat\/insmacanet\/?page_id=15305"},"modified":"2026-03-25T21:00:34","modified_gmt":"2026-03-25T20:00:34","slug":"pcee-pla-catala-desport-a-lescola-2","status":"publish","type":"page","link":"https:\/\/agora.xtec.cat\/insmacanet\/pcee-pla-catala-desport-a-lescola-2\/","title":{"rendered":"PCEE &#8220;Pla Catal\u00e0 d&#8217;Esport a l&#8217;Escola&#8221;"},"content":{"rendered":"<p>Aquest programa est\u00e0 regulat pel Departament d&#8217;Esports i el departament d&#8217;Educaci\u00f3 i Formaci\u00f3 Professional, s&#8217;adre\u00e7a a tots els centres educatius de Catalunya i t\u00e9 com a destinataris principals l&#8217;alumnat de prim\u00e0ria i secund\u00e0ria. Aquest programa est\u00e0 regulat segons la\u00a0<a href=\"https:\/\/dogc.gencat.cat\/ca\/document-del-dogc\/?documentId=910941\" target=\"_blank\" rel=\"noopener\" data-saferedirecturl=\"https:\/\/www.google.com\/url?q=https:\/\/dogc.gencat.cat\/ca\/document-del-dogc\/?documentId%3D910941&amp;source=gmail&amp;ust=1774554598101000&amp;usg=AOvVaw1bwus9963Ez5trJWdjGe0E\">RESOLUCI\u00d3 PRE\/2862\/2021, de 17 de setembre<\/a>.<\/p>\n<p>Els objectius principals s\u00f3n els seg\u00fcents:<\/p>\n<ul>\n<li>Incrementar la pr\u00e0ctica regular d&#8217;activitat f\u00edsica i esportiva en horari no lectiu.<\/li>\n<li>Facilitar l&#8217;acc\u00e9s a la pr\u00e0ctica esportiva escolar a tota la comunitat educativa, aix\u00ed com la col\u00b7laboraci\u00f3 en la seva dinamitzaci\u00f3.<\/li>\n<li>Fomentar l\u2019adquisici\u00f3 d\u2019h\u00e0bits saludables que contribueixin a la millora del benestar personal i social.<\/li>\n<li>Contribuir mitjan\u00e7ant la pr\u00e0ctica esportiva a l\u2019educaci\u00f3 en valors i fomentar la participaci\u00f3 per sobre de la competici\u00f3.<\/li>\n<\/ul>\n<p>L&#8217;Institut de Ma\u00e7anet de la Selva, en col\u00b7laboraci\u00f3 amb el Consell Esportiu de la Selva i gr\u00e0cies a les subvencions del Pla Catal\u00e0 de l&#8217;Esport a l&#8217;Escola (PCEE), organitza una activitat extraescolar gratu\u00efta de patinets (scooters) i skate a l&#8217;SkatePark de Ma\u00e7anet de la Selva.<\/p>\n<p>Detalls de l&#8217;activitat:<\/p>\n<ul>\n<li>Dia i horari: Cada dimecres, en dues hores lectives.<\/li>\n<li>Primera hora: Ensenyament b\u00e0sic dirigit als alumnes m\u00e9s novells per dominar el patinet i el skate.<\/li>\n<li>Segona hora: Assessorament per perfeccionar t\u00e8cniques i aprenentatge de nous moviments per als alumnes m\u00e9s avan\u00e7ats.<\/li>\n<li>Durada: Des de la convocat\u00f2ria fins al juny, coincidint amb la finalitzaci\u00f3 del curs escolar.<\/li>\n<li>Monitoratge: Comptem amb un monitor especialitzat per garantir la seguretat i la qualitat de l&#8217;activitat.<\/li>\n<\/ul>\n<p>Aquesta iniciativa promou l&#8217;activitat f\u00edsica i l&#8217;esport entre l&#8217;alumnat. Per a m\u00e9s informaci\u00f3 o inscripcions, contacteu amb la secretaria de l&#8217;institut.<\/p>\n","protected":false},"excerpt":{"rendered":"<p>Aquest programa est\u00e0 regulat pel Departament d&#8217;Esports i el departament d&#8217;Educaci\u00f3 i Formaci\u00f3 Professional, s&#8217;adre\u00e7a a tots els centres educatius de Catalunya i t\u00e9 com a destinataris principals l&#8217;alumnat de prim\u00e0ria i secund\u00e0ria. Aquest programa est\u00e0 regulat segons la\u00a0<a href=\"https:\/\/dogc.gencat.cat\/ca\/document-del-dogc\/?documentId=910941\" target=\"_blank\" rel=\"noopener\" data-saferedirecturl=\"https:\/\/www.google.com\/url?q=https:\/\/dogc.gencat.cat\/ca\/document-del-dogc\/?documentId%3D910941&amp;source=gmail&amp;ust=1774554598101000&amp;usg=AOvVaw1bwus9963Ez5trJWdjGe0E\">RESOLUCI\u00d3 PRE\/2862\/2021, de&hellip;  <a href=\"https:\/\/agora.xtec.cat\/insmacanet\/pcee-pla-catala-desport-a-lescola-2\/\" title=\"Read PCEE &#8220;Pla Catal\u00e0 d&#8217;Esport a l&#8217;Escola&#8221;\">Llegeix m\u00e9s\u00bb<\/a><\/p>\n","protected":false},"author":1,"featured_media":0,"parent":0,"menu_order":0,"comment_status":"closed","ping_status":"closed","template":"","meta":{"_bbp_topic_count":0,"_bbp_reply_count":0,"_bbp_total_topic_count":0,"_bbp_total_reply_count":0,"_bbp_voice_count":0,"_bbp_anonymous_reply_count":0,"_bbp_topic_count_hidden":0,"_bbp_reply_count_hidden":0,"_bbp_forum_subforum_count":0,"footnotes":""},"class_list":["post-15305","page","type-page","status-publish","hentry"],"post_mailing_queue_ids":[],"_links":{"self":[{"href":"https:\/\/agora.xtec.cat\/insmacanet\/wp-json\/wp\/v2\/pages\/15305","targetHints":{"allow":["GET"]}}],"collection":[{"href":"https:\/\/agora.xtec.cat\/insmacanet\/wp-json\/wp\/v2\/pages"}],"about":[{"href":"https:\/\/agora.xtec.cat\/insmacanet\/wp-json\/wp\/v2\/types\/page"}],"author":[{"embeddable":true,"href":"https:\/\/agora.xtec.cat\/insmacanet\/wp-json\/wp\/v2\/users\/1"}],"replies":[{"embeddable":true,"href":"https:\/\/agora.xtec.cat\/insmacanet\/wp-json\/wp\/v2\/comments?post=15305"}],"version-history":[{"count":2,"href":"https:\/\/agora.xtec.cat\/insmacanet\/wp-json\/wp\/v2\/pages\/15305\/revisions"}],"predecessor-version":[{"id":15313,"href":"https:\/\/agora.xtec.cat\/insmacanet\/wp-json\/wp\/v2\/pages\/15305\/revisions\/15313"}],"wp:attachment":[{"href":"https:\/\/agora.xtec.cat\/insmacanet\/wp-json\/wp\/v2\/media?parent=15305"}],"curies":[{"name":"wp","href":"https:\/\/api.w.org\/{rel}","templated":true}]}}