{"id":14803,"date":"2025-11-04T11:53:28","date_gmt":"2025-11-04T10:53:28","guid":{"rendered":"https:\/\/agora.xtec.cat\/insmacanet\/?page_id=14803"},"modified":"2025-11-18T10:55:41","modified_gmt":"2025-11-18T09:55:41","slug":"mupfs-centre-formador-destudiants-en-practiques","status":"publish","type":"page","link":"https:\/\/agora.xtec.cat\/insmacanet\/mupfs-centre-formador-destudiants-en-practiques\/","title":{"rendered":"MUPFS Centre formador d&#8217;estudiants en pr\u00e0ctiques"},"content":{"rendered":"<div class=\"gmail_default\">\n<div class=\"gmail_default\">\n<p data-pm-slice=\"1 1 []\">Des del curs 2020-2021,\u00a0i impulsat per un acord del Claustre de Professorat,\u00a0 l\u2019Institut Ma\u00e7anet de la Selva forma part dels centres formadors de refer\u00e8ncia del Departament d\u2019Educaci\u00f3, en el marc del\u00a0\u00a0Programa d\u2019innovaci\u00f3 PINN MUFPS\u00a0.<\/p>\n<p>El nostre centre s\u2019ofereix per rebre i tutoritzar estudiants universitaris en pr\u00e0ctiques, incorporant-los en la vida di\u00e0ria del centre, amb l\u2019objectiu que rebin formaci\u00f3 professionalitzadora en l\u2019entorn real de centre i aula. L&#8217;aplicaci\u00f3 d&#8217;aquest programa requereix una coordinaci\u00f3 estreta amb les universitats i l\u2019establiment d\u2019un pla de treball que guia l\u2019acompanyament d\u2019aquests estudiants en pr\u00e0ctiques al llarg de la seva estada al centre.<\/p>\n<p>Des de l&#8217;inici del programa, ja han passat pel nostre centre m\u00e9s de 20 estudiants en pr\u00e0ctiques. El pr\u00e0cticum esdev\u00e9 un per\u00edode molt enriquidor per l&#8217;estudiant en el qual les viv\u00e8ncies i experi\u00e8ncies van acompanyades d&#8217;an\u00e0lisi i reflexi\u00f3 guiada pels seus mentors.<\/p>\n<p><span style=\"font-family: tahoma, sans-serif; font-size: large;\"> <a href=\"https:\/\/agora.xtec.cat\/insmacanet\/wp-content\/uploads\/usu335\/2025\/11\/unnamed-1.jpg\"><img loading=\"lazy\" decoding=\"async\" class=\"aligncenter  wp-image-14987\" src=\"https:\/\/agora.xtec.cat\/insmacanet\/wp-content\/uploads\/usu335\/2025\/11\/unnamed-1-1024x1024.jpg\" alt=\"\" width=\"348\" height=\"348\" srcset=\"https:\/\/agora.xtec.cat\/insmacanet\/wp-content\/uploads\/usu335\/2025\/11\/unnamed-1-1024x1024.jpg 1024w, https:\/\/agora.xtec.cat\/insmacanet\/wp-content\/uploads\/usu335\/2025\/11\/unnamed-1-300x300.jpg 300w, https:\/\/agora.xtec.cat\/insmacanet\/wp-content\/uploads\/usu335\/2025\/11\/unnamed-1-150x150.jpg 150w, https:\/\/agora.xtec.cat\/insmacanet\/wp-content\/uploads\/usu335\/2025\/11\/unnamed-1-768x768.jpg 768w, https:\/\/agora.xtec.cat\/insmacanet\/wp-content\/uploads\/usu335\/2025\/11\/unnamed-1.jpg 1280w\" sizes=\"auto, (max-width: 348px) 100vw, 348px\" \/><\/a><\/span><\/p>\n<\/div>\n<\/div>\n","protected":false},"excerpt":{"rendered":"<p>Des del curs 2020-2021,\u00a0i impulsat per un acord del Claustre de Professorat,\u00a0 l\u2019Institut Ma\u00e7anet de la Selva forma part dels centres formadors de refer\u00e8ncia del Departament d\u2019Educaci\u00f3, en el marc del\u00a0\u00a0Programa d\u2019innovaci\u00f3 PINN MUFPS\u00a0.<br \/>\nEl nostre centre s\u2019ofereix per rebre i tutoritzar estudiants universitaris en pr\u00e0ctiques,&hellip;  <a href=\"https:\/\/agora.xtec.cat\/insmacanet\/mupfs-centre-formador-destudiants-en-practiques\/\" title=\"Read MUPFS Centre formador d&#8217;estudiants en pr\u00e0ctiques\">Llegeix m\u00e9s\u00bb<\/a><\/p>\n","protected":false},"author":1,"featured_media":0,"parent":0,"menu_order":0,"comment_status":"closed","ping_status":"closed","template":"","meta":{"_bbp_topic_count":0,"_bbp_reply_count":0,"_bbp_total_topic_count":0,"_bbp_total_reply_count":0,"_bbp_voice_count":0,"_bbp_anonymous_reply_count":0,"_bbp_topic_count_hidden":0,"_bbp_reply_count_hidden":0,"_bbp_forum_subforum_count":0,"footnotes":""},"class_list":["post-14803","page","type-page","status-publish","hentry"],"post_mailing_queue_ids":[],"_links":{"self":[{"href":"https:\/\/agora.xtec.cat\/insmacanet\/wp-json\/wp\/v2\/pages\/14803","targetHints":{"allow":["GET"]}}],"collection":[{"href":"https:\/\/agora.xtec.cat\/insmacanet\/wp-json\/wp\/v2\/pages"}],"about":[{"href":"https:\/\/agora.xtec.cat\/insmacanet\/wp-json\/wp\/v2\/types\/page"}],"author":[{"embeddable":true,"href":"https:\/\/agora.xtec.cat\/insmacanet\/wp-json\/wp\/v2\/users\/1"}],"replies":[{"embeddable":true,"href":"https:\/\/agora.xtec.cat\/insmacanet\/wp-json\/wp\/v2\/comments?post=14803"}],"version-history":[{"count":5,"href":"https:\/\/agora.xtec.cat\/insmacanet\/wp-json\/wp\/v2\/pages\/14803\/revisions"}],"predecessor-version":[{"id":14988,"href":"https:\/\/agora.xtec.cat\/insmacanet\/wp-json\/wp\/v2\/pages\/14803\/revisions\/14988"}],"wp:attachment":[{"href":"https:\/\/agora.xtec.cat\/insmacanet\/wp-json\/wp\/v2\/media?parent=14803"}],"curies":[{"name":"wp","href":"https:\/\/api.w.org\/{rel}","templated":true}]}}