{"id":12703,"date":"2023-04-21T18:26:36","date_gmt":"2023-04-21T16:26:36","guid":{"rendered":"https:\/\/agora.xtec.cat\/insmacanet\/?page_id=12703"},"modified":"2023-04-21T18:30:42","modified_gmt":"2023-04-21T16:30:42","slug":"imports-daportacions-voluntaries","status":"publish","type":"page","link":"https:\/\/agora.xtec.cat\/insmacanet\/imports-daportacions-voluntaries\/","title":{"rendered":"Imports d&#8217;aportacions volunt\u00e0ries"},"content":{"rendered":"<p>Seguint la Llei 19\/2014, de 29 de desembre, de transpar\u00e8ncia, acc\u00e9s a la informaci\u00f3 p\u00fablica i bon govern, publiquem els imports de les aportacions volunt\u00e0ries del nostre centre d\u2019aquest curs 2022\/23.<\/p>\n<p><a href=\"https:\/\/drive.google.com\/file\/d\/1xfY8bCa1x0w4C9XCs7zMufIrjviXp-rP\/view?usp=sharing\">Aportacions volunt\u00e0ries de 1r a 3r.<\/a><\/p>\n<p><a href=\"https:\/\/drive.google.com\/file\/d\/1OP-mQbT4d2sOnIz-zljpD7QeyZsNiBlE\/view?usp=sharing\">Aportacions volunt\u00e0ries de 4t.<\/a><\/p>\n","protected":false},"excerpt":{"rendered":"<p>Seguint la Llei 19\/2014, de 29 de desembre, de transpar\u00e8ncia, acc\u00e9s a la informaci\u00f3 p\u00fablica i bon govern, publiquem els imports de les aportacions volunt\u00e0ries del nostre centre d\u2019aquest curs 2022\/23.<br \/>\n<a href=\"https:\/\/drive.google.com\/file\/d\/1xfY8bCa1x0w4C9XCs7zMufIrjviXp-rP\/view?usp=sharing\">Aportacions volunt\u00e0ries de 1r a 3r.<\/a><br \/>\n<a href=\"https:\/\/drive.google.com\/file\/d\/1OP-mQbT4d2sOnIz-zljpD7QeyZsNiBlE\/view?usp=sharing\">Aportacions volunt\u00e0ries de 4t.<\/a><\/p>\n","protected":false},"author":1,"featured_media":0,"parent":0,"menu_order":0,"comment_status":"closed","ping_status":"closed","template":"","meta":{"_bbp_topic_count":0,"_bbp_reply_count":0,"_bbp_total_topic_count":0,"_bbp_total_reply_count":0,"_bbp_voice_count":0,"_bbp_anonymous_reply_count":0,"_bbp_topic_count_hidden":0,"_bbp_reply_count_hidden":0,"_bbp_forum_subforum_count":0,"footnotes":""},"class_list":["post-12703","page","type-page","status-publish","hentry"],"post_mailing_queue_ids":[],"_links":{"self":[{"href":"https:\/\/agora.xtec.cat\/insmacanet\/wp-json\/wp\/v2\/pages\/12703","targetHints":{"allow":["GET"]}}],"collection":[{"href":"https:\/\/agora.xtec.cat\/insmacanet\/wp-json\/wp\/v2\/pages"}],"about":[{"href":"https:\/\/agora.xtec.cat\/insmacanet\/wp-json\/wp\/v2\/types\/page"}],"author":[{"embeddable":true,"href":"https:\/\/agora.xtec.cat\/insmacanet\/wp-json\/wp\/v2\/users\/1"}],"replies":[{"embeddable":true,"href":"https:\/\/agora.xtec.cat\/insmacanet\/wp-json\/wp\/v2\/comments?post=12703"}],"version-history":[{"count":1,"href":"https:\/\/agora.xtec.cat\/insmacanet\/wp-json\/wp\/v2\/pages\/12703\/revisions"}],"predecessor-version":[{"id":12708,"href":"https:\/\/agora.xtec.cat\/insmacanet\/wp-json\/wp\/v2\/pages\/12703\/revisions\/12708"}],"wp:attachment":[{"href":"https:\/\/agora.xtec.cat\/insmacanet\/wp-json\/wp\/v2\/media?parent=12703"}],"curies":[{"name":"wp","href":"https:\/\/api.w.org\/{rel}","templated":true}]}}