{"id":12693,"date":"2023-04-21T18:18:18","date_gmt":"2023-04-21T16:18:18","guid":{"rendered":"https:\/\/agora.xtec.cat\/insmacanet\/?page_id=12693"},"modified":"2023-04-21T18:18:18","modified_gmt":"2023-04-21T16:18:18","slug":"relacio-de-convenis-vigents","status":"publish","type":"page","link":"https:\/\/agora.xtec.cat\/insmacanet\/relacio-de-convenis-vigents\/","title":{"rendered":"Relaci\u00f3 de convenis vigents"},"content":{"rendered":"<p>Seguint les instruccions del Departament d&#8217;Educaci\u00f3 i de la Generalitat de Catalunya en compliment del decret sobre transpar\u00e8ncia de les administracions p\u00fabliques, es posa a disposici\u00f3 la relaci\u00f3 de convenis vigents de l&#8217;Institut de Ma\u00e7anet de la Selva.<\/p>\n","protected":false},"excerpt":{"rendered":"<p>Seguint les instruccions del Departament d&#8217;Educaci\u00f3 i de la Generalitat de Catalunya en compliment del decret sobre transpar\u00e8ncia de les administracions p\u00fabliques, es posa a disposici\u00f3 la relaci\u00f3 de convenis vigents de l&#8217;Institut de Ma\u00e7anet de la Selva.<\/p>\n","protected":false},"author":1,"featured_media":0,"parent":0,"menu_order":0,"comment_status":"closed","ping_status":"closed","template":"","meta":{"_bbp_topic_count":0,"_bbp_reply_count":0,"_bbp_total_topic_count":0,"_bbp_total_reply_count":0,"_bbp_voice_count":0,"_bbp_anonymous_reply_count":0,"_bbp_topic_count_hidden":0,"_bbp_reply_count_hidden":0,"_bbp_forum_subforum_count":0,"footnotes":""},"class_list":["post-12693","page","type-page","status-publish","hentry"],"post_mailing_queue_ids":[],"_links":{"self":[{"href":"https:\/\/agora.xtec.cat\/insmacanet\/wp-json\/wp\/v2\/pages\/12693","targetHints":{"allow":["GET"]}}],"collection":[{"href":"https:\/\/agora.xtec.cat\/insmacanet\/wp-json\/wp\/v2\/pages"}],"about":[{"href":"https:\/\/agora.xtec.cat\/insmacanet\/wp-json\/wp\/v2\/types\/page"}],"author":[{"embeddable":true,"href":"https:\/\/agora.xtec.cat\/insmacanet\/wp-json\/wp\/v2\/users\/1"}],"replies":[{"embeddable":true,"href":"https:\/\/agora.xtec.cat\/insmacanet\/wp-json\/wp\/v2\/comments?post=12693"}],"version-history":[{"count":1,"href":"https:\/\/agora.xtec.cat\/insmacanet\/wp-json\/wp\/v2\/pages\/12693\/revisions"}],"predecessor-version":[{"id":12698,"href":"https:\/\/agora.xtec.cat\/insmacanet\/wp-json\/wp\/v2\/pages\/12693\/revisions\/12698"}],"wp:attachment":[{"href":"https:\/\/agora.xtec.cat\/insmacanet\/wp-json\/wp\/v2\/media?parent=12693"}],"curies":[{"name":"wp","href":"https:\/\/api.w.org\/{rel}","templated":true}]}}