{"id":12676,"date":"2023-04-21T18:16:13","date_gmt":"2023-04-21T16:16:13","guid":{"rendered":"https:\/\/agora.xtec.cat\/insmacanet\/?page_id=12676"},"modified":"2025-07-10T09:41:30","modified_gmt":"2025-07-10T07:41:30","slug":"acords-del-consell-escolar","status":"publish","type":"page","link":"https:\/\/agora.xtec.cat\/insmacanet\/acords-del-consell-escolar\/","title":{"rendered":"Acords del consell Escolar"},"content":{"rendered":"<p>Seguint les instruccions del Departament d&#8217;Educaci\u00f3 i de la Generalitat de Catalunya en compliment del decret sobre transpar\u00e8ncia de les administracions p\u00fabliques, es posa a disposici\u00f3 els acords aprovats pel Consell Escolar de l&#8217;Institut de Ma\u00e7anet de la Selva.<\/p>\n<p><a href=\"https:\/\/drive.google.com\/file\/d\/1SZsP1xnw2rs9l57wOQSUkYRRCRh-469y\/view?usp=sharing\">Acords del Consell Escolar de l&#8217;Institut de Ma\u00e7anet de la Selva curs 2024-2025.<\/a><\/p>\n<p><a href=\"https:\/\/drive.google.com\/file\/d\/146YFCOcg31ZKxBS16Ux8VjRAirwJIEB2\/view?usp=sharing\">Acords del Consell Escolar de l&#8217;Institut de Ma\u00e7anet de la Selva curs 2023-2024<\/a><\/p>\n","protected":false},"excerpt":{"rendered":"<p>Seguint les instruccions del Departament d&#8217;Educaci\u00f3 i de la Generalitat de Catalunya en compliment del decret sobre transpar\u00e8ncia de les administracions p\u00fabliques, es posa a disposici\u00f3 els acords aprovats pel Consell Escolar de l&#8217;Institut de Ma\u00e7anet de la Selva.<br \/>\n<a href=\"https:\/\/drive.google.com\/file\/d\/1SZsP1xnw2rs9l57wOQSUkYRRCRh-469y\/view?usp=sharing\">Acords del Consell Escolar de l&#8217;Institut&hellip;  <a href=\"https:\/\/agora.xtec.cat\/insmacanet\/acords-del-consell-escolar\/\" title=\"Read Acords del consell Escolar\">Llegeix m\u00e9s\u00bb<\/a><\/p>\n","protected":false},"author":1,"featured_media":0,"parent":0,"menu_order":0,"comment_status":"closed","ping_status":"closed","template":"","meta":{"_bbp_topic_count":0,"_bbp_reply_count":0,"_bbp_total_topic_count":0,"_bbp_total_reply_count":0,"_bbp_voice_count":0,"_bbp_anonymous_reply_count":0,"_bbp_topic_count_hidden":0,"_bbp_reply_count_hidden":0,"_bbp_forum_subforum_count":0,"footnotes":""},"class_list":["post-12676","page","type-page","status-publish","hentry"],"post_mailing_queue_ids":[],"_links":{"self":[{"href":"https:\/\/agora.xtec.cat\/insmacanet\/wp-json\/wp\/v2\/pages\/12676","targetHints":{"allow":["GET"]}}],"collection":[{"href":"https:\/\/agora.xtec.cat\/insmacanet\/wp-json\/wp\/v2\/pages"}],"about":[{"href":"https:\/\/agora.xtec.cat\/insmacanet\/wp-json\/wp\/v2\/types\/page"}],"author":[{"embeddable":true,"href":"https:\/\/agora.xtec.cat\/insmacanet\/wp-json\/wp\/v2\/users\/1"}],"replies":[{"embeddable":true,"href":"https:\/\/agora.xtec.cat\/insmacanet\/wp-json\/wp\/v2\/comments?post=12676"}],"version-history":[{"count":6,"href":"https:\/\/agora.xtec.cat\/insmacanet\/wp-json\/wp\/v2\/pages\/12676\/revisions"}],"predecessor-version":[{"id":14599,"href":"https:\/\/agora.xtec.cat\/insmacanet\/wp-json\/wp\/v2\/pages\/12676\/revisions\/14599"}],"wp:attachment":[{"href":"https:\/\/agora.xtec.cat\/insmacanet\/wp-json\/wp\/v2\/media?parent=12676"}],"curies":[{"name":"wp","href":"https:\/\/api.w.org\/{rel}","templated":true}]}}