{"id":12675,"date":"2023-04-21T18:16:11","date_gmt":"2023-04-21T16:16:11","guid":{"rendered":"https:\/\/agora.xtec.cat\/insmacanet\/?page_id=12675"},"modified":"2023-04-21T18:16:11","modified_gmt":"2023-04-21T16:16:11","slug":"pressupost","status":"publish","type":"page","link":"https:\/\/agora.xtec.cat\/insmacanet\/pressupost\/","title":{"rendered":"Pressupost"},"content":{"rendered":"<p>Seguint la Llei 19\/2014, de 29 de desembre, de transpar\u00e8ncia, acc\u00e9s a la informaci\u00f3 p\u00fablica i bon govern, publiquem el pressupost del nostre centre d\u2019aquest exercici 2022, que ha estat aprovat pel Consell Escolar del centre en data 30 de gener de 2022.<\/p>\n","protected":false},"excerpt":{"rendered":"<p>Seguint la Llei 19\/2014, de 29 de desembre, de transpar\u00e8ncia, acc\u00e9s a la informaci\u00f3 p\u00fablica i bon govern, publiquem el pressupost del nostre centre d\u2019aquest exercici 2022, que ha estat aprovat pel Consell Escolar del centre en data 30 de gener de 2022.<\/p>\n","protected":false},"author":1,"featured_media":0,"parent":0,"menu_order":0,"comment_status":"closed","ping_status":"closed","template":"","meta":{"_bbp_topic_count":0,"_bbp_reply_count":0,"_bbp_total_topic_count":0,"_bbp_total_reply_count":0,"_bbp_voice_count":0,"_bbp_anonymous_reply_count":0,"_bbp_topic_count_hidden":0,"_bbp_reply_count_hidden":0,"_bbp_forum_subforum_count":0,"footnotes":""},"class_list":["post-12675","page","type-page","status-publish","hentry"],"post_mailing_queue_ids":[],"_links":{"self":[{"href":"https:\/\/agora.xtec.cat\/insmacanet\/wp-json\/wp\/v2\/pages\/12675","targetHints":{"allow":["GET"]}}],"collection":[{"href":"https:\/\/agora.xtec.cat\/insmacanet\/wp-json\/wp\/v2\/pages"}],"about":[{"href":"https:\/\/agora.xtec.cat\/insmacanet\/wp-json\/wp\/v2\/types\/page"}],"author":[{"embeddable":true,"href":"https:\/\/agora.xtec.cat\/insmacanet\/wp-json\/wp\/v2\/users\/1"}],"replies":[{"embeddable":true,"href":"https:\/\/agora.xtec.cat\/insmacanet\/wp-json\/wp\/v2\/comments?post=12675"}],"version-history":[{"count":2,"href":"https:\/\/agora.xtec.cat\/insmacanet\/wp-json\/wp\/v2\/pages\/12675\/revisions"}],"predecessor-version":[{"id":12709,"href":"https:\/\/agora.xtec.cat\/insmacanet\/wp-json\/wp\/v2\/pages\/12675\/revisions\/12709"}],"wp:attachment":[{"href":"https:\/\/agora.xtec.cat\/insmacanet\/wp-json\/wp\/v2\/media?parent=12675"}],"curies":[{"name":"wp","href":"https:\/\/api.w.org\/{rel}","templated":true}]}}