{"id":11722,"date":"2021-10-29T12:36:00","date_gmt":"2021-10-29T10:36:00","guid":{"rendered":"https:\/\/agora.xtec.cat\/insmacanet\/?page_id=11722"},"modified":"2021-10-29T12:54:37","modified_gmt":"2021-10-29T10:54:37","slug":"transparencia","status":"publish","type":"page","link":"https:\/\/agora.xtec.cat\/insmacanet\/transparencia\/","title":{"rendered":"Transpar\u00e8ncia"},"content":{"rendered":"<p>La <strong><a title=\"Aneu a la Llei\" href=\"http:\/\/portaldogc.gencat.cat\/utilsEADOP\/PDF\/6780\/1395384.pdf\" target=\"_blank\" rel=\"noopener\">Llei 19\/2014,<\/a> de 29 de desembre<\/strong> <strong>de transpar\u00e8ncia, acc\u00e9s a la informaci\u00f3 p\u00fablica i bon govern<\/strong>, neix de la necessitat de regular a nivell auton\u00f2mic conceptes b\u00e0sics com s\u00f3n la transpar\u00e8ncia, l\u2019acc\u00e9s a la informaci\u00f3, el bon govern i el govern obert per poder parlar d\u2019una administraci\u00f3 que d\u00f3na compliment al principi de legalitat i de qualitat en els seves actuacions.<\/p>\n","protected":false},"excerpt":{"rendered":"<p>La <a title=\"Aneu a la Llei\" href=\"http:\/\/portaldogc.gencat.cat\/utilsEADOP\/PDF\/6780\/1395384.pdf\" target=\"_blank\" rel=\"noopener\">Llei 19\/2014,<\/a> de 29 de desembre de transpar\u00e8ncia, acc\u00e9s a la informaci\u00f3 p\u00fablica i bon govern, neix de la necessitat de regular a nivell auton\u00f2mic conceptes b\u00e0sics com s\u00f3n la transpar\u00e8ncia, l\u2019acc\u00e9s a la informaci\u00f3, el bon&hellip;  <a href=\"https:\/\/agora.xtec.cat\/insmacanet\/transparencia\/\" title=\"Read Transpar\u00e8ncia\">Llegeix m\u00e9s\u00bb<\/a><\/p>\n","protected":false},"author":1,"featured_media":0,"parent":0,"menu_order":0,"comment_status":"closed","ping_status":"closed","template":"","meta":{"_bbp_topic_count":0,"_bbp_reply_count":0,"_bbp_total_topic_count":0,"_bbp_total_reply_count":0,"_bbp_voice_count":0,"_bbp_anonymous_reply_count":0,"_bbp_topic_count_hidden":0,"_bbp_reply_count_hidden":0,"_bbp_forum_subforum_count":0,"footnotes":""},"class_list":["post-11722","page","type-page","status-publish","hentry"],"post_mailing_queue_ids":[],"_links":{"self":[{"href":"https:\/\/agora.xtec.cat\/insmacanet\/wp-json\/wp\/v2\/pages\/11722","targetHints":{"allow":["GET"]}}],"collection":[{"href":"https:\/\/agora.xtec.cat\/insmacanet\/wp-json\/wp\/v2\/pages"}],"about":[{"href":"https:\/\/agora.xtec.cat\/insmacanet\/wp-json\/wp\/v2\/types\/page"}],"author":[{"embeddable":true,"href":"https:\/\/agora.xtec.cat\/insmacanet\/wp-json\/wp\/v2\/users\/1"}],"replies":[{"embeddable":true,"href":"https:\/\/agora.xtec.cat\/insmacanet\/wp-json\/wp\/v2\/comments?post=11722"}],"version-history":[{"count":3,"href":"https:\/\/agora.xtec.cat\/insmacanet\/wp-json\/wp\/v2\/pages\/11722\/revisions"}],"predecessor-version":[{"id":11731,"href":"https:\/\/agora.xtec.cat\/insmacanet\/wp-json\/wp\/v2\/pages\/11722\/revisions\/11731"}],"wp:attachment":[{"href":"https:\/\/agora.xtec.cat\/insmacanet\/wp-json\/wp\/v2\/media?parent=11722"}],"curies":[{"name":"wp","href":"https:\/\/api.w.org\/{rel}","templated":true}]}}