{"id":11716,"date":"2021-10-29T12:35:37","date_gmt":"2021-10-29T10:35:37","guid":{"rendered":"https:\/\/agora.xtec.cat\/insmacanet\/?page_id=11716"},"modified":"2024-09-10T18:13:17","modified_gmt":"2024-09-10T16:13:17","slug":"carta-de-compromis","status":"publish","type":"page","link":"https:\/\/agora.xtec.cat\/insmacanet\/carta-de-compromis\/","title":{"rendered":"Carta de comprom\u00eds"},"content":{"rendered":"<p><strong>Qu\u00e8 \u00e9s el carta de comprom\u00eds?<\/strong><\/p>\n<div>La carta de comprom\u00eds educatiu \u00e9s un document que situa, facilita i afavoreix la cooperaci\u00f3 entre les<\/div>\n<div>accions educatives de les fam\u00edlies i la del centre educatiu.<\/div>\n<div><\/div>\n<p>&nbsp;<\/p>\n<p><a href=\"https:\/\/agora.xtec.cat\/insmacanet\/wp-content\/uploads\/usu335\/2024\/09\/Carta-compromis.docx.pdf\">Carta comprom\u00eds<\/a><\/p>\n<p>&nbsp;<\/p>\n","protected":false},"excerpt":{"rendered":"<p>Qu\u00e8 \u00e9s el carta de comprom\u00eds?<br \/>\nLa carta de comprom\u00eds educatiu \u00e9s un document que situa, facilita i afavoreix la cooperaci\u00f3 entre les<br \/>\naccions educatives de les fam\u00edlies i la del centre educatiu.<\/p>\n<p>&nbsp;<br \/>\n<a href=\"https:\/\/agora.xtec.cat\/insmacanet\/wp-content\/uploads\/usu335\/2024\/09\/Carta-compromis.docx.pdf\">Carta comprom\u00eds<\/a><br \/>\n&nbsp;<\/p>\n","protected":false},"author":1,"featured_media":0,"parent":0,"menu_order":0,"comment_status":"closed","ping_status":"closed","template":"","meta":{"_bbp_topic_count":0,"_bbp_reply_count":0,"_bbp_total_topic_count":0,"_bbp_total_reply_count":0,"_bbp_voice_count":0,"_bbp_anonymous_reply_count":0,"_bbp_topic_count_hidden":0,"_bbp_reply_count_hidden":0,"_bbp_forum_subforum_count":0,"footnotes":""},"class_list":["post-11716","page","type-page","status-publish","hentry"],"post_mailing_queue_ids":[],"_links":{"self":[{"href":"https:\/\/agora.xtec.cat\/insmacanet\/wp-json\/wp\/v2\/pages\/11716","targetHints":{"allow":["GET"]}}],"collection":[{"href":"https:\/\/agora.xtec.cat\/insmacanet\/wp-json\/wp\/v2\/pages"}],"about":[{"href":"https:\/\/agora.xtec.cat\/insmacanet\/wp-json\/wp\/v2\/types\/page"}],"author":[{"embeddable":true,"href":"https:\/\/agora.xtec.cat\/insmacanet\/wp-json\/wp\/v2\/users\/1"}],"replies":[{"embeddable":true,"href":"https:\/\/agora.xtec.cat\/insmacanet\/wp-json\/wp\/v2\/comments?post=11716"}],"version-history":[{"count":2,"href":"https:\/\/agora.xtec.cat\/insmacanet\/wp-json\/wp\/v2\/pages\/11716\/revisions"}],"predecessor-version":[{"id":13648,"href":"https:\/\/agora.xtec.cat\/insmacanet\/wp-json\/wp\/v2\/pages\/11716\/revisions\/13648"}],"wp:attachment":[{"href":"https:\/\/agora.xtec.cat\/insmacanet\/wp-json\/wp\/v2\/media?parent=11716"}],"curies":[{"name":"wp","href":"https:\/\/api.w.org\/{rel}","templated":true}]}}