{"id":81,"date":"2014-09-18T10:38:05","date_gmt":"2014-09-18T10:38:05","guid":{"rendered":"http:\/\/agora.xtec.cat\/inslopladurgell-bellpuig\/?page_id=81"},"modified":"2026-04-07T14:11:33","modified_gmt":"2026-04-07T12:11:33","slug":"secretaria","status":"publish","type":"page","link":"https:\/\/agora.xtec.cat\/inslopladurgell-bellpuig\/secretaria\/","title":{"rendered":"Secretaria"},"content":{"rendered":"<div>\n<p><strong>Horari d\u2019atenci\u00f3 al p\u00fablic:<\/strong><\/p>\n<ul>\n<li>Matins lectius i juliol: 8:15 \u2013 13:30 h<\/li>\n<\/ul>\n<p><strong>Contacte:<\/strong><\/p>\n<ul>\n<li>Tel\u00e8fon: 973 32 00 83<\/li>\n<li>Correu electr\u00f2nic:\u00a0<a href=\"mailto:secretaria@institutlopladurgell-bellpuig.cat\" target=\"_blank\" rel=\"noopener\">secretaria@<wbr \/>institutlopladurgell-bellpuig.<wbr \/>cat<\/a><\/li>\n<\/ul>\n<p><strong>Equip d&#8217;administratives:<\/strong><\/p>\n<ul>\n<li>Imma Bori<\/li>\n<li>S\u00f2nia Roig<\/li>\n<\/ul>\n<div><b>T<span style=\"color: #000000;\">R\u00c0MITS\u00a0<\/span><\/b><\/div>\n<div><\/div>\n<div>\n<p><span style=\"color: #000000;\">El proc\u00e9s de\u00a0<strong>preinscripci\u00f3 i matr\u00edcula<\/strong>\u00a0aix\u00ed com el calendari estan establerts pel Departament\u00a0d\u2019Educaci\u00f3\u00a0i s\u00f3n comuns per a tots els centres sufragats amb fons p\u00fablic. Trobareu tota la informaci\u00f3 actualitzada a la p\u00e0gina del\u00a0<span style=\"color: #333399;\"><em><a style=\"color: #333399;\" href=\"https:\/\/preinscripcio.gencat.cat\/ca\/inici\" target=\"_blank\" rel=\"noopener\" data-saferedirecturl=\"https:\/\/www.google.com\/url?q=https:\/\/preinscripcio.gencat.cat\/ca\/inici&amp;source=gmail&amp;ust=1739432163703000&amp;usg=AOvVaw3UdmpBti6QQwOVoYe4Cc_N\">Departament d\u2019Educaci\u00f3 \ud83d\udd17<\/a>.\u00a0<\/em><\/span><\/span><\/p>\n<h2><strong><span style=\"color: #000000; font-size: small;\">ESO<\/span><\/strong><\/h2>\n<ul>\n<li><span style=\"color: #333399;\"><em><a style=\"color: #333399;\" href=\"https:\/\/preinscripcio.gencat.cat\/ca\/estudis\/eso\/inici\/\" target=\"_blank\" rel=\"noopener\" data-saferedirecturl=\"https:\/\/www.google.com\/url?q=https:\/\/preinscripcio.gencat.cat\/ca\/estudis\/eso\/inici\/&amp;source=gmail&amp;ust=1739432163703000&amp;usg=AOvVaw2lyCSfum69ut6RkRc9XZOU\">INFORMACI\u00d3 GENERAL \ud83d\udd17<\/a><\/em><\/span><\/li>\n<li><span style=\"color: #333399;\"><em><a style=\"color: #333399;\" href=\"https:\/\/preinscripcio.gencat.cat\/ca\/estudis\/eso\/informat\/calendari\/\" target=\"_blank\" rel=\"noopener\" data-saferedirecturl=\"https:\/\/www.google.com\/url?q=https:\/\/preinscripcio.gencat.cat\/ca\/estudis\/eso\/informat\/calendari\/&amp;source=gmail&amp;ust=1739432163703000&amp;usg=AOvVaw2vvqX5WWSE_a8nT1wUfvB_\">CALENDARI \ud83d\udd17<\/a><\/em><\/span><\/li>\n<\/ul>\n<\/div>\n<h2><strong><span style=\"color: #000000; font-size: small;\">BATXILLERAT\u00a0<\/span><\/strong><\/h2>\n<ul>\n<li><span style=\"color: #333399;\"><em><a style=\"color: #333399;\" href=\"https:\/\/preinscripcio.gencat.cat\/ca\/estudis\/batxillerat\/inici\/\" target=\"_blank\" rel=\"noopener\" data-saferedirecturl=\"https:\/\/www.google.com\/url?q=https:\/\/preinscripcio.gencat.cat\/ca\/estudis\/batxillerat\/inici\/&amp;source=gmail&amp;ust=1739432163703000&amp;usg=AOvVaw21E3ufHhCDtUPB8cLDCgDS\">INFORMACI\u00d3 GENERAL <\/a><\/em><\/span><strong><a href=\"https:\/\/preinscripcio.gencat.cat\/ca\/estudis\/batxillerat\/inici\/\" target=\"_blank\" rel=\"noopener\" data-saferedirecturl=\"https:\/\/www.google.com\/url?q=https:\/\/preinscripcio.gencat.cat\/ca\/estudis\/batxillerat\/inici\/&amp;source=gmail&amp;ust=1739432163703000&amp;usg=AOvVaw21E3ufHhCDtUPB8cLDCgDS\"><span style=\"color: #000000;\">\ud83d\udd17<\/span><\/a><\/strong><\/li>\n<\/ul>\n<div><span style=\"color: #000000; font-family: Open Sans, Arial, Helvetica, sans-serif;\"><b>BEQUES<\/b><\/span><\/div>\n<\/div>\n<div>\n<ul>\n<li>\n<h5><em><span style=\"color: #333399;\"><a style=\"color: #333399;\" href=\"https:\/\/educacio.gencat.cat\/ca\/tramits\/tramits-temes\/247-beques-ministerio-postobligatoris\" target=\"_blank\" rel=\"noopener\" data-saferedirecturl=\"https:\/\/www.google.com\/url?q=https:\/\/educacio.gencat.cat\/ca\/tramits\/tramits-temes\/247-beques-ministerio-postobligatoris&amp;source=gmail&amp;ust=1739432163703000&amp;usg=AOvVaw1lWOOkjqFI6wYPoIxr2FrY\"><span style=\"font-size: small;\">Beques per a ensenyaments postobligatoris no universitaris \ud83d\udd17<\/span><\/a><\/span><\/em><\/h5>\n<\/li>\n<li>\n<h5><em><span style=\"color: #333399;\"><a style=\"color: #333399;\" href=\"https:\/\/educacio.gencat.cat\/ca\/tramits\/tramits-temes\/Ajuts-per-a-alumnes-amb-necessitat-especifica-de-suport-educatiu\" target=\"_blank\" rel=\"noopener\" data-saferedirecturl=\"https:\/\/www.google.com\/url?q=https:\/\/educacio.gencat.cat\/ca\/tramits\/tramits-temes\/Ajuts-per-a-alumnes-amb-necessitat-especifica-de-suport-educatiu&amp;source=gmail&amp;ust=1739432163703000&amp;usg=AOvVaw08gHVFv3Rgpf2asWnnTbeS\"><span style=\"font-size: small;\">Ajuts per a alumnes amb necessitat espec\u00edfica de suport educatiu \ud83d\udd17<\/span><\/a><\/span><\/em><\/h5>\n<\/li>\n<\/ul>\n<div><\/div>\n<\/div>\n<div><\/div>\n<div><\/div>\n<div><\/div>\n<div><\/div>\n<div><\/div>\n<div><\/div>\n<div><\/div>\n<div><\/div>\n<div><\/div>\n<div><\/div>\n<div><\/div>\n<div><\/div>\n<div><\/div>\n","protected":false},"excerpt":{"rendered":"<p>Horari d\u2019atenci\u00f3 al p\u00fablic:<\/p>\n<ul>\n<li>Matins lectius i juliol: 8:15 \u2013 13:30 h<\/li>\n<\/ul>\n<p>Contacte:<\/p>\n<ul>\n<li>Tel\u00e8fon: 973 32 00 83<\/li>\n<li>Correu electr\u00f2nic:\u00a0<a href=\"mailto:secretaria@institutlopladurgell-bellpuig.cat\" target=\"_blank\" rel=\"noopener\">secretaria@institutlopladurgell-bellpuig.cat<\/a><\/li>\n<\/ul>\n<p>Equip d&#8217;administratives:<\/p>\n<ul>\n<li>Imma Bori<\/li>\n<li>S\u00f2nia Roig<\/li>\n<\/ul>\n<p>TR\u00c0MITS\u00a0<\/p>\n<p>El proc\u00e9s de\u00a0preinscripci\u00f3 i matr\u00edcula\u00a0aix\u00ed com el calendari estan establerts pel Departament\u00a0d\u2019Educaci\u00f3\u00a0i s\u00f3n comuns per a tots els centres sufragats amb fons p\u00fablic. Trobareu&hellip;  <a href=\"https:\/\/agora.xtec.cat\/inslopladurgell-bellpuig\/secretaria\/\" title=\"Read Secretaria\">Llegeix m\u00e9s\u00bb<\/a><\/p>\n","protected":false},"author":1,"featured_media":0,"parent":0,"menu_order":0,"comment_status":"closed","ping_status":"closed","template":"","meta":{"_bbp_topic_count":0,"_bbp_reply_count":0,"_bbp_total_topic_count":0,"_bbp_total_reply_count":0,"_bbp_voice_count":0,"_bbp_anonymous_reply_count":0,"_bbp_topic_count_hidden":0,"_bbp_reply_count_hidden":0,"_bbp_forum_subforum_count":0,"footnotes":""},"class_list":["post-81","page","type-page","status-publish","hentry"],"post_mailing_queue_ids":[],"_links":{"self":[{"href":"https:\/\/agora.xtec.cat\/inslopladurgell-bellpuig\/wp-json\/wp\/v2\/pages\/81","targetHints":{"allow":["GET"]}}],"collection":[{"href":"https:\/\/agora.xtec.cat\/inslopladurgell-bellpuig\/wp-json\/wp\/v2\/pages"}],"about":[{"href":"https:\/\/agora.xtec.cat\/inslopladurgell-bellpuig\/wp-json\/wp\/v2\/types\/page"}],"author":[{"embeddable":true,"href":"https:\/\/agora.xtec.cat\/inslopladurgell-bellpuig\/wp-json\/wp\/v2\/users\/1"}],"replies":[{"embeddable":true,"href":"https:\/\/agora.xtec.cat\/inslopladurgell-bellpuig\/wp-json\/wp\/v2\/comments?post=81"}],"version-history":[{"count":6,"href":"https:\/\/agora.xtec.cat\/inslopladurgell-bellpuig\/wp-json\/wp\/v2\/pages\/81\/revisions"}],"predecessor-version":[{"id":5448,"href":"https:\/\/agora.xtec.cat\/inslopladurgell-bellpuig\/wp-json\/wp\/v2\/pages\/81\/revisions\/5448"}],"wp:attachment":[{"href":"https:\/\/agora.xtec.cat\/inslopladurgell-bellpuig\/wp-json\/wp\/v2\/media?parent=81"}],"curies":[{"name":"wp","href":"https:\/\/api.w.org\/{rel}","templated":true}]}}