{"id":69,"date":"2014-09-18T10:15:07","date_gmt":"2014-09-18T09:15:07","guid":{"rendered":"http:\/\/agora.xtec.cat\/inslopladurgell-bellpuig\/?page_id=69"},"modified":"2025-08-01T09:32:06","modified_gmt":"2025-08-01T07:32:06","slug":"menjador-escolar","status":"publish","type":"page","link":"https:\/\/agora.xtec.cat\/inslopladurgell-bellpuig\/serveis\/menjador-escolar\/","title":{"rendered":"Menjador escolar"},"content":{"rendered":"<p class=\"\" data-start=\"139\" data-end=\"393\">L\u2019Institut ofereix servei de menjador escolar per a l\u2019alumnat d\u2019ESO els dilluns i dimarts. La gesti\u00f3 del menjador va a c\u00e0rrec de l\u2019empresa Qu\u00e0lia. La persona de refer\u00e8ncia de l\u2019institut per aquest servei \u00e9s la Klara L\u00f3pez, a qui podeu contactar a trav\u00e9s del correu electr\u00f2nic: <a class=\"cursor-pointer\" rel=\"noopener\" data-start=\"389\" data-end=\"444\">klara@lleurequalia.cat<\/a>.<\/p>\n<p><strong><u>Informaci\u00f3 de Qu\u00e0lia: <\/u><\/strong><\/p>\n<p><strong><u>Servei de menjador<\/u><\/strong><\/p>\n<p>Aquest curs, continuem treballant colze a colze amb l\u2019AFA i l\u2019institut per oferir un menjador <strong>pr\u00f2xim, sostenible i de qualitat<\/strong>.<\/p>\n<p><strong>\u00a0<\/strong>\u00a0<strong>Vols saber com s\u00f3n els nostres menjadors?\u00a0<\/strong>Basem el nostre servei en la dieta mediterr\u00e0nia, amb aliments ecol\u00f2gics i de proximitat, un fort comprom\u00eds amb la sostenibilitat i un equip de monitoratge qualificat i implicat.<\/p>\n<p>Mira aquest v\u00eddeo!\u00a0<a href=\"https:\/\/youtu.be\/t0CTNu5t4D4\" data-saferedirecturl=\"https:\/\/www.google.com\/url?q=https:\/\/youtu.be\/t0CTNu5t4D4&amp;source=gmail&amp;ust=1754119032100000&amp;usg=AOvVaw3vocuf2VnxmPSOlzjaqGz5\">https:\/\/youtu.be\/t0CTNu5t4D4<\/a><\/p>\n<p><strong>Consulta el men\u00fa, les productores i la filosofia de cuina:\u00a0<\/strong>Trobar\u00e0s tota la informaci\u00f3 al nostre web: men\u00fas, productores de confian\u00e7a, filosofia de cuina i altres recursos \u00fatils.\u00a0\u00a0<a href=\"https:\/\/www.qualiacoop.cat\/el-menjador\/\" data-saferedirecturl=\"https:\/\/www.google.com\/url?q=https:\/\/www.qualiacoop.cat\/el-menjador\/&amp;source=gmail&amp;ust=1754119032100000&amp;usg=AOvVaw2noU2dtJVbPu3FL6Cjk9N_\">https:\/\/www.qualiacoop.cat\/el-menjador\/<\/a><\/p>\n<p><strong>\u00a0Podeu consultar els preus i fer la vostra inscripci\u00f3 des del seg\u00fcent enlla\u00e7:\u00a0<\/strong><a href=\"https:\/\/www.qualiacoop.cat\/menjador\/ins-lo-pla-durgell\/\" data-saferedirecturl=\"https:\/\/www.google.com\/url?q=https:\/\/www.qualiacoop.cat\/menjador\/ins-lo-pla-durgell\/&amp;source=gmail&amp;ust=1754119032100000&amp;usg=AOvVaw3Le8rLUchi9DgPQn13bqec\">https:\/\/www.qualiacoop.cat\/menjador\/ins-lo-pla-durgell\/<\/a><\/p>\n<p><strong>\u00a0<\/strong><strong><u>Com podem fer les inscripcions?<\/u><\/strong><\/p>\n<p style=\"font-weight: 400;\">Tot el proc\u00e9s es fa a trav\u00e9s del nostre\u00a0<strong>web-aplicatiu*<\/strong>:\u00a0<a href=\"https:\/\/app.lleurequalia.cat\/\" data-saferedirecturl=\"https:\/\/www.google.com\/url?q=https:\/\/app.lleurequalia.cat\/&amp;source=gmail&amp;ust=1754119032100000&amp;usg=AOvVaw286y0PfBF69XeH0Rbkycnc\">app.lleurequalia.cat<\/a><\/p>\n<p>Des d\u2019all\u00e0 podr\u00e0s:<\/p>\n<ul>\n<li>Fer la inscripci\u00f3<\/li>\n<li>Rebre missatges i notificacions<\/li>\n<li>Veure fotos i seguiment del dia a dia<\/li>\n<\/ul>\n<p style=\"font-weight: 400;\"><em>*Cliqueu\u00a0<\/em><a href=\"https:\/\/drive.google.com\/file\/d\/1LjEG3PxjTlH9YNhJUJpinWEJDDeksWr-\/view?usp=sharing\" data-saferedirecturl=\"https:\/\/www.google.com\/url?q=https:\/\/drive.google.com\/file\/d\/1LjEG3PxjTlH9YNhJUJpinWEJDDeksWr-\/view?usp%3Dsharing&amp;source=gmail&amp;ust=1754119032100000&amp;usg=AOvVaw1Ll1V7QdhcVdXuAw0ehYUJ\"><em>aqu\u00ed<\/em><\/a><em>\u00a0per saber com funciona o mireu aquest\u00a0<\/em><a href=\"https:\/\/youtu.be\/30x4jwWG2D4\" data-saferedirecturl=\"https:\/\/www.google.com\/url?q=https:\/\/youtu.be\/30x4jwWG2D4&amp;source=gmail&amp;ust=1754119032100000&amp;usg=AOvVaw2zJ1PrYM6_2KkmrDVwvCAV\"><em>tutorial<\/em><\/a><em>!<\/em><\/p>\n","protected":false},"excerpt":{"rendered":"<p>L\u2019Institut ofereix servei de menjador escolar per a l\u2019alumnat d\u2019ESO els dilluns i dimarts. La gesti\u00f3 del menjador va a c\u00e0rrec de l\u2019empresa Qu\u00e0lia. La persona de refer\u00e8ncia de l\u2019institut per aquest servei \u00e9s la Klara L\u00f3pez, a qui podeu contactar a trav\u00e9s del correu&hellip;  <a href=\"https:\/\/agora.xtec.cat\/inslopladurgell-bellpuig\/serveis\/menjador-escolar\/\" title=\"Read Menjador escolar\">Llegeix m\u00e9s\u00bb<\/a><\/p>\n","protected":false},"author":1,"featured_media":0,"parent":63,"menu_order":20,"comment_status":"closed","ping_status":"closed","template":"page-templates\/side-menu.php","meta":{"_bbp_topic_count":0,"_bbp_reply_count":0,"_bbp_total_topic_count":0,"_bbp_total_reply_count":0,"_bbp_voice_count":0,"_bbp_anonymous_reply_count":0,"_bbp_topic_count_hidden":0,"_bbp_reply_count_hidden":0,"_bbp_forum_subforum_count":0,"footnotes":""},"class_list":["post-69","page","type-page","status-publish","hentry"],"post_mailing_queue_ids":[],"_links":{"self":[{"href":"https:\/\/agora.xtec.cat\/inslopladurgell-bellpuig\/wp-json\/wp\/v2\/pages\/69","targetHints":{"allow":["GET"]}}],"collection":[{"href":"https:\/\/agora.xtec.cat\/inslopladurgell-bellpuig\/wp-json\/wp\/v2\/pages"}],"about":[{"href":"https:\/\/agora.xtec.cat\/inslopladurgell-bellpuig\/wp-json\/wp\/v2\/types\/page"}],"author":[{"embeddable":true,"href":"https:\/\/agora.xtec.cat\/inslopladurgell-bellpuig\/wp-json\/wp\/v2\/users\/1"}],"replies":[{"embeddable":true,"href":"https:\/\/agora.xtec.cat\/inslopladurgell-bellpuig\/wp-json\/wp\/v2\/comments?post=69"}],"version-history":[{"count":6,"href":"https:\/\/agora.xtec.cat\/inslopladurgell-bellpuig\/wp-json\/wp\/v2\/pages\/69\/revisions"}],"predecessor-version":[{"id":4980,"href":"https:\/\/agora.xtec.cat\/inslopladurgell-bellpuig\/wp-json\/wp\/v2\/pages\/69\/revisions\/4980"}],"up":[{"embeddable":true,"href":"https:\/\/agora.xtec.cat\/inslopladurgell-bellpuig\/wp-json\/wp\/v2\/pages\/63"}],"wp:attachment":[{"href":"https:\/\/agora.xtec.cat\/inslopladurgell-bellpuig\/wp-json\/wp\/v2\/media?parent=69"}],"curies":[{"name":"wp","href":"https:\/\/api.w.org\/{rel}","templated":true}]}}