{"id":67,"date":"2014-09-18T10:14:18","date_gmt":"2014-09-18T09:14:18","guid":{"rendered":"http:\/\/agora.xtec.cat\/inslopladurgell-bellpuig\/?page_id=67"},"modified":"2025-08-18T18:13:18","modified_gmt":"2025-08-18T16:13:18","slug":"aula-dacollida","status":"publish","type":"page","link":"https:\/\/agora.xtec.cat\/inslopladurgell-bellpuig\/serveis\/aula-dacollida\/","title":{"rendered":"Aula d&#8217;Acollida"},"content":{"rendered":"<p class=\"\" data-start=\"158\" data-end=\"341\">L\u2019Institut disposa d\u2019una aula d\u2019acollida per atendre l\u2019alumnat nouvingut que s\u2019incorpora al sistema educatiu catal\u00e0 i que t\u00e9 desconeixement o un domini inicial de la llengua catalana.<\/p>\n<p class=\"\" data-start=\"343\" data-end=\"667\">L\u2019aula d\u2019acollida \u00e9s un espai de suport temporal on l\u2019alumnat rep una atenci\u00f3 personalitzada per afavorir la seva integraci\u00f3 ling\u00fc\u00edstica, social i escolar. L\u2019objectiu principal \u00e9s proporcionar-los les eines necess\u00e0ries per seguir amb normalitat el curr\u00edculum dins l\u2019aula ordin\u00e0ria i sentir-se part de la comunitat educativa.<\/p>\n<p class=\"\" data-start=\"669\" data-end=\"938\">El treball a l\u2019aula d\u2019acollida es basa en l\u2019aprenentatge de la llengua catalana com a vehicle de comunicaci\u00f3 i en el coneixement de l\u2019entorn cultural. Tamb\u00e9 es reforcen altres compet\u00e8ncies b\u00e0siques, sempre adaptant-se al ritme i les necessitats de cada alumne o alumna.<\/p>\n<p class=\"\" data-start=\"940\" data-end=\"1086\">Aquest espai es concep com un pont per facilitar la inclusi\u00f3 i garantir que tothom tingui les mateixes oportunitats d\u2019aprenentatge i participaci\u00f3.<\/p>\n<p data-start=\"940\" data-end=\"1086\">Tutora de l&#8217;Aula d&#8217;Acollida: Laura Delgado<\/p>\n","protected":false},"excerpt":{"rendered":"<p>L\u2019Institut disposa d\u2019una aula d\u2019acollida per atendre l\u2019alumnat nouvingut que s\u2019incorpora al sistema educatiu catal\u00e0 i que t\u00e9 desconeixement o un domini inicial de la llengua catalana.<br \/>\nL\u2019aula d\u2019acollida \u00e9s un espai de suport temporal on l\u2019alumnat rep una atenci\u00f3 personalitzada per afavorir la seva integraci\u00f3&hellip;  <a href=\"https:\/\/agora.xtec.cat\/inslopladurgell-bellpuig\/serveis\/aula-dacollida\/\" title=\"Read Aula d&#8217;Acollida\">Llegeix m\u00e9s\u00bb<\/a><\/p>\n","protected":false},"author":1,"featured_media":0,"parent":63,"menu_order":20,"comment_status":"closed","ping_status":"closed","template":"page-templates\/side-menu.php","meta":{"_bbp_topic_count":0,"_bbp_reply_count":0,"_bbp_total_topic_count":0,"_bbp_total_reply_count":0,"_bbp_voice_count":0,"_bbp_anonymous_reply_count":0,"_bbp_topic_count_hidden":0,"_bbp_reply_count_hidden":0,"_bbp_forum_subforum_count":0,"footnotes":""},"class_list":["post-67","page","type-page","status-publish","hentry"],"post_mailing_queue_ids":[],"_links":{"self":[{"href":"https:\/\/agora.xtec.cat\/inslopladurgell-bellpuig\/wp-json\/wp\/v2\/pages\/67","targetHints":{"allow":["GET"]}}],"collection":[{"href":"https:\/\/agora.xtec.cat\/inslopladurgell-bellpuig\/wp-json\/wp\/v2\/pages"}],"about":[{"href":"https:\/\/agora.xtec.cat\/inslopladurgell-bellpuig\/wp-json\/wp\/v2\/types\/page"}],"author":[{"embeddable":true,"href":"https:\/\/agora.xtec.cat\/inslopladurgell-bellpuig\/wp-json\/wp\/v2\/users\/1"}],"replies":[{"embeddable":true,"href":"https:\/\/agora.xtec.cat\/inslopladurgell-bellpuig\/wp-json\/wp\/v2\/comments?post=67"}],"version-history":[{"count":2,"href":"https:\/\/agora.xtec.cat\/inslopladurgell-bellpuig\/wp-json\/wp\/v2\/pages\/67\/revisions"}],"predecessor-version":[{"id":4985,"href":"https:\/\/agora.xtec.cat\/inslopladurgell-bellpuig\/wp-json\/wp\/v2\/pages\/67\/revisions\/4985"}],"up":[{"embeddable":true,"href":"https:\/\/agora.xtec.cat\/inslopladurgell-bellpuig\/wp-json\/wp\/v2\/pages\/63"}],"wp:attachment":[{"href":"https:\/\/agora.xtec.cat\/inslopladurgell-bellpuig\/wp-json\/wp\/v2\/media?parent=67"}],"curies":[{"name":"wp","href":"https:\/\/api.w.org\/{rel}","templated":true}]}}