{"id":57,"date":"2014-09-17T17:01:07","date_gmt":"2014-09-17T17:01:07","guid":{"rendered":"http:\/\/agora.xtec.cat\/inslopladurgell-bellpuig\/?page_id=57"},"modified":"2025-04-09T11:30:49","modified_gmt":"2025-04-09T09:30:49","slug":"projecte-educatiu","status":"publish","type":"page","link":"https:\/\/agora.xtec.cat\/inslopladurgell-bellpuig\/projecte-educatiu\/","title":{"rendered":"Projectes"},"content":{"rendered":"<p class=\"\" data-start=\"190\" data-end=\"443\">A l\u2019INS Lo Pla d\u2019Urgell entenem l\u2019educaci\u00f3 com una experi\u00e8ncia global que va m\u00e9s enll\u00e0 de les aules. Per aix\u00f2, impulsem diversos projectes que fomenten el comprom\u00eds social, la consci\u00e8ncia ambiental, la creativitat, el pluriling\u00fcisme i l\u2019obertura al m\u00f3n.<\/p>\n<p class=\"\" data-start=\"445\" data-end=\"632\"><a href=\"https:\/\/agora.xtec.cat\/inslopladurgell-bellpuig\/categoria\/programes\/erasiet\/\"><strong data-start=\"445\" data-end=\"473\">L\u2019Erasmus+ i l\u2019eTwinning<\/strong><\/a> ens connecten amb altres escoles d\u2019arreu d\u2019Europa, afavorint la mobilitat, l\u2019intercanvi cultural i el treball col\u00b7laboratiu a trav\u00e9s de les noves tecnologies.<\/p>\n<p class=\"\" data-start=\"634\" data-end=\"781\">Amb el <a href=\"https:\/\/agora.xtec.cat\/inslopladurgell-bellpuig\/categoria\/programes\/sc\/\"><strong data-start=\"641\" data-end=\"662\">Servei Comunitari<\/strong><\/a>, l\u2019alumnat es compromet amb l\u2019entorn proper, desenvolupant valors de solidaritat, responsabilitat i ciutadania activa.<\/p>\n<p class=\"\" data-start=\"783\" data-end=\"940\">Com a <a href=\"https:\/\/agora.xtec.cat\/inslopladurgell-bellpuig\/categoria\/programes\/esverd\/\"><strong data-start=\"789\" data-end=\"805\">Escola Verda<\/strong><\/a>, promovem h\u00e0bits sostenibles i una actitud respectuosa amb el medi ambient, integrant l\u2019educaci\u00f3 ambiental en el dia a dia del centre.<\/p>\n<p class=\"\" data-start=\"942\" data-end=\"1113\">El projecte de <a href=\"https:\/\/agora.xtec.cat\/inslopladurgell-bellpuig\/categoria\/programes\/multilin\/\"><strong data-start=\"957\" data-end=\"975\">Multiling\u00fcisme<\/strong><\/a> aposta per l\u2019aprenentatge de lleng\u00fces com a eina de comunicaci\u00f3 i conviv\u00e8ncia, i obre les portes a noves realitats culturals i personals.<\/p>\n<p class=\"\" data-start=\"1115\" data-end=\"1309\">Finalment, amb <a href=\"https:\/\/agora.xtec.cat\/inslopladurgell-bellpuig\/lo-galliner-teatre\/\"><strong data-start=\"1130\" data-end=\"1152\">Lo Galliner Teatre<\/strong><\/a>, donem espai a l\u2019expressi\u00f3 art\u00edstica i esc\u00e8nica, tot fomentant la creativitat, el treball en equip i la confian\u00e7a personal a trav\u00e9s de les arts dram\u00e0tiques.<\/p>\n<p class=\"\" data-start=\"1311\" data-end=\"1430\">Tots aquests projectes s\u00f3n una mostra del nostre comprom\u00eds amb una educaci\u00f3 integral, oberta, cr\u00edtica i transformadora.<\/p>\n<p>&nbsp;<\/p>\n<p>&nbsp;<\/p>\n","protected":false},"excerpt":{"rendered":"<p>A l\u2019INS Lo Pla d\u2019Urgell entenem l\u2019educaci\u00f3 com una experi\u00e8ncia global que va m\u00e9s enll\u00e0 de les aules. Per aix\u00f2, impulsem diversos projectes que fomenten el comprom\u00eds social, la consci\u00e8ncia ambiental, la creativitat, el pluriling\u00fcisme i l\u2019obertura al m\u00f3n.<br \/>\n<a href=\"https:\/\/agora.xtec.cat\/inslopladurgell-bellpuig\/categoria\/programes\/erasiet\/\">L\u2019Erasmus+ i l\u2019eTwinning<\/a> ens connecten amb&hellip;  <a href=\"https:\/\/agora.xtec.cat\/inslopladurgell-bellpuig\/projecte-educatiu\/\" title=\"Read Projectes\">Llegeix m\u00e9s\u00bb<\/a><\/p>\n","protected":false},"author":1,"featured_media":0,"parent":0,"menu_order":0,"comment_status":"closed","ping_status":"closed","template":"","meta":{"_bbp_topic_count":0,"_bbp_reply_count":0,"_bbp_total_topic_count":0,"_bbp_total_reply_count":0,"_bbp_voice_count":0,"_bbp_anonymous_reply_count":0,"_bbp_topic_count_hidden":0,"_bbp_reply_count_hidden":0,"_bbp_forum_subforum_count":0,"footnotes":""},"class_list":["post-57","page","type-page","status-publish","hentry"],"post_mailing_queue_ids":[],"_links":{"self":[{"href":"https:\/\/agora.xtec.cat\/inslopladurgell-bellpuig\/wp-json\/wp\/v2\/pages\/57","targetHints":{"allow":["GET"]}}],"collection":[{"href":"https:\/\/agora.xtec.cat\/inslopladurgell-bellpuig\/wp-json\/wp\/v2\/pages"}],"about":[{"href":"https:\/\/agora.xtec.cat\/inslopladurgell-bellpuig\/wp-json\/wp\/v2\/types\/page"}],"author":[{"embeddable":true,"href":"https:\/\/agora.xtec.cat\/inslopladurgell-bellpuig\/wp-json\/wp\/v2\/users\/1"}],"replies":[{"embeddable":true,"href":"https:\/\/agora.xtec.cat\/inslopladurgell-bellpuig\/wp-json\/wp\/v2\/comments?post=57"}],"version-history":[{"count":6,"href":"https:\/\/agora.xtec.cat\/inslopladurgell-bellpuig\/wp-json\/wp\/v2\/pages\/57\/revisions"}],"predecessor-version":[{"id":4552,"href":"https:\/\/agora.xtec.cat\/inslopladurgell-bellpuig\/wp-json\/wp\/v2\/pages\/57\/revisions\/4552"}],"wp:attachment":[{"href":"https:\/\/agora.xtec.cat\/inslopladurgell-bellpuig\/wp-json\/wp\/v2\/media?parent=57"}],"curies":[{"name":"wp","href":"https:\/\/api.w.org\/{rel}","templated":true}]}}