{"id":3691,"date":"2024-09-30T08:32:09","date_gmt":"2024-09-30T06:32:09","guid":{"rendered":"https:\/\/agora.xtec.cat\/inslopladurgell-bellpuig\/?page_id=3691"},"modified":"2025-12-06T20:34:40","modified_gmt":"2025-12-06T19:34:40","slug":"coordinacions-i-departaments","status":"publish","type":"page","link":"https:\/\/agora.xtec.cat\/inslopladurgell-bellpuig\/linstitut\/coordinacions-i-departaments\/","title":{"rendered":"Coordinacions i Departaments"},"content":{"rendered":"<table>\n<tbody>\n<tr>\n<td><b>Nivell\u00a0<\/b><\/td>\n<td><b>Coordinador\/a<\/b><\/td>\n<\/tr>\n<tr>\n<td><span style=\"font-weight: 400;\">1r ESO\u00a0<\/span><\/td>\n<td><span style=\"font-weight: 400;\">Esther Vila\u00a0<\/span><\/td>\n<\/tr>\n<tr>\n<td><span style=\"font-weight: 400;\">2n ESO<\/span><\/td>\n<td><span style=\"font-weight: 400;\">Gemma Posino\u00a0<\/span><\/td>\n<\/tr>\n<tr>\n<td><span style=\"font-weight: 400;\">3r ESO<\/span><\/td>\n<td><span style=\"font-weight: 400;\">Cris Bonet<\/span><\/td>\n<\/tr>\n<tr>\n<td><span style=\"font-weight: 400;\">4t ESO\u00a0<\/span><\/td>\n<td><span style=\"font-weight: 400;\">Mireia Serra\u00a0<\/span><\/td>\n<\/tr>\n<tr>\n<td><span style=\"font-weight: 400;\">1r i 2n BTX\u00a0<\/span><\/td>\n<td><span style=\"font-weight: 400;\">Noem\u00ed Vila\u00a0<\/span><\/td>\n<\/tr>\n<\/tbody>\n<\/table>\n<table style=\"width: 30.0238%; height: 264px;\">\n<tbody>\n<tr style=\"height: 33px;\">\n<td style=\"height: 33px;\"><b>Departament\u00a0<\/b><\/td>\n<td style=\"height: 33px;\"><b>Cap de departament\u00a0<\/b><\/td>\n<\/tr>\n<tr style=\"height: 33px;\">\n<td style=\"height: 33px;\"><span style=\"font-weight: 400;\">Llengua Catalana<\/span><\/td>\n<td style=\"height: 33px;\"><span style=\"font-weight: 400;\">Laura Aubets<\/span><\/td>\n<\/tr>\n<tr style=\"height: 33px;\">\n<td style=\"height: 33px;\"><span style=\"font-weight: 400;\">Llengua Castellana<\/span><\/td>\n<td style=\"height: 33px;\"><span style=\"font-weight: 400;\">Isabel Or\u00fas<\/span><\/td>\n<\/tr>\n<tr>\n<td><span style=\"font-weight: 400;\">Lleng\u00fces estrangeres\u00a0<\/span><\/td>\n<td><span style=\"font-weight: 400;\">Merc\u00e8 Castany<\/span><\/td>\n<\/tr>\n<tr style=\"height: 33px;\">\n<td style=\"height: 33px;\"><span style=\"font-weight: 400;\">Socials<\/span><\/td>\n<td style=\"height: 33px;\"><span style=\"font-weight: 400;\">Joan Planes\u00a0<\/span><\/td>\n<\/tr>\n<tr style=\"height: 33px;\">\n<td style=\"height: 33px;\"><span style=\"font-weight: 400;\">Matem\u00e0tiques\u00a0<\/span><\/td>\n<td style=\"height: 33px;\"><span style=\"font-weight: 400;\">Magda Quer<\/span><\/td>\n<\/tr>\n<tr style=\"height: 33px;\">\n<td style=\"height: 33px;\"><span style=\"font-weight: 400;\">Cientificotecnol\u00f2gic<\/span><\/td>\n<td style=\"height: 33px;\"><span style=\"font-weight: 400;\">Roser Torres\u00a0<\/span><\/td>\n<\/tr>\n<tr style=\"height: 33px;\">\n<td style=\"height: 33px;\"><span style=\"font-weight: 400;\">E. f\u00edsica &#8211; E.Visual i pl\u00e0stica &#8211; M\u00fasica<\/span><\/td>\n<td style=\"height: 33px;\"><span style=\"font-weight: 400;\">Jaume Capdevila\u00a0<\/span><\/td>\n<\/tr>\n<tr style=\"height: 33px;\">\n<td style=\"height: 33px;\"><span style=\"font-weight: 400;\">Orientaci\u00f3\u00a0<\/span><\/td>\n<td style=\"height: 33px;\"><span style=\"font-weight: 400;\">Amanda Royo\u00a0<\/span><\/td>\n<\/tr>\n<\/tbody>\n<\/table>\n","protected":false},"excerpt":{"rendered":"<p>Nivell\u00a0<br \/>\nCoordinador\/a<\/p>\n<p>1r ESO\u00a0<br \/>\nEsther Vila\u00a0<\/p>\n<p>2n ESO<br \/>\nGemma Posino\u00a0<\/p>\n<p>3r ESO<br \/>\nCris Bonet<\/p>\n<p>4t ESO\u00a0<br \/>\nMireia Serra\u00a0<\/p>\n<p>1r i 2n BTX\u00a0<br \/>\nNoem\u00ed Vila\u00a0<\/p>\n<p>Departament\u00a0<br \/>\nCap de departament\u00a0<\/p>\n<p>Llengua Catalana<br \/>\nLaura Aubets<\/p>\n<p>Llengua Castellana<br \/>\nIsabel Or\u00fas<\/p>\n<p>Lleng\u00fces estrangeres\u00a0<br \/>\nMerc\u00e8 Castany<\/p>\n<p>Socials<br \/>\nJoan Planes\u00a0<\/p>\n<p>Matem\u00e0tiques\u00a0<br \/>\nMagda Quer<\/p>\n<p>Cientificotecnol\u00f2gic<br \/>\nRoser Torres\u00a0<\/p>\n<p>E. f\u00edsica &#8211; E.Visual i pl\u00e0stica &#8211; M\u00fasica<br \/>\nJaume Capdevila\u00a0<\/p>\n<p>Orientaci\u00f3\u00a0<br \/>\nAmanda Royo\u00a0<\/p>\n","protected":false},"author":7,"featured_media":0,"parent":19,"menu_order":19,"comment_status":"closed","ping_status":"closed","template":"page-templates\/side-menu.php","meta":{"_bbp_topic_count":0,"_bbp_reply_count":0,"_bbp_total_topic_count":0,"_bbp_total_reply_count":0,"_bbp_voice_count":0,"_bbp_anonymous_reply_count":0,"_bbp_topic_count_hidden":0,"_bbp_reply_count_hidden":0,"_bbp_forum_subforum_count":0,"footnotes":""},"class_list":["post-3691","page","type-page","status-publish","hentry"],"post_mailing_queue_ids":[],"_links":{"self":[{"href":"https:\/\/agora.xtec.cat\/inslopladurgell-bellpuig\/wp-json\/wp\/v2\/pages\/3691","targetHints":{"allow":["GET"]}}],"collection":[{"href":"https:\/\/agora.xtec.cat\/inslopladurgell-bellpuig\/wp-json\/wp\/v2\/pages"}],"about":[{"href":"https:\/\/agora.xtec.cat\/inslopladurgell-bellpuig\/wp-json\/wp\/v2\/types\/page"}],"author":[{"embeddable":true,"href":"https:\/\/agora.xtec.cat\/inslopladurgell-bellpuig\/wp-json\/wp\/v2\/users\/7"}],"replies":[{"embeddable":true,"href":"https:\/\/agora.xtec.cat\/inslopladurgell-bellpuig\/wp-json\/wp\/v2\/comments?post=3691"}],"version-history":[{"count":6,"href":"https:\/\/agora.xtec.cat\/inslopladurgell-bellpuig\/wp-json\/wp\/v2\/pages\/3691\/revisions"}],"predecessor-version":[{"id":5184,"href":"https:\/\/agora.xtec.cat\/inslopladurgell-bellpuig\/wp-json\/wp\/v2\/pages\/3691\/revisions\/5184"}],"up":[{"embeddable":true,"href":"https:\/\/agora.xtec.cat\/inslopladurgell-bellpuig\/wp-json\/wp\/v2\/pages\/19"}],"wp:attachment":[{"href":"https:\/\/agora.xtec.cat\/inslopladurgell-bellpuig\/wp-json\/wp\/v2\/media?parent=3691"}],"curies":[{"name":"wp","href":"https:\/\/api.w.org\/{rel}","templated":true}]}}