{"id":3283,"date":"2024-03-07T11:44:19","date_gmt":"2024-03-07T10:44:19","guid":{"rendered":"https:\/\/agora.xtec.cat\/inslopladurgell-bellpuig\/?page_id=3283"},"modified":"2026-03-16T10:10:58","modified_gmt":"2026-03-16T09:10:58","slug":"actes-del-consell-escolar","status":"publish","type":"page","link":"https:\/\/agora.xtec.cat\/inslopladurgell-bellpuig\/actes-del-consell-escolar\/","title":{"rendered":"Actes del Consell Escolar"},"content":{"rendered":"<p>En aquest espai podeu consultar les actes de les sessions del Consell Escolar del centre. Les actes recullen els acords presos, les informacions compartides i les aportacions dels diferents sectors que en formen part (equip directiu, professorat, fam\u00edlies, alumnat i personal d\u2019administraci\u00f3 i serveis).<\/p>\n<p>Amb la publicaci\u00f3 d\u2019aquestes actes, volem garantir la transpar\u00e8ncia en la gesti\u00f3 del centre i afavorir la participaci\u00f3 activa de tota la comunitat educativa.<\/p>\n<p><strong>Curs 23-24\u00a0<\/strong><\/p>\n<table style=\"border-collapse: collapse; width: 100%;\">\n<tbody>\n<tr>\n<td style=\"width: 100%;\"><a style=\"color: #2795b6; font-size: 16px;\" href=\"https:\/\/drive.google.com\/file\/d\/1viHM4kL64yNkD8L8kP4CpI1zIMXCzTGe\/view?usp=sharing\">26.10.23<\/a><\/td>\n<\/tr>\n<tr>\n<td style=\"width: 100%;\"><a style=\"color: #2795b6; font-size: 16px;\" href=\"https:\/\/drive.google.com\/file\/d\/1phiS42j4zUhCYgIB12GIbfyfmfSsUg_U\/view?usp=sharing\">14.12.23<\/a><\/td>\n<\/tr>\n<tr>\n<td style=\"width: 100%;\"><a style=\"color: #2795b6; font-size: 16px;\" href=\"https:\/\/drive.google.com\/file\/d\/19VEP8xzCzP9xWW3BObisEWibKE__Cvva\/view?usp=sharing\">6.03.24<\/a><\/td>\n<\/tr>\n<tr>\n<td style=\"width: 100%;\"><a style=\"color: #2795b6; font-size: 16px;\" href=\"https:\/\/drive.google.com\/file\/d\/1dqrlksAGA551GRw35gzEi9ns7qDORNyd\/view?usp=sharing\">27.06.24<\/a><\/td>\n<\/tr>\n<\/tbody>\n<\/table>\n<p><strong>Curs 24-25<\/strong><\/p>\n<table style=\"border-collapse: collapse; width: 101.508%; height: 95px;\">\n<tbody>\n<tr style=\"height: 32px;\">\n<td style=\"width: 100%; height: 37px;\"><a style=\"color: #2795b6; font-size: 16px;\" href=\"https:\/\/drive.google.com\/file\/d\/1B-XcElwp927Eb2OS_CNj5c-LDLvop8FV\/view?usp=drive_link\">6.03.25<\/a><\/td>\n<\/tr>\n<tr style=\"height: 32px;\">\n<td style=\"width: 100%; height: 12px;\"><a style=\"color: #2795b6; font-size: 16px;\" href=\"https:\/\/drive.google.com\/file\/d\/1AgbSZ8Ja4bGDBMXD3qdQUQwOXGn0RpwB\/view?usp=sharing\">30.06.25<\/a><\/td>\n<\/tr>\n<\/tbody>\n<\/table>\n<p><strong>Curs 25-26<\/strong><\/p>\n<table style=\"border-collapse: collapse; width: 89.7091%; height: 76px;\">\n<tbody>\n<tr style=\"height: 32px;\">\n<td style=\"width: 1183.73px; height: 10px;\"><a style=\"color: #2795b6; font-size: 16px;\" href=\"https:\/\/drive.google.com\/file\/d\/19IiQ6MiF8s1FZtHbPi1TAd9NhaWi8Cw7\/view?usp=sharing\">8.10.25<\/a><\/td>\n<\/tr>\n<tr style=\"height: 32px;\">\n<td style=\"width: 1183.73px; height: 10px;\"><a style=\"color: #2795b6; font-size: 16px;\" href=\"https:\/\/drive.google.com\/file\/d\/1MrphNAKuQxEoHwRArudQR3LXcwerBuiN\/view?usp=drive_link\">10.12.25<\/a><\/td>\n<\/tr>\n<tr style=\"height: 56px;\">\n<td style=\"width: 1183.73px; height: 56px;\"><a href=\"https:\/\/drive.google.com\/file\/d\/1pQO0l3ikvHBEV6HyKh-q7y6HMjzRnMga\/view?usp=drive_link\">18-02-26<\/a><\/td>\n<\/tr>\n<tr>\n<td style=\"width: 1183.73px;\"><a href=\"https:\/\/drive.google.com\/file\/d\/1pCxT7GoVtHybYnCVGOp4iJhsBMvtkCQQ\/view?usp=drive_link\">11-03-26<\/a><\/td>\n<\/tr>\n<\/tbody>\n<\/table>\n<p>&nbsp;<\/p>\n","protected":false},"excerpt":{"rendered":"<p>En aquest espai podeu consultar les actes de les sessions del Consell Escolar del centre. Les actes recullen els acords presos, les informacions compartides i les aportacions dels diferents sectors que en formen part (equip directiu, professorat, fam\u00edlies, alumnat i personal d\u2019administraci\u00f3 i serveis).<br \/>\nAmb la&hellip;  <a href=\"https:\/\/agora.xtec.cat\/inslopladurgell-bellpuig\/actes-del-consell-escolar\/\" title=\"Read Actes del Consell Escolar\">Llegeix m\u00e9s\u00bb<\/a><\/p>\n","protected":false},"author":8,"featured_media":0,"parent":0,"menu_order":0,"comment_status":"closed","ping_status":"closed","template":"","meta":{"_bbp_topic_count":0,"_bbp_reply_count":0,"_bbp_total_topic_count":0,"_bbp_total_reply_count":0,"_bbp_voice_count":0,"_bbp_anonymous_reply_count":0,"_bbp_topic_count_hidden":0,"_bbp_reply_count_hidden":0,"_bbp_forum_subforum_count":0,"footnotes":""},"class_list":["post-3283","page","type-page","status-publish","hentry"],"post_mailing_queue_ids":[],"_links":{"self":[{"href":"https:\/\/agora.xtec.cat\/inslopladurgell-bellpuig\/wp-json\/wp\/v2\/pages\/3283","targetHints":{"allow":["GET"]}}],"collection":[{"href":"https:\/\/agora.xtec.cat\/inslopladurgell-bellpuig\/wp-json\/wp\/v2\/pages"}],"about":[{"href":"https:\/\/agora.xtec.cat\/inslopladurgell-bellpuig\/wp-json\/wp\/v2\/types\/page"}],"author":[{"embeddable":true,"href":"https:\/\/agora.xtec.cat\/inslopladurgell-bellpuig\/wp-json\/wp\/v2\/users\/8"}],"replies":[{"embeddable":true,"href":"https:\/\/agora.xtec.cat\/inslopladurgell-bellpuig\/wp-json\/wp\/v2\/comments?post=3283"}],"version-history":[{"count":7,"href":"https:\/\/agora.xtec.cat\/inslopladurgell-bellpuig\/wp-json\/wp\/v2\/pages\/3283\/revisions"}],"predecessor-version":[{"id":4936,"href":"https:\/\/agora.xtec.cat\/inslopladurgell-bellpuig\/wp-json\/wp\/v2\/pages\/3283\/revisions\/4936"}],"wp:attachment":[{"href":"https:\/\/agora.xtec.cat\/inslopladurgell-bellpuig\/wp-json\/wp\/v2\/media?parent=3283"}],"curies":[{"name":"wp","href":"https:\/\/api.w.org\/{rel}","templated":true}]}}