{"id":19,"date":"2014-09-17T14:56:56","date_gmt":"2014-09-17T14:56:56","guid":{"rendered":"http:\/\/agora.xtec.cat\/inslopladurgell-bellpuig\/?page_id=19"},"modified":"2025-09-02T10:53:34","modified_gmt":"2025-09-02T08:53:34","slug":"linstitut","status":"publish","type":"page","link":"https:\/\/agora.xtec.cat\/inslopladurgell-bellpuig\/linstitut\/","title":{"rendered":"L&#8217;Institut"},"content":{"rendered":"<p style=\"color: #444444;\">Benvinguts a la p\u00e0gina Web de l\u2019Ins Lo Pla d&#8217;Urgell. \u00c9s un centre d\u2019ensenyament secundari p\u00fablic situat a la vila de Bellpuig (l\u2019Urgell), el qual abasta una zona educativa a cavall de les comarques de l\u2019Urgell i el Pla d\u2019Urgell i que ofereix, als m\u00e9s de 500 alumnes matriculats, estudis d\u2019ESO i de Batxillerat (Tecnol\u00f2gic, Cient\u00edfic, Human\u00edstic i de Ci\u00e8ncies Socials), gr\u00e0cies a la dedicaci\u00f3 d\u2019una comunitat educativa (professorat, AFA, personal d\u2019administraci\u00f3 i serveis, i personal laboral) que treballa en equip, fomenta el di\u00e0leg mutu i s\u2019arrela en l\u2019entorn rural que li \u00e9s propi.<\/p>\n<p style=\"color: #444444;\">Aquesta secci\u00f3 cont\u00e9\u00a0totes les p\u00e0gines necess\u00e0ries per a oferir una descripci\u00f3 general de l\u2019institut: ubicaci\u00f3, hist\u00f2ria, instal\u00b7lacions\u2026<\/p>\n","protected":false},"excerpt":{"rendered":"<p>Benvinguts a la p\u00e0gina Web de l\u2019Ins Lo Pla d&#8217;Urgell. \u00c9s un centre d\u2019ensenyament secundari p\u00fablic situat a la vila de Bellpuig (l\u2019Urgell), el qual abasta una zona educativa a cavall de les comarques de l\u2019Urgell i el Pla d\u2019Urgell i que ofereix, als m\u00e9s&hellip;  <a href=\"https:\/\/agora.xtec.cat\/inslopladurgell-bellpuig\/linstitut\/\" title=\"Read L&#8217;Institut\">Llegeix m\u00e9s\u00bb<\/a><\/p>\n","protected":false},"author":1,"featured_media":0,"parent":0,"menu_order":0,"comment_status":"closed","ping_status":"closed","template":"page-templates\/side-menu.php","meta":{"_bbp_topic_count":0,"_bbp_reply_count":0,"_bbp_total_topic_count":0,"_bbp_total_reply_count":0,"_bbp_voice_count":0,"_bbp_anonymous_reply_count":0,"_bbp_topic_count_hidden":0,"_bbp_reply_count_hidden":0,"_bbp_forum_subforum_count":0,"footnotes":""},"class_list":["post-19","page","type-page","status-publish","hentry"],"post_mailing_queue_ids":[],"_links":{"self":[{"href":"https:\/\/agora.xtec.cat\/inslopladurgell-bellpuig\/wp-json\/wp\/v2\/pages\/19","targetHints":{"allow":["GET"]}}],"collection":[{"href":"https:\/\/agora.xtec.cat\/inslopladurgell-bellpuig\/wp-json\/wp\/v2\/pages"}],"about":[{"href":"https:\/\/agora.xtec.cat\/inslopladurgell-bellpuig\/wp-json\/wp\/v2\/types\/page"}],"author":[{"embeddable":true,"href":"https:\/\/agora.xtec.cat\/inslopladurgell-bellpuig\/wp-json\/wp\/v2\/users\/1"}],"replies":[{"embeddable":true,"href":"https:\/\/agora.xtec.cat\/inslopladurgell-bellpuig\/wp-json\/wp\/v2\/comments?post=19"}],"version-history":[{"count":4,"href":"https:\/\/agora.xtec.cat\/inslopladurgell-bellpuig\/wp-json\/wp\/v2\/pages\/19\/revisions"}],"predecessor-version":[{"id":5003,"href":"https:\/\/agora.xtec.cat\/inslopladurgell-bellpuig\/wp-json\/wp\/v2\/pages\/19\/revisions\/5003"}],"wp:attachment":[{"href":"https:\/\/agora.xtec.cat\/inslopladurgell-bellpuig\/wp-json\/wp\/v2\/media?parent=19"}],"curies":[{"name":"wp","href":"https:\/\/api.w.org\/{rel}","templated":true}]}}