{"id":1608,"date":"2021-11-04T00:11:10","date_gmt":"2021-11-03T23:11:10","guid":{"rendered":"https:\/\/agora.xtec.cat\/inslopladurgell-bellpuig\/?page_id=1608"},"modified":"2025-04-09T11:26:42","modified_gmt":"2025-04-09T09:26:42","slug":"lo-galliner-teatre-2","status":"publish","type":"page","link":"https:\/\/agora.xtec.cat\/inslopladurgell-bellpuig\/projecte-educatiu\/lo-galliner-teatre-2\/","title":{"rendered":"LO GALLINER TEATRE"},"content":{"rendered":"<p><a href=\"https:\/\/agora.xtec.cat\/inslopladurgell-bellpuig\/wp-content\/uploads\/usu2019\/2021\/11\/lo-galliner.jpg\"><img loading=\"lazy\" decoding=\"async\" class=\"wp-image-1609 alignright\" src=\"https:\/\/agora.xtec.cat\/inslopladurgell-bellpuig\/wp-content\/uploads\/usu2019\/2021\/11\/lo-galliner.jpg\" alt=\"\" width=\"327\" height=\"191\" srcset=\"https:\/\/agora.xtec.cat\/inslopladurgell-bellpuig\/wp-content\/uploads\/usu2019\/2021\/11\/lo-galliner.jpg 863w, https:\/\/agora.xtec.cat\/inslopladurgell-bellpuig\/wp-content\/uploads\/usu2019\/2021\/11\/lo-galliner-300x175.jpg 300w, https:\/\/agora.xtec.cat\/inslopladurgell-bellpuig\/wp-content\/uploads\/usu2019\/2021\/11\/lo-galliner-768x449.jpg 768w\" sizes=\"auto, (max-width: 327px) 100vw, 327px\" \/><\/a>A l\u2019INS Lo Pla d\u2019Urgell creiem en el poder transformador de les arts esc\u00e8niques. Per aix\u00f2, oferim l\u2019optativa de teatre a l\u2019alumnat de 4t d\u2019ESO, una proposta educativa que combina expressi\u00f3, creativitat i treball en equip. L\u2019assignatura permet descobrir el m\u00f3n teatral des de dins: la interpretaci\u00f3, la posada en escena, la creaci\u00f3 col\u00b7lectiva i la reflexi\u00f3 sobre temes que ens interpel\u00b7len com a societat.<\/p>\n","protected":false},"excerpt":{"rendered":"<p><a href=\"https:\/\/agora.xtec.cat\/inslopladurgell-bellpuig\/wp-content\/uploads\/usu2019\/2021\/11\/lo-galliner.jpg\"><\/a>A l\u2019INS Lo Pla d\u2019Urgell creiem en el poder transformador de les arts esc\u00e8niques. Per aix\u00f2, oferim l\u2019optativa de teatre a l\u2019alumnat de 4t d\u2019ESO, una proposta educativa que combina expressi\u00f3, creativitat i treball en equip. L\u2019assignatura permet descobrir el m\u00f3n teatral des de&hellip;  <a href=\"https:\/\/agora.xtec.cat\/inslopladurgell-bellpuig\/projecte-educatiu\/lo-galliner-teatre-2\/\" title=\"Read LO GALLINER TEATRE\">Llegeix m\u00e9s\u00bb<\/a><\/p>\n","protected":false},"author":7,"featured_media":0,"parent":57,"menu_order":2,"comment_status":"closed","ping_status":"closed","template":"","meta":{"_bbp_topic_count":0,"_bbp_reply_count":0,"_bbp_total_topic_count":0,"_bbp_total_reply_count":0,"_bbp_voice_count":0,"_bbp_anonymous_reply_count":0,"_bbp_topic_count_hidden":0,"_bbp_reply_count_hidden":0,"_bbp_forum_subforum_count":0,"footnotes":""},"class_list":["post-1608","page","type-page","status-publish","hentry"],"post_mailing_queue_ids":[],"_links":{"self":[{"href":"https:\/\/agora.xtec.cat\/inslopladurgell-bellpuig\/wp-json\/wp\/v2\/pages\/1608","targetHints":{"allow":["GET"]}}],"collection":[{"href":"https:\/\/agora.xtec.cat\/inslopladurgell-bellpuig\/wp-json\/wp\/v2\/pages"}],"about":[{"href":"https:\/\/agora.xtec.cat\/inslopladurgell-bellpuig\/wp-json\/wp\/v2\/types\/page"}],"author":[{"embeddable":true,"href":"https:\/\/agora.xtec.cat\/inslopladurgell-bellpuig\/wp-json\/wp\/v2\/users\/7"}],"replies":[{"embeddable":true,"href":"https:\/\/agora.xtec.cat\/inslopladurgell-bellpuig\/wp-json\/wp\/v2\/comments?post=1608"}],"version-history":[{"count":3,"href":"https:\/\/agora.xtec.cat\/inslopladurgell-bellpuig\/wp-json\/wp\/v2\/pages\/1608\/revisions"}],"predecessor-version":[{"id":4553,"href":"https:\/\/agora.xtec.cat\/inslopladurgell-bellpuig\/wp-json\/wp\/v2\/pages\/1608\/revisions\/4553"}],"up":[{"embeddable":true,"href":"https:\/\/agora.xtec.cat\/inslopladurgell-bellpuig\/wp-json\/wp\/v2\/pages\/57"}],"wp:attachment":[{"href":"https:\/\/agora.xtec.cat\/inslopladurgell-bellpuig\/wp-json\/wp\/v2\/media?parent=1608"}],"curies":[{"name":"wp","href":"https:\/\/api.w.org\/{rel}","templated":true}]}}