{"id":5329,"date":"2017-03-15T10:20:26","date_gmt":"2017-03-15T09:20:26","guid":{"rendered":"http:\/\/agora.xtec.cat\/insllicamunt2\/?page_id=5329"},"modified":"2017-03-15T10:20:26","modified_gmt":"2017-03-15T09:20:26","slug":"el-nombre-pi","status":"publish","type":"page","link":"https:\/\/agora.xtec.cat\/insllicamunt2\/el-nombre-pi\/","title":{"rendered":"El nombre Pi"},"content":{"rendered":"<p style=\"text-align: center;\"><strong>El nombre Pi<\/strong><\/p>\n<p style=\"text-align: center;\"><em><strong>Wislawa Szymborska<\/strong><\/em><\/p>\n<p style=\"text-align: center;\"><a href=\"http:\/\/agora.xtec.cat\/insllicamunt2\/wp-content\/uploads\/usu1100\/2017\/03\/Watermarked2017-03-15-1019.jpg\"><img loading=\"lazy\" decoding=\"async\" class=\"aligncenter size-full wp-image-5331\" src=\"http:\/\/agora.xtec.cat\/insllicamunt2\/wp-content\/uploads\/usu1100\/2017\/03\/Watermarked2017-03-15-1019.jpg\" alt=\"watermarked2017-03-15-1019\" width=\"600\" height=\"450\" srcset=\"https:\/\/agora.xtec.cat\/insllicamunt2\/wp-content\/uploads\/usu1100\/2017\/03\/Watermarked2017-03-15-1019.jpg 600w, https:\/\/agora.xtec.cat\/insllicamunt2\/wp-content\/uploads\/usu1100\/2017\/03\/Watermarked2017-03-15-1019-300x225.jpg 300w, https:\/\/agora.xtec.cat\/insllicamunt2\/wp-content\/uploads\/usu1100\/2017\/03\/Watermarked2017-03-15-1019-200x150.jpg 200w\" sizes=\"auto, (max-width: 600px) 100vw, 600px\" \/><\/a><\/p>\n<p>El nombre Pi \u00e9s ben digne d&#8217;admiraci\u00f3<br \/>\ntres coma u quatre u.<br \/>\nTotes les xifres que segueixen s\u00f3n tamb\u00e9 xifres primeres<br \/>\ncinc nou dos, perqu\u00e8 no s&#8217;acaba mai.<br \/>\nNo permet de ser abastat sis cinc tres cinc amb la mirada,<br \/>\nvuit nou amb el c\u00e0lcul,<br \/>\nset nou amb la fantasia,<br \/>\nni tan sols tres dos tres vuit amb la broma o comparant-lo<br \/>\nquatre sis amb qualsevol cosa<br \/>\ndos sis quatre tres arreu del m\u00f3n.<br \/>\nLa serp m\u00e9s llarga de la Terra despr\u00e9s d&#8217;uns metres s&#8217;acaba.<br \/>\nSi b\u00e9 un xic m\u00e9s tard, els passa als drac de les rondalles.<br \/>\nLa process\u00f3 de xifres de qu\u00e8 consta el nombre Pi<br \/>\nno s&#8217;atura al marge del paper,<br \/>\n\u00e9s capa\u00e7 de prolongar-se per la taula, per l&#8217;aire,<br \/>\nper la t\u00e0pia, les fulles, un niu d&#8217;ocells, els n\u00favols, i continuar pel cel,<br \/>\nper tota la immensitat i la inflor de l&#8217;aire.<br \/>\nLa cua d\u2019una cometa \u00e9s tan breu com la d&#8217;una rata!<br \/>\nla llum d&#8217;un estel \u00e9s tan feble que fins es tor\u00e7a dins l&#8217;espai!<br \/>\nAqu\u00ed en canvi dos tres quinze tres-cents dinou<br \/>\nel meu n\u00famero de tel\u00e8fon el teu n\u00famero de camisa,<br \/>\nany mil nou-cents setanta-tres sisena planta<br \/>\nnombre d&#8217;habitants que t\u00e9 la Terra quatre rals<br \/>\ndos dits l&#8217;ample dels malucs una xarada i un codi xifrat<br \/>\nen el qual trobem rossinyol meu, ara volar\u00e0s, ara cantar\u00e0s<br \/>\nseguit de &#8220;es prega de conservar la calma&#8221;<br \/>\ni tamb\u00e9 el cel i la terra un dia moriran,<br \/>\nper\u00f2 no pas el nombre Pi, ell s\u00ed que no,<br \/>\nell continuar\u00e0 endegant el seu bon cinc<br \/>\nel seu vuit selecte,<br \/>\nel seu set no pas definitiu<br \/>\nesperonant, ai, esperonant la mandrosa eternitat<br \/>\nfins a esdevenir perdurable.<\/p>\n","protected":false},"excerpt":{"rendered":"<p>El nombre Pi<br \/>\nWislawa Szymborska<br \/>\n<a href=\"http:\/\/agora.xtec.cat\/insllicamunt2\/wp-content\/uploads\/usu1100\/2017\/03\/Watermarked2017-03-15-1019.jpg\"><\/a><br \/>\nEl nombre Pi \u00e9s ben digne d&#8217;admiraci\u00f3<br \/>\ntres coma u quatre u.<br \/>\nTotes les xifres que segueixen s\u00f3n tamb\u00e9 xifres primeres<br \/>\ncinc nou dos, perqu\u00e8 no s&#8217;acaba mai.<br \/>\nNo permet de ser abastat sis cinc tres cinc amb la mirada,<br \/>\nvuit nou amb el c\u00e0lcul,<br \/>\nset nou&hellip;  <a href=\"https:\/\/agora.xtec.cat\/insllicamunt2\/el-nombre-pi\/\" title=\"Read El nombre Pi\">Llegeix m\u00e9s\u00bb<\/a><\/p>\n","protected":false},"author":1,"featured_media":0,"parent":0,"menu_order":0,"comment_status":"closed","ping_status":"closed","template":"","meta":{"_bbp_topic_count":0,"_bbp_reply_count":0,"_bbp_total_topic_count":0,"_bbp_total_reply_count":0,"_bbp_voice_count":0,"_bbp_anonymous_reply_count":0,"_bbp_topic_count_hidden":0,"_bbp_reply_count_hidden":0,"_bbp_forum_subforum_count":0,"footnotes":""},"class_list":["post-5329","page","type-page","status-publish","hentry"],"post_mailing_queue_ids":[],"_links":{"self":[{"href":"https:\/\/agora.xtec.cat\/insllicamunt2\/wp-json\/wp\/v2\/pages\/5329","targetHints":{"allow":["GET"]}}],"collection":[{"href":"https:\/\/agora.xtec.cat\/insllicamunt2\/wp-json\/wp\/v2\/pages"}],"about":[{"href":"https:\/\/agora.xtec.cat\/insllicamunt2\/wp-json\/wp\/v2\/types\/page"}],"author":[{"embeddable":true,"href":"https:\/\/agora.xtec.cat\/insllicamunt2\/wp-json\/wp\/v2\/users\/1"}],"replies":[{"embeddable":true,"href":"https:\/\/agora.xtec.cat\/insllicamunt2\/wp-json\/wp\/v2\/comments?post=5329"}],"version-history":[{"count":2,"href":"https:\/\/agora.xtec.cat\/insllicamunt2\/wp-json\/wp\/v2\/pages\/5329\/revisions"}],"predecessor-version":[{"id":5332,"href":"https:\/\/agora.xtec.cat\/insllicamunt2\/wp-json\/wp\/v2\/pages\/5329\/revisions\/5332"}],"wp:attachment":[{"href":"https:\/\/agora.xtec.cat\/insllicamunt2\/wp-json\/wp\/v2\/media?parent=5329"}],"curies":[{"name":"wp","href":"https:\/\/api.w.org\/{rel}","templated":true}]}}