{"id":4247,"date":"2016-09-05T16:11:47","date_gmt":"2016-09-05T14:11:47","guid":{"rendered":"http:\/\/agora.xtec.cat\/insllicamunt2\/?page_id=4247"},"modified":"2016-09-06T00:41:09","modified_gmt":"2016-09-05T22:41:09","slug":"controlassistencia","status":"publish","type":"page","link":"https:\/\/agora.xtec.cat\/insllicamunt2\/institut-hipatia-dalexandria\/controlassistencia\/","title":{"rendered":"Control d&#8217;assist\u00e8ncia"},"content":{"rendered":"<p style=\"text-align: justify;\">A l&#8217;Institut fem servir un gestor d&#8217;assist\u00e8ncia anomenat GEISoft per a registrar\u00a0l&#8217;assist\u00e8ncia dels nostres alumnes, els retards i les incid\u00e8ncies que es puguin produir.<\/p>\n<p style=\"text-align: center;\"><a href=\"https:\/\/gassist.inshipatia.cat\/\" target=\"_blank\"><img loading=\"lazy\" decoding=\"async\" class=\"aligncenter size-full wp-image-4248\" src=\"http:\/\/agora.xtec.cat\/insllicamunt2\/wp-content\/uploads\/usu1100\/2016\/09\/image.png\" alt=\"image\" width=\"180\" height=\"100\" \/><\/a><\/p>\n<p style=\"text-align: justify;\">L&#8217;acc\u00e9s al programa \u00e9s d&#8217;\u00fas restringit\u00a0per al professorat, per\u00f2 les fam\u00edlies reben la informaci\u00f3 pertinent.<\/p>\n<p style=\"text-align: justify;\">Per a accedir a GEISoft, nom\u00e9s cal fer clic a Control d&#8217;assist\u00e8ncia:<\/p>\n<p style=\"text-align: center;\"><a href=\"https:\/\/gassist.inshipatia.cat\/\" target=\"_blank\"><img loading=\"lazy\" decoding=\"async\" class=\"aligncenter size-full wp-image-4253\" src=\"http:\/\/agora.xtec.cat\/insllicamunt2\/wp-content\/uploads\/usu1100\/2016\/09\/image.jpeg\" alt=\"image\" width=\"450\" height=\"200\" srcset=\"https:\/\/agora.xtec.cat\/insllicamunt2\/wp-content\/uploads\/usu1100\/2016\/09\/image.jpeg 450w, https:\/\/agora.xtec.cat\/insllicamunt2\/wp-content\/uploads\/usu1100\/2016\/09\/image-300x133.jpeg 300w\" sizes=\"auto, (max-width: 450px) 100vw, 450px\" \/><\/a><\/p>\n<p style=\"text-align: justify;\">Immediatament s&#8217;obrir\u00e0 la p\u00e0gina d&#8217;inici de sessi\u00f3 de GEISoft. Caldr\u00e0 escriure l&#8217;adre\u00e7a electr\u00f2nica XTEC i la Contrasenya. Despr\u00e9s de clicar el bot\u00f3 &#8220;Inicia la sessi\u00f3&#8221;, haureu entrat a l&#8217;espai de GEISoft.<\/p>\n<p style=\"text-align: justify;\">Si tenim oberta una sessi\u00f3 de Google amb el compte de correu que tenim donat d&#8217;alta a GEISoft, entrarem directament via Google.\u00a0Si, en canvi, tenim oberta una sessi\u00f3 de Google amb un altre correu diferent del que tenim a GEISoft\u00a0ens el tancar\u00e0 i tornarem a la pantalla d&#8217;inici de sessi\u00f3 per tornar a repetir el proc\u00e9s i tornar a entrar amb el nostre compte.<\/p>\n","protected":false},"excerpt":{"rendered":"<p>A l&#8217;Institut fem servir un gestor d&#8217;assist\u00e8ncia anomenat GEISoft per a registrar\u00a0l&#8217;assist\u00e8ncia dels nostres alumnes, els retards i les incid\u00e8ncies que es puguin produir.<br \/>\n<a href=\"https:\/\/gassist.inshipatia.cat\/\" target=\"_blank\"><\/a><br \/>\nL&#8217;acc\u00e9s al programa \u00e9s d&#8217;\u00fas restringit\u00a0per al professorat, per\u00f2 les fam\u00edlies reben la informaci\u00f3 pertinent.<br \/>\nPer a accedir a GEISoft, nom\u00e9s&hellip;  <a href=\"https:\/\/agora.xtec.cat\/insllicamunt2\/institut-hipatia-dalexandria\/controlassistencia\/\" title=\"Read Control d&#8217;assist\u00e8ncia\">Llegeix m\u00e9s\u00bb<\/a><\/p>\n","protected":false},"author":1,"featured_media":0,"parent":2697,"menu_order":26,"comment_status":"closed","ping_status":"closed","template":"page-templates\/side-menu.php","meta":{"_bbp_topic_count":0,"_bbp_reply_count":0,"_bbp_total_topic_count":0,"_bbp_total_reply_count":0,"_bbp_voice_count":0,"_bbp_anonymous_reply_count":0,"_bbp_topic_count_hidden":0,"_bbp_reply_count_hidden":0,"_bbp_forum_subforum_count":0,"footnotes":""},"class_list":["post-4247","page","type-page","status-publish","hentry"],"post_mailing_queue_ids":[],"_links":{"self":[{"href":"https:\/\/agora.xtec.cat\/insllicamunt2\/wp-json\/wp\/v2\/pages\/4247","targetHints":{"allow":["GET"]}}],"collection":[{"href":"https:\/\/agora.xtec.cat\/insllicamunt2\/wp-json\/wp\/v2\/pages"}],"about":[{"href":"https:\/\/agora.xtec.cat\/insllicamunt2\/wp-json\/wp\/v2\/types\/page"}],"author":[{"embeddable":true,"href":"https:\/\/agora.xtec.cat\/insllicamunt2\/wp-json\/wp\/v2\/users\/1"}],"replies":[{"embeddable":true,"href":"https:\/\/agora.xtec.cat\/insllicamunt2\/wp-json\/wp\/v2\/comments?post=4247"}],"version-history":[{"count":4,"href":"https:\/\/agora.xtec.cat\/insllicamunt2\/wp-json\/wp\/v2\/pages\/4247\/revisions"}],"predecessor-version":[{"id":4256,"href":"https:\/\/agora.xtec.cat\/insllicamunt2\/wp-json\/wp\/v2\/pages\/4247\/revisions\/4256"}],"up":[{"embeddable":true,"href":"https:\/\/agora.xtec.cat\/insllicamunt2\/wp-json\/wp\/v2\/pages\/2697"}],"wp:attachment":[{"href":"https:\/\/agora.xtec.cat\/insllicamunt2\/wp-json\/wp\/v2\/media?parent=4247"}],"curies":[{"name":"wp","href":"https:\/\/api.w.org\/{rel}","templated":true}]}}