{"id":379,"date":"2015-03-25T23:23:35","date_gmt":"2015-03-25T22:23:35","guid":{"rendered":"http:\/\/agora.xtec.cat\/insllicamunt2\/?page_id=379"},"modified":"2016-02-10T08:51:38","modified_gmt":"2016-02-10T07:51:38","slug":"protocols-de-redaccio","status":"publish","type":"page","link":"https:\/\/agora.xtec.cat\/insllicamunt2\/protocols-de-redaccio\/","title":{"rendered":"Protocols de redacci\u00f3"},"content":{"rendered":"<p>&nbsp;<\/p>\n<p style=\"text-align: justify;\">Qualsevol membre de la comunitat educativa de l&#8217;Institut Hip\u00e0tia d&#8217;Alexandria pot contribuir en la publicaci\u00f3 d&#8217;articles d&#8217;inter\u00e8s general. Tot i que els continguts dels articles s\u00f3n responsabilitat exclusiva del signant, aquests articles s\u00f3n sotmesos a la moderaci\u00f3 del coordinador TAC sota l&#8217;autoritzaci\u00f3 de la Direcci\u00f3 del centre.<\/p>\n<ul style=\"list-style-type: square;\">\n<li>Enviament d&#8217;articles per a la seva publicaci\u00f3<\/li>\n<li>Publicaci\u00f3 aut\u00f2noma d&#8217;articles<\/li>\n<li style=\"text-align: justify;\">Continguts i estils dels articles<\/li>\n<li style=\"text-align: justify;\">Autoria i autoria compartida<\/li>\n<li style=\"text-align: justify;\">Difusi\u00f3<\/li>\n<li style=\"text-align: justify;\"><a href=\"http:\/\/agora.xtec.cat\/insllicamunt2\/protocols-de-redaccio\/imatges\/\" target=\"_blank\">Imatges<\/a><\/li>\n<li style=\"text-align: justify;\">V\u00eddeos<\/li>\n<li style=\"text-align: justify;\">Comentaris<\/li>\n<\/ul>\n<p style=\"text-align: center;\">&#8211; EN CONSTRUCCI\u00d3 &#8211;<\/p>\n","protected":false},"excerpt":{"rendered":"<p>&nbsp;<br \/>\nQualsevol membre de la comunitat educativa de l&#8217;Institut Hip\u00e0tia d&#8217;Alexandria pot contribuir en la publicaci\u00f3 d&#8217;articles d&#8217;inter\u00e8s general. Tot i que els continguts dels articles s\u00f3n responsabilitat exclusiva del signant, aquests articles s\u00f3n sotmesos a la moderaci\u00f3 del coordinador TAC sota l&#8217;autoritzaci\u00f3 de la Direcci\u00f3&hellip;  <a href=\"https:\/\/agora.xtec.cat\/insllicamunt2\/protocols-de-redaccio\/\" title=\"Read Protocols de redacci\u00f3\">Llegeix m\u00e9s\u00bb<\/a><\/p>\n","protected":false},"author":1,"featured_media":0,"parent":0,"menu_order":1,"comment_status":"closed","ping_status":"closed","template":"","meta":{"_bbp_topic_count":0,"_bbp_reply_count":0,"_bbp_total_topic_count":0,"_bbp_total_reply_count":0,"_bbp_voice_count":0,"_bbp_anonymous_reply_count":0,"_bbp_topic_count_hidden":0,"_bbp_reply_count_hidden":0,"_bbp_forum_subforum_count":0,"footnotes":""},"class_list":["post-379","page","type-page","status-publish","hentry"],"post_mailing_queue_ids":[],"_links":{"self":[{"href":"https:\/\/agora.xtec.cat\/insllicamunt2\/wp-json\/wp\/v2\/pages\/379","targetHints":{"allow":["GET"]}}],"collection":[{"href":"https:\/\/agora.xtec.cat\/insllicamunt2\/wp-json\/wp\/v2\/pages"}],"about":[{"href":"https:\/\/agora.xtec.cat\/insllicamunt2\/wp-json\/wp\/v2\/types\/page"}],"author":[{"embeddable":true,"href":"https:\/\/agora.xtec.cat\/insllicamunt2\/wp-json\/wp\/v2\/users\/1"}],"replies":[{"embeddable":true,"href":"https:\/\/agora.xtec.cat\/insllicamunt2\/wp-json\/wp\/v2\/comments?post=379"}],"version-history":[{"count":4,"href":"https:\/\/agora.xtec.cat\/insllicamunt2\/wp-json\/wp\/v2\/pages\/379\/revisions"}],"predecessor-version":[{"id":1838,"href":"https:\/\/agora.xtec.cat\/insllicamunt2\/wp-json\/wp\/v2\/pages\/379\/revisions\/1838"}],"wp:attachment":[{"href":"https:\/\/agora.xtec.cat\/insllicamunt2\/wp-json\/wp\/v2\/media?parent=379"}],"curies":[{"name":"wp","href":"https:\/\/api.w.org\/{rel}","templated":true}]}}