{"id":2880,"date":"2016-05-04T12:20:19","date_gmt":"2016-05-04T11:20:19","guid":{"rendered":"http:\/\/agora.xtec.cat\/insllicamunt2\/intraweb\/proves-cangur\/"},"modified":"2016-05-07T07:19:25","modified_gmt":"2016-05-07T06:19:25","slug":"proves-cangur","status":"publish","type":"page","link":"https:\/\/agora.xtec.cat\/insllicamunt2\/institut-hipatia-dalexandria\/proves-cangur\/","title":{"rendered":"Proves Cangur"},"content":{"rendered":"<p>&nbsp;<\/p>\n<div align=\"center\">\n<p style=\"text-align: justify;\"><span style=\"font-size: medium;\"><span style=\"font-family: arial,helvetica,sans-serif;\">El Cangur \u00e9s una activitat impulsada per la Societat Internacional Le Kangourou sans Fronti\u00e8res, de la qual \u00e9s membre la Societat Catalana de Matem\u00e0tiques que, per aquesta ra\u00f3, \u00e9s l&#8217;entitat titular del Cangur en llengua catalana.<\/span><\/span><\/p>\n<p style=\"text-align: justify;\"><span style=\"font-size: medium;\"><span style=\"font-family: arial,helvetica,sans-serif;\">El XX Cangur de la SCM, el Cangur 2015, es convoca a les seus de Catalunya, per al dia 19 de mar\u00e7 de 2015.<br \/>\n<\/span><\/span><\/p>\n<p><span style=\"font-size: medium;\"><span style=\"font-family: arial,helvetica,sans-serif;\"><img decoding=\"async\" src=\"http:\/\/agora.xtec.cat\/insllicamunt2\/wp-content\/uploads\/usu1100\/2016\/05\/ProvesCangur.png\" alt=\"\" border=\"0\" \/><\/span><\/span><\/p>\n<p><span style=\"font-size: medium;\"><span style=\"font-family: arial,helvetica,sans-serif;\"><a href=\"http:\/\/www.cangur.org\/\" target=\"_blank\">Societat Catalana de Matem\u00e0tiques<\/a><\/span><\/span><\/p>\n<\/div>\n<table style=\"width: 100%; border: 0px solid #ffffff; border-collapse: collapse;\" cellpadding=\"5\" align=\"absmiddle\">\n<tbody>\n<tr>\n<td style=\"border: 0px solid #ffffff;\" align=\"center\"><img loading=\"lazy\" decoding=\"async\" src=\"http:\/\/agora.xtec.cat\/insllicamunt2\/wp-content\/uploads\/usu1100\/2016\/05\/Cangur1.jpg\" alt=\"\" width=\"252\" height=\"189\" \/><\/td>\n<td style=\"border: 0px solid #ffffff;\" align=\"center\"><img loading=\"lazy\" decoding=\"async\" src=\"http:\/\/agora.xtec.cat\/insllicamunt2\/wp-content\/uploads\/usu1100\/2016\/05\/Cangur2.jpg\" alt=\"\" width=\"252\" height=\"189\" \/><\/td>\n<td style=\"border: 0px solid #ffffff;\" align=\"center\"><img loading=\"lazy\" decoding=\"async\" src=\"http:\/\/agora.xtec.cat\/insllicamunt2\/wp-content\/uploads\/usu1100\/2016\/05\/Cangur3.jpg\" alt=\"\" width=\"252\" height=\"189\" \/><\/td>\n<\/tr>\n<\/tbody>\n<\/table>\n<p align=\"justify\">\n","protected":false},"excerpt":{"rendered":"<p>&nbsp;<\/p>\n<p>El Cangur \u00e9s una activitat impulsada per la Societat Internacional Le Kangourou sans Fronti\u00e8res, de la qual \u00e9s membre la Societat Catalana de Matem\u00e0tiques que, per aquesta ra\u00f3, \u00e9s l&#8217;entitat titular del Cangur en llengua catalana.<br \/>\nEl XX Cangur de la SCM, el Cangur 2015, es&hellip;  <a href=\"https:\/\/agora.xtec.cat\/insllicamunt2\/institut-hipatia-dalexandria\/proves-cangur\/\" title=\"Read Proves Cangur\">Llegeix m\u00e9s\u00bb<\/a><\/p>\n","protected":false},"author":1,"featured_media":0,"parent":2697,"menu_order":20,"comment_status":"closed","ping_status":"closed","template":"page-templates\/side-menu.php","meta":{"_bbp_topic_count":0,"_bbp_reply_count":0,"_bbp_total_topic_count":0,"_bbp_total_reply_count":0,"_bbp_voice_count":0,"_bbp_anonymous_reply_count":0,"_bbp_topic_count_hidden":0,"_bbp_reply_count_hidden":0,"_bbp_forum_subforum_count":0,"footnotes":""},"class_list":["post-2880","page","type-page","status-publish","hentry"],"post_mailing_queue_ids":[],"_links":{"self":[{"href":"https:\/\/agora.xtec.cat\/insllicamunt2\/wp-json\/wp\/v2\/pages\/2880","targetHints":{"allow":["GET"]}}],"collection":[{"href":"https:\/\/agora.xtec.cat\/insllicamunt2\/wp-json\/wp\/v2\/pages"}],"about":[{"href":"https:\/\/agora.xtec.cat\/insllicamunt2\/wp-json\/wp\/v2\/types\/page"}],"author":[{"embeddable":true,"href":"https:\/\/agora.xtec.cat\/insllicamunt2\/wp-json\/wp\/v2\/users\/1"}],"replies":[{"embeddable":true,"href":"https:\/\/agora.xtec.cat\/insllicamunt2\/wp-json\/wp\/v2\/comments?post=2880"}],"version-history":[{"count":2,"href":"https:\/\/agora.xtec.cat\/insllicamunt2\/wp-json\/wp\/v2\/pages\/2880\/revisions"}],"predecessor-version":[{"id":3195,"href":"https:\/\/agora.xtec.cat\/insllicamunt2\/wp-json\/wp\/v2\/pages\/2880\/revisions\/3195"}],"up":[{"embeddable":true,"href":"https:\/\/agora.xtec.cat\/insllicamunt2\/wp-json\/wp\/v2\/pages\/2697"}],"wp:attachment":[{"href":"https:\/\/agora.xtec.cat\/insllicamunt2\/wp-json\/wp\/v2\/media?parent=2880"}],"curies":[{"name":"wp","href":"https:\/\/api.w.org\/{rel}","templated":true}]}}