{"id":2853,"date":"2016-05-04T12:20:17","date_gmt":"2016-05-04T11:20:17","guid":{"rendered":"http:\/\/agora.xtec.cat\/insllicamunt2\/intraweb\/sant-jordi\/"},"modified":"2016-05-07T07:18:32","modified_gmt":"2016-05-07T06:18:32","slug":"sant-jordi","status":"publish","type":"page","link":"https:\/\/agora.xtec.cat\/insllicamunt2\/institut-hipatia-dalexandria\/sant-jordi\/","title":{"rendered":"Sant Jordi"},"content":{"rendered":"<div align=\"center\">\n<p>&nbsp;<\/p>\n<p style=\"text-align: justify;\"><span style=\"font-family: arial,helvetica,sans-serif; font-size: medium;\">Juntament amb la festa de Nadal, aquesta \u00e9s la m\u00e9s sonada de tot el curs. Els alumnes realitzen actuacions art\u00edstiques i culturals que han preparat a l&#8217;aula o que, de forma aut\u00f2noma, han volgut oferir a tot l&#8217;institut.<\/span><\/p>\n<p style=\"text-align: justify;\">La festa es realitza a l&#8217;Ateneu de l&#8217;Alian\u00e7a, on es fa el lliurament, tamb\u00e9, dels premis literaris i de producci\u00f3 art\u00edctica (fotografia matem\u00e0tica, v\u00eddeos, etc.).<\/p>\n<p>&nbsp;<\/p>\n<p style=\"text-align: center;\"><iframe loading=\"lazy\" src=\"https:\/\/www.youtube-nocookie.com\/embed\/3S-oyCf3P1Q?rel=0&amp;controls=0&amp;showinfo=0\" width=\"600\" height=\"335\" frameborder=\"0\" allowfullscreen=\"allowfullscreen\"><\/iframe><\/p>\n<\/div>\n","protected":false},"excerpt":{"rendered":"<p>&nbsp;<br \/>\nJuntament amb la festa de Nadal, aquesta \u00e9s la m\u00e9s sonada de tot el curs. Els alumnes realitzen actuacions art\u00edstiques i culturals que han preparat a l&#8217;aula o que, de forma aut\u00f2noma, han volgut oferir a tot l&#8217;institut.<br \/>\nLa festa es realitza a l&#8217;Ateneu de l&#8217;Alian\u00e7a,&hellip;  <a href=\"https:\/\/agora.xtec.cat\/insllicamunt2\/institut-hipatia-dalexandria\/sant-jordi\/\" title=\"Read Sant Jordi\">Llegeix m\u00e9s\u00bb<\/a><\/p>\n","protected":false},"author":1,"featured_media":0,"parent":2697,"menu_order":19,"comment_status":"closed","ping_status":"closed","template":"page-templates\/side-menu.php","meta":{"_bbp_topic_count":0,"_bbp_reply_count":0,"_bbp_total_topic_count":0,"_bbp_total_reply_count":0,"_bbp_voice_count":0,"_bbp_anonymous_reply_count":0,"_bbp_topic_count_hidden":0,"_bbp_reply_count_hidden":0,"_bbp_forum_subforum_count":0,"footnotes":""},"class_list":["post-2853","page","type-page","status-publish","hentry"],"post_mailing_queue_ids":[],"_links":{"self":[{"href":"https:\/\/agora.xtec.cat\/insllicamunt2\/wp-json\/wp\/v2\/pages\/2853","targetHints":{"allow":["GET"]}}],"collection":[{"href":"https:\/\/agora.xtec.cat\/insllicamunt2\/wp-json\/wp\/v2\/pages"}],"about":[{"href":"https:\/\/agora.xtec.cat\/insllicamunt2\/wp-json\/wp\/v2\/types\/page"}],"author":[{"embeddable":true,"href":"https:\/\/agora.xtec.cat\/insllicamunt2\/wp-json\/wp\/v2\/users\/1"}],"replies":[{"embeddable":true,"href":"https:\/\/agora.xtec.cat\/insllicamunt2\/wp-json\/wp\/v2\/comments?post=2853"}],"version-history":[{"count":2,"href":"https:\/\/agora.xtec.cat\/insllicamunt2\/wp-json\/wp\/v2\/pages\/2853\/revisions"}],"predecessor-version":[{"id":3194,"href":"https:\/\/agora.xtec.cat\/insllicamunt2\/wp-json\/wp\/v2\/pages\/2853\/revisions\/3194"}],"up":[{"embeddable":true,"href":"https:\/\/agora.xtec.cat\/insllicamunt2\/wp-json\/wp\/v2\/pages\/2697"}],"wp:attachment":[{"href":"https:\/\/agora.xtec.cat\/insllicamunt2\/wp-json\/wp\/v2\/media?parent=2853"}],"curies":[{"name":"wp","href":"https:\/\/api.w.org\/{rel}","templated":true}]}}