{"id":2811,"date":"2016-05-04T12:20:09","date_gmt":"2016-05-04T11:20:09","guid":{"rendered":"http:\/\/agora.xtec.cat\/insllicamunt2\/intraweb\/area-mat\/"},"modified":"2017-02-10T08:20:02","modified_gmt":"2017-02-10T07:20:02","slug":"area-mat","status":"publish","type":"page","link":"https:\/\/agora.xtec.cat\/insllicamunt2\/departaments\/departament-de-ciencies\/area-mat\/","title":{"rendered":"\u00c0rea de Matem\u00e0tiques"},"content":{"rendered":"<p>&nbsp;<\/p>\n<p style=\"text-align: justify;\" align=\"center\"><span style=\"font-size: medium;\"><span style=\"font-family: arial,helvetica,sans-serif;\">L&#8217;\u00e0rea de Matem\u00e0tiques segueix el curr\u00edculum marcat pel Departament d&#8217;Ensenyament. A m\u00e9s, ens marquem com a objectiu aconseguir que l&#8217;alumnat apreci\u00ef aquesta mat\u00e8ria i la vegi des d&#8217;altres vessants menys acad\u00e8miques, sense deixar de banda l&#8217;esfor\u00e7 i la const\u00e0ncia que molt sovint requereix.<\/span><\/span><\/p>\n<p style=\"text-align: justify;\" align=\"center\"><span style=\"font-size: medium;\"><span style=\"font-family: arial,helvetica,sans-serif;\">Els continguts s\u00f3n els seg\u00fcents:<br \/>\n<\/span><\/span><\/p>\n<p align=\"justify\"><em><span style=\"font-size: medium;\"><span style=\"font-family: arial,helvetica,sans-serif;\"><span style=\"color: #165878;\"><strong>1r d&#8217;ESO<br \/>\n<\/strong><\/span><\/span><\/span><\/em><\/p>\n<p style=\"padding-left: 30px;\" align=\"justify\"><span style=\"font-family: arial,helvetica,sans-serif; font-size: medium;\">1. Els nombres naturals<br \/>\n<\/span><\/p>\n<p style=\"padding-left: 30px;\" align=\"justify\"><span style=\"font-family: arial,helvetica,sans-serif; font-size: medium;\">2. Divisibilitat<\/span><\/p>\n<p style=\"padding-left: 30px;\" align=\"justify\"><span style=\"font-family: arial,helvetica,sans-serif; font-size: medium;\">3. Els nombres racionals<br \/>\n<\/span><\/p>\n<p style=\"padding-left: 30px;\" align=\"justify\"><span style=\"font-family: arial,helvetica,sans-serif; font-size: medium;\">4. Els nombres decimals. La mesura<br \/>\n<\/span><\/p>\n<p style=\"padding-left: 30px;\" align=\"justify\"><span style=\"font-family: arial,helvetica,sans-serif; font-size: medium;\">5. Proporcionalitat i percentatges<br \/>\n<\/span><\/p>\n<p style=\"padding-left: 30px;\" align=\"justify\"><span style=\"font-family: arial,helvetica,sans-serif; font-size: medium;\">6. Estad\u00edstica i probabilitat<br \/>\n<\/span><\/p>\n<p style=\"padding-left: 30px;\" align=\"justify\"><span style=\"font-family: arial,helvetica,sans-serif; font-size: medium;\">7. L&#8217;\u00e0rea dels pol\u00edgons i del cercle<br \/>\n<\/span><\/p>\n<p align=\"justify\"><span style=\"font-size: medium;\"><span style=\"font-family: arial,helvetica,sans-serif;\">\u00a0<\/span><\/span><\/p>\n<table style=\"width: 100%; border: 0px solid #ffffff; border-collapse: collapse;\" cellpadding=\"5\" align=\"absmiddle\">\n<tbody>\n<tr>\n<td style=\"border: 0px solid #ffffff;\" align=\"center\"><img loading=\"lazy\" decoding=\"async\" src=\"http:\/\/agora.xtec.cat\/insllicamunt2\/wp-content\/uploads\/usu1100\/2016\/05\/MAfoto1.jpeg\" alt=\"\" width=\"252\" height=\"189\" \/><\/td>\n<td style=\"border: 0px solid #ffffff;\" align=\"center\"><img loading=\"lazy\" decoding=\"async\" src=\"http:\/\/agora.xtec.cat\/insllicamunt2\/wp-content\/uploads\/usu1100\/2016\/05\/MAfoto2.jpeg\" alt=\"\" width=\"252\" height=\"189\" \/><\/td>\n<td style=\"border: 0px solid #ffffff;\" align=\"center\"><img loading=\"lazy\" decoding=\"async\" src=\"http:\/\/agora.xtec.cat\/insllicamunt2\/wp-content\/uploads\/usu1100\/2016\/05\/MAfoto3.jpeg\" alt=\"\" width=\"252\" height=\"189\" \/><\/td>\n<\/tr>\n<\/tbody>\n<\/table>\n<p align=\"justify\"><em><span style=\"font-size: medium;\"><span style=\"font-family: arial,helvetica,sans-serif;\"><span style=\"color: #165878;\"><strong>2n d&#8217;ESO<br \/>\n<\/strong><\/span><\/span><\/span><\/em><\/p>\n<p style=\"padding-left: 30px;\" align=\"justify\"><span style=\"font-family: arial,helvetica,sans-serif; font-size: medium;\">1. Els nombres enters<br \/>\n<\/span><\/p>\n<p style=\"padding-left: 30px;\" align=\"justify\"><span style=\"font-family: arial,helvetica,sans-serif; font-size: medium;\">2. Estad\u00edstica<br \/>\n<\/span><\/p>\n<p style=\"padding-left: 30px;\" align=\"justify\"><span style=\"font-family: arial,helvetica,sans-serif; font-size: medium;\">3. Llenguatge algebraic. Equacions<br \/>\n<\/span><\/p>\n<p style=\"padding-left: 30px;\" align=\"justify\"><span style=\"font-family: arial,helvetica,sans-serif; font-size: medium;\">4. Funcions<br \/>\n<\/span><\/p>\n<p style=\"padding-left: 30px;\" align=\"justify\"><span style=\"font-family: arial,helvetica,sans-serif; font-size: medium;\">5. Geometria plana<br \/>\n<\/span><\/p>\n<p style=\"padding-left: 30px;\" align=\"justify\"><span style=\"font-family: arial,helvetica,sans-serif; font-size: medium;\">6. Poliedres i cossos rodons<br \/>\n<\/span><\/p>\n<p align=\"justify\"><span style=\"font-size: medium;\"><span style=\"font-family: arial,helvetica,sans-serif;\">\u00a0<\/span><\/span><\/p>\n<table style=\"width: 100%; border: 0px solid #ffffff; border-collapse: collapse;\" cellpadding=\"5\" align=\"absmiddle\">\n<tbody>\n<tr>\n<td style=\"border: 0px solid #ffffff;\" align=\"center\"><img loading=\"lazy\" decoding=\"async\" src=\"http:\/\/agora.xtec.cat\/insllicamunt2\/wp-content\/uploads\/usu1100\/2016\/05\/MAfoto4.jpeg\" alt=\"\" width=\"252\" height=\"189\" \/><\/td>\n<td style=\"border: 0px solid #ffffff;\" align=\"center\"><img loading=\"lazy\" decoding=\"async\" src=\"http:\/\/agora.xtec.cat\/insllicamunt2\/wp-content\/uploads\/usu1100\/2016\/05\/MAfoto5.jpeg\" alt=\"\" width=\"252\" height=\"189\" \/><\/td>\n<td style=\"border: 0px solid #ffffff;\" align=\"center\"><img loading=\"lazy\" decoding=\"async\" src=\"http:\/\/agora.xtec.cat\/insllicamunt2\/wp-content\/uploads\/usu1100\/2016\/05\/MAfoto6.jpeg\" alt=\"\" width=\"252\" height=\"189\" \/><\/td>\n<\/tr>\n<\/tbody>\n<\/table>\n<p align=\"justify\"><em><span style=\"font-size: medium;\"><span style=\"font-family: arial,helvetica,sans-serif;\"><span style=\"color: #165878;\"><strong>3r d&#8217;ESO<br \/>\n<\/strong><\/span><\/span><\/span><\/em><\/p>\n<p style=\"padding-left: 30px;\" align=\"justify\"><span style=\"font-family: arial,helvetica,sans-serif; font-size: medium;\">1. Estad\u00edstica<br \/>\n<\/span><\/p>\n<p style=\"padding-left: 30px;\" align=\"justify\">2. Combinat\u00f2ria i probabilitat<\/p>\n<p style=\"padding-left: 30px;\" align=\"justify\">3. Nombres racionals i pot\u00e8ncies<\/p>\n<p style=\"padding-left: 30px;\" align=\"justify\">4. Successions<\/p>\n<p style=\"padding-left: 30px;\" align=\"justify\"><span style=\"font-family: arial,helvetica,sans-serif; font-size: medium;\">5. Equacions de primer i segon grau<br \/>\n<\/span><\/p>\n<p style=\"padding-left: 30px;\" align=\"justify\"><span style=\"font-family: arial,helvetica,sans-serif; font-size: medium;\">6. Sistemes d&#8217;equacions lineals<br \/>\n<\/span><\/p>\n<p style=\"padding-left: 30px;\" align=\"justify\"><span style=\"font-family: arial,helvetica,sans-serif; font-size: medium;\">7. Geometria plana. Moviments al pla <\/span><\/p>\n<p align=\"justify\"><span style=\"font-size: medium;\"><span style=\"font-family: arial,helvetica,sans-serif;\">\u00a0<\/span><\/span><\/p>\n<table style=\"width: 100%; border: 0px solid #ffffff; border-collapse: collapse;\" cellpadding=\"5\" align=\"absmiddle\">\n<tbody>\n<tr>\n<td style=\"border: 0px solid #ffffff;\" align=\"center\"><img loading=\"lazy\" decoding=\"async\" src=\"http:\/\/agora.xtec.cat\/insllicamunt2\/wp-content\/uploads\/usu1100\/2016\/05\/MAfoto7.jpeg\" alt=\"\" width=\"252\" height=\"189\" \/><\/td>\n<td style=\"border: 0px solid #ffffff;\" align=\"center\"><img loading=\"lazy\" decoding=\"async\" src=\"http:\/\/agora.xtec.cat\/insllicamunt2\/wp-content\/uploads\/usu1100\/2016\/05\/MAfoto8.jpeg\" alt=\"\" width=\"252\" height=\"189\" \/><\/td>\n<td style=\"border: 0px solid #ffffff;\" align=\"center\"><img loading=\"lazy\" decoding=\"async\" src=\"http:\/\/agora.xtec.cat\/insllicamunt2\/wp-content\/uploads\/usu1100\/2016\/05\/MAfoto9.jpeg\" alt=\"\" width=\"252\" height=\"189\" \/><\/td>\n<\/tr>\n<\/tbody>\n<\/table>\n<p align=\"justify\"><em><span style=\"font-size: medium;\"><span style=\"font-family: arial,helvetica,sans-serif;\"><span style=\"color: #165878;\"><strong>4t d&#8217;ESO<br \/>\n<\/strong><\/span><\/span><\/span><\/em><\/p>\n<p style=\"padding-left: 30px;\" align=\"justify\"><span style=\"font-family: arial,helvetica,sans-serif; font-size: medium;\">1. Els nombres reals<br \/>\n<\/span><\/p>\n<p style=\"padding-left: 30px;\" align=\"justify\"><span style=\"font-family: arial,helvetica,sans-serif; font-size: medium;\">2. Estad\u00edstica i probabilitat<\/span><\/p>\n<p style=\"padding-left: 30px;\" align=\"justify\"><span style=\"font-family: arial,helvetica,sans-serif; font-size: medium;\">3. Polinomis, equacions i inequacions<br \/>\n<\/span><\/p>\n<p style=\"padding-left: 30px;\" align=\"justify\"><span style=\"font-family: arial,helvetica,sans-serif; font-size: medium;\">4. Funcions<br \/>\n<\/span><\/p>\n<p style=\"padding-left: 30px;\" align=\"justify\">5. Geometria plana<\/p>\n<p style=\"padding-left: 30px;\" align=\"justify\"><span style=\"font-family: arial,helvetica,sans-serif; font-size: medium;\">6. Trigonometria<\/span><\/p>\n<p align=\"justify\"><span style=\"font-size: medium;\"><span style=\"font-family: arial,helvetica,sans-serif;\">\u00a0<\/span><\/span><\/p>\n<table style=\"width: 100%; border: 0px solid #ffffff; border-collapse: collapse;\" cellpadding=\"5\" align=\"absmiddle\">\n<tbody>\n<tr>\n<td style=\"border: 0px solid #ffffff;\" align=\"center\"><img loading=\"lazy\" decoding=\"async\" src=\"http:\/\/agora.xtec.cat\/insllicamunt2\/wp-content\/uploads\/usu1100\/2016\/05\/MAfoto10.jpeg\" alt=\"\" width=\"252\" height=\"189\" \/><\/td>\n<td style=\"border: 0px solid #ffffff;\" align=\"center\"><img loading=\"lazy\" decoding=\"async\" src=\"http:\/\/agora.xtec.cat\/insllicamunt2\/wp-content\/uploads\/usu1100\/2016\/05\/MAfoto11.jpeg\" alt=\"\" width=\"252\" height=\"189\" \/><\/td>\n<td style=\"border: 0px solid #ffffff;\" align=\"center\"><img loading=\"lazy\" decoding=\"async\" src=\"http:\/\/agora.xtec.cat\/insllicamunt2\/wp-content\/uploads\/usu1100\/2016\/05\/MAfoto12.jpeg\" alt=\"\" width=\"252\" height=\"189\" \/><\/td>\n<\/tr>\n<\/tbody>\n<\/table>\n<p>&nbsp;<\/p>\n","protected":false},"excerpt":{"rendered":"<p>&nbsp;<br \/>\nL&#8217;\u00e0rea de Matem\u00e0tiques segueix el curr\u00edculum marcat pel Departament d&#8217;Ensenyament. A m\u00e9s, ens marquem com a objectiu aconseguir que l&#8217;alumnat apreci\u00ef aquesta mat\u00e8ria i la vegi des d&#8217;altres vessants menys acad\u00e8miques, sense deixar de banda l&#8217;esfor\u00e7 i la const\u00e0ncia que molt sovint requereix.<br \/>\nEls continguts s\u00f3n&hellip;  <a href=\"https:\/\/agora.xtec.cat\/insllicamunt2\/departaments\/departament-de-ciencies\/area-mat\/\" title=\"Read \u00c0rea de Matem\u00e0tiques\">Llegeix m\u00e9s\u00bb<\/a><\/p>\n","protected":false},"author":1,"featured_media":0,"parent":2764,"menu_order":4,"comment_status":"closed","ping_status":"closed","template":"page-templates\/side-menu.php","meta":{"_bbp_topic_count":0,"_bbp_reply_count":0,"_bbp_total_topic_count":0,"_bbp_total_reply_count":0,"_bbp_voice_count":0,"_bbp_anonymous_reply_count":0,"_bbp_topic_count_hidden":0,"_bbp_reply_count_hidden":0,"_bbp_forum_subforum_count":0,"footnotes":""},"class_list":["post-2811","page","type-page","status-publish","hentry"],"post_mailing_queue_ids":[],"_links":{"self":[{"href":"https:\/\/agora.xtec.cat\/insllicamunt2\/wp-json\/wp\/v2\/pages\/2811","targetHints":{"allow":["GET"]}}],"collection":[{"href":"https:\/\/agora.xtec.cat\/insllicamunt2\/wp-json\/wp\/v2\/pages"}],"about":[{"href":"https:\/\/agora.xtec.cat\/insllicamunt2\/wp-json\/wp\/v2\/types\/page"}],"author":[{"embeddable":true,"href":"https:\/\/agora.xtec.cat\/insllicamunt2\/wp-json\/wp\/v2\/users\/1"}],"replies":[{"embeddable":true,"href":"https:\/\/agora.xtec.cat\/insllicamunt2\/wp-json\/wp\/v2\/comments?post=2811"}],"version-history":[{"count":3,"href":"https:\/\/agora.xtec.cat\/insllicamunt2\/wp-json\/wp\/v2\/pages\/2811\/revisions"}],"predecessor-version":[{"id":5071,"href":"https:\/\/agora.xtec.cat\/insllicamunt2\/wp-json\/wp\/v2\/pages\/2811\/revisions\/5071"}],"up":[{"embeddable":true,"href":"https:\/\/agora.xtec.cat\/insllicamunt2\/wp-json\/wp\/v2\/pages\/2764"}],"wp:attachment":[{"href":"https:\/\/agora.xtec.cat\/insllicamunt2\/wp-json\/wp\/v2\/media?parent=2811"}],"curies":[{"name":"wp","href":"https:\/\/api.w.org\/{rel}","templated":true}]}}