{"id":1551,"date":"2016-01-15T08:36:29","date_gmt":"2016-01-15T07:36:29","guid":{"rendered":"http:\/\/agora.xtec.cat\/insllicamunt2\/?page_id=1551"},"modified":"2016-02-11T21:52:43","modified_gmt":"2016-02-11T20:52:43","slug":"imatges","status":"publish","type":"page","link":"https:\/\/agora.xtec.cat\/insllicamunt2\/protocols-de-redaccio\/imatges\/","title":{"rendered":"Imatges"},"content":{"rendered":"<p>&nbsp;<\/p>\n<p>&nbsp;<\/p>\n<ul>\n<li style=\"text-align: justify;\">Les imatges contingudes als articles han de ser originals i respectar els drets d&#8217;imatge de les persones que hi apareguin (han d&#8217;haver cedit pr\u00e8viament l&#8217;explotaci\u00f3 d&#8217;aquests drets de forma documental). L&#8217;enviament d&#8217;imatges per a la seva publicaci\u00f3 a la revista implica l&#8217;autoritzaci\u00f3 expressa de l&#8217;autor per a la seva difusi\u00f3.<\/li>\n<\/ul>\n<p>&nbsp;<\/p>\n<ul>\n<li style=\"text-align: justify;\">Les imatges han de tenir una relaci\u00f3 de mides similar a 600 x 450 p\u00edxels, amb un pes aproximat entre 100KB i 250KB. Han de ser de qualitat i amb format jpg\/jpeg. Cliqueu <a href=\"http:\/\/agora.xtec.cat\/insllicamunt2\/protocols-de-redaccio\/imatges\/escalat-dimatges-amb-gimp\/\" target=\"_blank\">AQU\u00cd<\/a> per accedir al tutorial per a escalar i donar format jpg a les imatges.<\/li>\n<\/ul>\n<p>&nbsp;<\/p>\n<ul>\n<li style=\"text-align: justify;\">Les imatges s&#8217;han de penjar als \u00e0lbums web de <a href=\"https:\/\/accounts.google.com\/ServiceLogin?hl=ca&amp;continue=https%3A%2F%2Fpicasaweb.google.com%2Flh%2Flogin%3Fcontinue%3Dhttps%253A%252F%252Fpicasaweb.google.com%252Fhome&amp;service=lh2&amp;ltmpl=gp&amp;passive=true#identifier\" target=\"_blank\">Picasa<\/a> de comptes autoritzats per la Direcci\u00f3 del centre o per l&#8217;administraci\u00f3 del Departament d&#8217;Ensenyament. Aquests \u00e0lbums han de tenir una configuraci\u00f3 de difusi\u00f3<em> &#8220;limitada, a tothom qui tingui l&#8217;enlla\u00e7&#8221;<\/em>, de manera que sigui possible la seva visualitzaci\u00f3 des de la revista per\u00f2 no des d&#8217;altres plataformes. Cliqueu <a href=\"http:\/\/agora.xtec.cat\/insllicamunt2\/protocols-de-redaccio\/imatges\/penjar-imatges-al-picasaweb\/\" target=\"_blank\">AQU\u00cd <\/a>per accedir al tutorial per penjar imatges al Picasaweb.<\/li>\n<\/ul>\n","protected":false},"excerpt":{"rendered":"<p>&nbsp;<br \/>\n&nbsp;<\/p>\n<ul>\n<li style=\"text-align: justify;\">Les imatges contingudes als articles han de ser originals i respectar els drets d&#8217;imatge de les persones que hi apareguin (han d&#8217;haver cedit pr\u00e8viament l&#8217;explotaci\u00f3 d&#8217;aquests drets de forma documental). L&#8217;enviament d&#8217;imatges per a la seva publicaci\u00f3 a la revista implica l&#8217;autoritzaci\u00f3 expressa&hellip;  <a href=\"https:\/\/agora.xtec.cat\/insllicamunt2\/protocols-de-redaccio\/imatges\/\" title=\"Read Imatges\">Llegeix m\u00e9s\u00bb<\/a><br \/>\n","protected":false},"author":1,"featured_media":0,"parent":379,"menu_order":0,"comment_status":"closed","ping_status":"closed","template":"","meta":{"_bbp_topic_count":0,"_bbp_reply_count":0,"_bbp_total_topic_count":0,"_bbp_total_reply_count":0,"_bbp_voice_count":0,"_bbp_anonymous_reply_count":0,"_bbp_topic_count_hidden":0,"_bbp_reply_count_hidden":0,"_bbp_forum_subforum_count":0,"footnotes":""},"class_list":["post-1551","page","type-page","status-publish","hentry"],"post_mailing_queue_ids":[],"_links":{"self":[{"href":"https:\/\/agora.xtec.cat\/insllicamunt2\/wp-json\/wp\/v2\/pages\/1551","targetHints":{"allow":["GET"]}}],"collection":[{"href":"https:\/\/agora.xtec.cat\/insllicamunt2\/wp-json\/wp\/v2\/pages"}],"about":[{"href":"https:\/\/agora.xtec.cat\/insllicamunt2\/wp-json\/wp\/v2\/types\/page"}],"author":[{"embeddable":true,"href":"https:\/\/agora.xtec.cat\/insllicamunt2\/wp-json\/wp\/v2\/users\/1"}],"replies":[{"embeddable":true,"href":"https:\/\/agora.xtec.cat\/insllicamunt2\/wp-json\/wp\/v2\/comments?post=1551"}],"version-history":[{"count":4,"href":"https:\/\/agora.xtec.cat\/insllicamunt2\/wp-json\/wp\/v2\/pages\/1551\/revisions"}],"predecessor-version":[{"id":1866,"href":"https:\/\/agora.xtec.cat\/insllicamunt2\/wp-json\/wp\/v2\/pages\/1551\/revisions\/1866"}],"up":[{"embeddable":true,"href":"https:\/\/agora.xtec.cat\/insllicamunt2\/wp-json\/wp\/v2\/pages\/379"}],"wp:attachment":[{"href":"https:\/\/agora.xtec.cat\/insllicamunt2\/wp-json\/wp\/v2\/media?parent=1551"}],"curies":[{"name":"wp","href":"https:\/\/api.w.org\/{rel}","templated":true}]}}