{"id":9906,"date":"2022-02-28T20:42:22","date_gmt":"2022-02-28T19:42:22","guid":{"rendered":"https:\/\/agora.xtec.cat\/insllanca\/?page_id=9906"},"modified":"2024-05-22T20:53:05","modified_gmt":"2024-05-22T18:53:05","slug":"mobilitat","status":"publish","type":"page","link":"https:\/\/agora.xtec.cat\/insllanca\/mobilitat\/","title":{"rendered":"Mobilitat"},"content":{"rendered":"<p>El\u00a0<strong>projecte CETE+\u00a0<\/strong>\u00e9s un projecte Erasmus+ KA120 subvencionat per la Uni\u00f3 Europea amb l\u2019objectiu de millorar l\u2019aprenentatge de l\u2019alumnat i dels centres educatius que hi participen. Aquest consorci CETE+ est\u00e0 format per 88 centres educatius de Catalunya (escoles i instituts). Cada microconsorci t\u00e9 un equip impulsor amb un\/a coordinador\/a com a referent del Servei de Lleng\u00fces Estrangeres del Departament d\u2019Educaci\u00f3.<\/p>\n<p>Aquest any, i fins el 2023, el nostre centre forma part del microconsorci MALD (Mobilitat de llarga durada per a l\u2019aprenentatge de lleng\u00fces estrangeres) dins del projecte Erasmus+. L\u2019objectiu del MALD a llarg termini \u00e9s dotar els centres educatius amb les eines de gesti\u00f3 i les xarxes de contactes per participar en els \u00e0mbits internacionals realitzant pel seu compte accions d\u2019internalitzaci\u00f3 que incloguin mobilitats d\u2019alumnes i professorat de llarga durada que s\u2019incorporin amb un valor pedag\u00f2gic a l\u2019aula.<\/p>\n<p>Aquest any el nostre centre estar\u00e0 dotat d\u2019almenys dues mobilitats de professorat que inclouen un\u00a0<i>job-shadowing<\/i>\u00a0(per\u00edode d\u2019observaci\u00f3 en un centre estranger) i un curs de formaci\u00f3 tamb\u00e9 fora del territori nacional.<\/p>\n<p>Formar part d\u2019aquest projecte ens permetr\u00e0 millorar, compartir, ser m\u00e9s internacionals i formar al professorat per aprendre noves metodologies, estrat\u00e8gies, eines digitals, etc.<\/p>\n<p>&nbsp;<\/p>\n<p><em>ESPA\u00d1OL<\/em><\/p>\n<p>El\u00a0<strong>proyecto\u00a0CETE+\u00a0<\/strong>es un proyecto Erasmus+ KA120 subvencionado por la Uni\u00f3n Europea con el objetivo de mejorar el aprendizaje del alumnado y de los centros educativos que participan. Este consorcio\u00a0CETE+\u00a0est\u00e1 formado por 88 centros educativos de Catalu\u00f1a (escuelas e institutos). Cada microconsorcio tiene un equipo impulsor con uno\/a coordinador\/a como referente del Servicio de Lenguas Extranjeras del Departamento de Educaci\u00f3n.<\/p>\n<p>Este a\u00f1o, y hasta 2023, nuestro centro forma parte del microconsorcio MALD (Movilidad de larga duraci\u00f3n para el aprendizaje de lenguas extranjeras) dentro del proyecto Erasmus+. El objetivo del MALD a largo plazo es dotar los centros educativos con las herramientas de gesti\u00f3n y las redes de contactos para participar en los \u00e1mbitos internacionales realizando por su cuenta acciones de internalizaci\u00f3n que incluyan movilidades de alumnas y profesorado de larga duraci\u00f3n que se incorporen con un valor pedag\u00f3gico al aula.<\/p>\n<p>Este a\u00f1o nuestro centro estar\u00e1 dotado de al menos dos movilidades de profesorado que incluyen un\u00a0<em>job-shadowing<\/em>\u00a0(periodo de observaci\u00f3n en un centro extranjero) y un curso de formaci\u00f3n tambi\u00e9n fuera del territorio nacional.<\/p>\n<p>Formar parte de este proyecto nos permitir\u00e1 mejorar, compartir, ser m\u00e1s internacionales y formar al profesorado para aprender nuevas metodolog\u00edas, estrategias, herramientas digitales, etc.<\/p>\n<p>&nbsp;<\/p>\n<p><em>ENGLISH<\/em><\/p>\n<p>The\u00a0<strong>CETE+ project<\/strong>\u00a0is an Erasmus+ KA120 project funded by the European Union with the aim of improving the learning of students and schools involved. This CETE+ consortium is made up of 88 educational centers in Catalonia (schools and high schools). Each micro-consortium has a team with a coordinator as a referent of the Foreign Language Service of the Department of Education.<\/p>\n<p>This year, and until 2023, our school is part of the MALD micro-consortium (Long-term Mobility for Foreign Language Learning) within the Erasmus+ project. The long-term objective of MALD is to provide schools with the management tools and networks to participate in international environments by carrying out their own internalization actions, including long-term mobilities of students and teachers that are incorporated with a pedagogical value in the classroom.<\/p>\n<p>This year, our center will be provided with at least two mobilities of teachers including a job-shadowing (observation period in a foreign center) and a training course also outside the national territory.<\/p>\n<p>Being part of this project will allow us to improve, to share, to be more international and to train teachers to learn new methodologies, strategies, digital tools, etc.<\/p>\n<p>&nbsp;<\/p>\n<p>&nbsp;<\/p>\n<p>El proyecto\u00a0\u00a0CETE+\u00a0 est\u00e1 cofinanciado por la Uni\u00f3n Europea. Las opiniones y puntos de vista expresados<i>\u00a0<\/i>en esta publicaci\u00f3n\u00a0s\u00f3lo comprometen al Departamento de Educaci\u00f3n de Catalu\u00f1a y no reflejan necesariamente los de la Uni\u00f3n Europea ni los del Servicio Espa\u00f1ol para la Internacionalizaci\u00f3n de la Educaci\u00f3n (SEPIE). Ni la Uni\u00f3n Europea ni la Agencia Nacional SEPIE pueden ser considerados responsables de ellos.<\/p>\n<p>&nbsp;<\/p>\n<p>The CETE+ project is co-funded by the Erasmus+ programme of the European Union. The content of publication is the sole responsibility of the \u00a0Department of Education and neither the European Commission nor the Spanish Service for the Internationalisation of Education (SEPIE) is responsible for any use that may be made of the information contained therein.<\/p>\n<p><a href=\"https:\/\/agora.xtec.cat\/insllanca\/wp-content\/uploads\/usu1388\/2022\/01\/es_cofinanciado_por_la_union_europea_pos.png\"><img loading=\"lazy\" decoding=\"async\" class=\"size-large wp-image-9821 aligncenter\" src=\"https:\/\/agora.xtec.cat\/insllanca\/wp-content\/uploads\/usu1388\/2022\/01\/es_cofinanciado_por_la_union_europea_pos-1024x215.png\" sizes=\"auto, (max-width: 1024px) 100vw, 1024px\" srcset=\"https:\/\/agora.xtec.cat\/insllanca\/wp-content\/uploads\/usu1388\/2022\/01\/es_cofinanciado_por_la_union_europea_pos-1024x215.png 1024w, https:\/\/agora.xtec.cat\/insllanca\/wp-content\/uploads\/usu1388\/2022\/01\/es_cofinanciado_por_la_union_europea_pos-300x63.png 300w, https:\/\/agora.xtec.cat\/insllanca\/wp-content\/uploads\/usu1388\/2022\/01\/es_cofinanciado_por_la_union_europea_pos-768x161.png 768w, https:\/\/agora.xtec.cat\/insllanca\/wp-content\/uploads\/usu1388\/2022\/01\/es_cofinanciado_por_la_union_europea_pos-1536x322.png 1536w, https:\/\/agora.xtec.cat\/insllanca\/wp-content\/uploads\/usu1388\/2022\/01\/es_cofinanciado_por_la_union_europea_pos-2048x429.png 2048w\" alt=\"\" width=\"1024\" height=\"215\" \/><\/a><\/p>\n","protected":false},"excerpt":{"rendered":"<p>El\u00a0projecte CETE+\u00a0\u00e9s un projecte Erasmus+ KA120 subvencionat per la Uni\u00f3 Europea amb l\u2019objectiu de millorar l\u2019aprenentatge de l\u2019alumnat i dels centres educatius que hi participen. Aquest consorci CETE+ est\u00e0 format per 88 centres educatius de Catalunya (escoles i instituts). Cada microconsorci t\u00e9 un equip impulsor&hellip;  <a href=\"https:\/\/agora.xtec.cat\/insllanca\/mobilitat\/\" title=\"Read Mobilitat\">Llegeix m\u00e9s\u00bb<\/a><\/p>\n","protected":false},"author":66,"featured_media":0,"parent":0,"menu_order":0,"comment_status":"closed","ping_status":"closed","template":"page-templates\/side-menu.php","meta":{"_bbp_topic_count":0,"_bbp_reply_count":0,"_bbp_total_topic_count":0,"_bbp_total_reply_count":0,"_bbp_voice_count":0,"_bbp_anonymous_reply_count":0,"_bbp_topic_count_hidden":0,"_bbp_reply_count_hidden":0,"_bbp_forum_subforum_count":0,"footnotes":""},"class_list":["post-9906","page","type-page","status-publish","hentry"],"post_mailing_queue_ids":[],"_links":{"self":[{"href":"https:\/\/agora.xtec.cat\/insllanca\/wp-json\/wp\/v2\/pages\/9906","targetHints":{"allow":["GET"]}}],"collection":[{"href":"https:\/\/agora.xtec.cat\/insllanca\/wp-json\/wp\/v2\/pages"}],"about":[{"href":"https:\/\/agora.xtec.cat\/insllanca\/wp-json\/wp\/v2\/types\/page"}],"author":[{"embeddable":true,"href":"https:\/\/agora.xtec.cat\/insllanca\/wp-json\/wp\/v2\/users\/66"}],"replies":[{"embeddable":true,"href":"https:\/\/agora.xtec.cat\/insllanca\/wp-json\/wp\/v2\/comments?post=9906"}],"version-history":[{"count":4,"href":"https:\/\/agora.xtec.cat\/insllanca\/wp-json\/wp\/v2\/pages\/9906\/revisions"}],"predecessor-version":[{"id":12674,"href":"https:\/\/agora.xtec.cat\/insllanca\/wp-json\/wp\/v2\/pages\/9906\/revisions\/12674"}],"wp:attachment":[{"href":"https:\/\/agora.xtec.cat\/insllanca\/wp-json\/wp\/v2\/media?parent=9906"}],"curies":[{"name":"wp","href":"https:\/\/api.w.org\/{rel}","templated":true}]}}