{"id":81,"date":"2014-09-18T10:38:05","date_gmt":"2014-09-18T10:38:05","guid":{"rendered":"http:\/\/agora.xtec.cat\/insllanca\/?page_id=81"},"modified":"2022-10-14T18:57:02","modified_gmt":"2022-10-14T16:57:02","slug":"secretaria","status":"publish","type":"page","link":"https:\/\/agora.xtec.cat\/insllanca\/secretaria\/","title":{"rendered":"Secretaria"},"content":{"rendered":"<p><strong>Conserges:<\/strong> Marga Roqueta i Gustau P\u00e9rez<\/p>\n<p><strong>Administrativa:<\/strong> Merche Alcoceba<\/p>\n<p>Contacte amb secretaria (consultes administratives):<br \/>\n<a href=\"mailto:b7006769@xtec.cat\">secretaria<span class=\"\">@insllanca.cat<\/span><\/a><\/p>\n<p>L&#8217;horari d&#8217;atenci\u00f3 de secretaria \u00e9s de dilluns a divendres de 10:00 a 14:00.<\/p>\n<ul>\n<li>Tr\u00e0mits (sol\u00b7licitud de certificats&#8230;)<\/li>\n<li>Preinscripci\u00f3 i Matr\u00edcula<\/li>\n<li>Beques i ajuts<\/li>\n<li>Proves d&#8217;acc\u00e9s als cicles formatius<\/li>\n<li>etc.<\/li>\n<\/ul>\n<p>Podeu trobar m\u00e9s informaci\u00f3 a l&#8217;enlla\u00e7\u00a0<a href=\"http:\/\/agora.xtec.cat\/insllanca\/docs\/?bpd_tag=secretaria\">Documents<\/a>.<\/p>\n","protected":false},"excerpt":{"rendered":"<p>Conserges: Marga Roqueta i Gustau P\u00e9rez<br \/>\nAdministrativa: Merche Alcoceba<br \/>\nContacte amb secretaria (consultes administratives):<br \/>\n<a href=\"mailto:b7006769@xtec.cat\">secretaria@insllanca.cat<\/a><br \/>\nL&#8217;horari d&#8217;atenci\u00f3 de secretaria \u00e9s de dilluns a divendres de 10:00 a 14:00.<\/p>\n<ul>\n<li>Tr\u00e0mits (sol\u00b7licitud de certificats&#8230;)<\/li>\n<li>Preinscripci\u00f3 i Matr\u00edcula<\/li>\n<li>Beques i ajuts<\/li>\n<li>Proves d&#8217;acc\u00e9s als cicles formatius<\/li>\n<li>etc.<\/li>\n<\/ul>\n<p>Podeu trobar m\u00e9s informaci\u00f3 a l&#8217;enlla\u00e7\u00a0<a href=\"http:\/\/agora.xtec.cat\/insllanca\/docs\/?bpd_tag=secretaria\">Documents<\/a>.<\/p>\n","protected":false},"author":1,"featured_media":0,"parent":0,"menu_order":0,"comment_status":"closed","ping_status":"closed","template":"page-templates\/side-menu.php","meta":{"_bbp_topic_count":0,"_bbp_reply_count":0,"_bbp_total_topic_count":0,"_bbp_total_reply_count":0,"_bbp_voice_count":0,"_bbp_anonymous_reply_count":0,"_bbp_topic_count_hidden":0,"_bbp_reply_count_hidden":0,"_bbp_forum_subforum_count":0,"footnotes":""},"class_list":["post-81","page","type-page","status-publish","hentry"],"post_mailing_queue_ids":[],"_links":{"self":[{"href":"https:\/\/agora.xtec.cat\/insllanca\/wp-json\/wp\/v2\/pages\/81","targetHints":{"allow":["GET"]}}],"collection":[{"href":"https:\/\/agora.xtec.cat\/insllanca\/wp-json\/wp\/v2\/pages"}],"about":[{"href":"https:\/\/agora.xtec.cat\/insllanca\/wp-json\/wp\/v2\/types\/page"}],"author":[{"embeddable":true,"href":"https:\/\/agora.xtec.cat\/insllanca\/wp-json\/wp\/v2\/users\/1"}],"replies":[{"embeddable":true,"href":"https:\/\/agora.xtec.cat\/insllanca\/wp-json\/wp\/v2\/comments?post=81"}],"version-history":[{"count":4,"href":"https:\/\/agora.xtec.cat\/insllanca\/wp-json\/wp\/v2\/pages\/81\/revisions"}],"predecessor-version":[{"id":10764,"href":"https:\/\/agora.xtec.cat\/insllanca\/wp-json\/wp\/v2\/pages\/81\/revisions\/10764"}],"wp:attachment":[{"href":"https:\/\/agora.xtec.cat\/insllanca\/wp-json\/wp\/v2\/media?parent=81"}],"curies":[{"name":"wp","href":"https:\/\/api.w.org\/{rel}","templated":true}]}}