{"id":678,"date":"2016-10-25T20:16:59","date_gmt":"2016-10-25T18:16:59","guid":{"rendered":"http:\/\/agora.xtec.cat\/insllanca\/?page_id=678"},"modified":"2022-11-25T21:37:45","modified_gmt":"2022-11-25T20:37:45","slug":"programa-salut-i-escola","status":"publish","type":"page","link":"https:\/\/agora.xtec.cat\/insllanca\/projectes\/programa-salut-i-escola\/","title":{"rendered":"Programa salut i escola"},"content":{"rendered":"<h5 lang=\"ca-ES\" align=\"CENTER\"><\/h5>\n<h5 lang=\"ca-ES\" align=\"CENTER\"><\/h5>\n<h5 lang=\"ca-ES\" style=\"text-align: left;\" align=\"CENTER\"><b><\/b><a href=\"http:\/\/agora.xtec.cat\/insllanca\/wp-content\/uploads\/usu1388\/2016\/10\/QU\u00c8-S\u00d3N-ELS-POLLS.doc\"><strong>Informaci\u00f3 tractament dels polls<\/strong><\/a><\/h5>\n<p lang=\"ca-ES\" align=\"CENTER\"><span style=\"font-family: Arial, sans-serif;\"><span style=\"font-size: large;\"><b>Consulta Oberta.<\/b><\/span><\/span><\/p>\n<p lang=\"ca-ES\" style=\"text-align: left;\" align=\"CENTER\"><b><\/b><span style=\"font-family: Arial, sans-serif;\">Servei adre<a href=\"http:\/\/agora.xtec.cat\/insllanca\/wp-content\/uploads\/usu1388\/2016\/10\/retolconsultasalutiescola-1.png\"><img loading=\"lazy\" decoding=\"async\" class=\"wp-image-683 size-thumbnail alignleft\" src=\"http:\/\/agora.xtec.cat\/insllanca\/wp-content\/uploads\/usu1388\/2016\/10\/retolconsultasalutiescola-1-150x150.png\" alt=\"retolconsultasalutiescola-1\" width=\"150\" height=\"150\" \/><\/a>\u00e7at als alumnes i coordinat pel Programa Salut i Escola. \u00c9s una actuaci\u00f3 dels departaments de Salut i d\u2019Educaci\u00f3 de la Generalitat de Catalunya.<\/span><\/p>\n<p lang=\"ca-ES\" align=\"JUSTIFY\"><span style=\"font-family: Arial, sans-serif;\">Aquest programa t\u00e9 com a principal objectiu posar a disposici\u00f3 dels alumnes d\u2019ESO i Batxillerat, un recurs sanitari de proximitat en el qual un\/a infermer\/a pugui aconsellar-los en els temes que els preocupen, com ara els h\u00e0bits alimentaris, la sexualitat i l\u2019afectivitat i les drogodepend\u00e8ncies, entre d\u2019altres. Les consultes tenen un car\u00e0cter totalment confidencial mentre que aix\u00f2 no sigui contraproduent per a la salut de l\u2019alumne\/a.<\/span><\/p>\n<p lang=\"ca-ES\" align=\"JUSTIFY\"><span style=\"font-family: Arial, sans-serif;\">Els alumnes poden accedir a la Consulta Oberta b\u00e0sicament a petici\u00f3 pr\u00f2pia. Altres vies d\u2019acc\u00e9s \u00e9s a proposta del professorat, de l\u2019equip psicopedag\u00f2gic del centre o b\u00e9 dels propis pares o tutors legals.<\/span><\/p>\n<p lang=\"ca-ES\" align=\"JUSTIFY\"><span style=\"font-family: Arial, sans-serif;\">Per tant, setmanalment, un\/a professional d\u2019infermeria at\u00e9n els dubtes d\u2019aquests alumnes relacionats amb aspectes de la seva salut en la consulta oberta, ja sigui presencialment o virtual a trav\u00e9s correu electr\u00f2nic.<\/span><\/p>\n<p lang=\"ca-ES\" align=\"JUSTIFY\"><span style=\"font-family: Arial, sans-serif;\">Aquest \/a professional infermer\/a de l\u2019Equip d\u2019Atenci\u00f3 Prim\u00e0ria exerceix una funci\u00f3 purament preventiva i, en cap cas, administra medicaments.<\/span><\/p>\n<p align=\"JUSTIFY\"><span style=\"font-family: Arial, sans-serif;\"><span lang=\"ca-ES\">Al INS LLAN\u00c7\u00c0, el professional infermer, responsable de la Consulta Oberta<\/span><\/span><span style=\"font-family: Arial, sans-serif;\"><span lang=\"ca-ES\">, \u00e9s Eva del Campo Fern\u00e1ndez, infermera de l\u2019ABS Llan\u00e7\u00e0.<\/span><\/span><\/p>\n<p lang=\"ca-ES\" align=\"JUSTIFY\"><span style=\"font-family: Arial, sans-serif;\">Posa\u2019t en contacte si ho necessites amb el teu tutor\/a o la secret\u00e0ria de l&#8217;institut.<\/span><\/p>\n","protected":false},"excerpt":{"rendered":"<p><a href=\"http:\/\/agora.xtec.cat\/insllanca\/wp-content\/uploads\/usu1388\/2016\/10\/QU\u00c8-S\u00d3N-ELS-POLLS.doc\">Informaci\u00f3 tractament dels polls<\/a><br \/>\nConsulta Oberta.<br \/>\nServei adre<a href=\"http:\/\/agora.xtec.cat\/insllanca\/wp-content\/uploads\/usu1388\/2016\/10\/retolconsultasalutiescola-1.png\"><\/a>\u00e7at als alumnes i coordinat pel Programa Salut i Escola. \u00c9s una actuaci\u00f3 dels departaments de Salut i d\u2019Educaci\u00f3 de la Generalitat de Catalunya.<br \/>\nAquest programa t\u00e9 com a principal objectiu posar a disposici\u00f3 dels alumnes d\u2019ESO i Batxillerat,&hellip;  <a href=\"https:\/\/agora.xtec.cat\/insllanca\/projectes\/programa-salut-i-escola\/\" title=\"Read Programa salut i escola\">Llegeix m\u00e9s\u00bb<\/a><\/p>\n","protected":false},"author":1,"featured_media":0,"parent":676,"menu_order":1,"comment_status":"closed","ping_status":"closed","template":"","meta":{"_bbp_topic_count":0,"_bbp_reply_count":0,"_bbp_total_topic_count":0,"_bbp_total_reply_count":0,"_bbp_voice_count":0,"_bbp_anonymous_reply_count":0,"_bbp_topic_count_hidden":0,"_bbp_reply_count_hidden":0,"_bbp_forum_subforum_count":0,"footnotes":""},"class_list":["post-678","page","type-page","status-publish","hentry"],"post_mailing_queue_ids":[],"_links":{"self":[{"href":"https:\/\/agora.xtec.cat\/insllanca\/wp-json\/wp\/v2\/pages\/678","targetHints":{"allow":["GET"]}}],"collection":[{"href":"https:\/\/agora.xtec.cat\/insllanca\/wp-json\/wp\/v2\/pages"}],"about":[{"href":"https:\/\/agora.xtec.cat\/insllanca\/wp-json\/wp\/v2\/types\/page"}],"author":[{"embeddable":true,"href":"https:\/\/agora.xtec.cat\/insllanca\/wp-json\/wp\/v2\/users\/1"}],"replies":[{"embeddable":true,"href":"https:\/\/agora.xtec.cat\/insllanca\/wp-json\/wp\/v2\/comments?post=678"}],"version-history":[{"count":3,"href":"https:\/\/agora.xtec.cat\/insllanca\/wp-json\/wp\/v2\/pages\/678\/revisions"}],"predecessor-version":[{"id":10991,"href":"https:\/\/agora.xtec.cat\/insllanca\/wp-json\/wp\/v2\/pages\/678\/revisions\/10991"}],"up":[{"embeddable":true,"href":"https:\/\/agora.xtec.cat\/insllanca\/wp-json\/wp\/v2\/pages\/676"}],"wp:attachment":[{"href":"https:\/\/agora.xtec.cat\/insllanca\/wp-json\/wp\/v2\/media?parent=678"}],"curies":[{"name":"wp","href":"https:\/\/api.w.org\/{rel}","templated":true}]}}