{"id":46,"date":"2014-09-17T16:53:45","date_gmt":"2014-09-17T16:53:45","guid":{"rendered":"http:\/\/agora.xtec.cat\/insllanca\/?page_id=46"},"modified":"2026-04-16T14:52:05","modified_gmt":"2026-04-16T12:52:05","slug":"organigrama","status":"publish","type":"page","link":"https:\/\/agora.xtec.cat\/insllanca\/linstitut\/organigrama\/","title":{"rendered":"Organigrama"},"content":{"rendered":"<p>La base de funcionament del centre en els aspectes de gesti\u00f3, administraci\u00f3 i direcci\u00f3 s\u00f3n:<\/p>\n<ul>\n<li>L\u2019equip directiu: director\/a, cap d\u2019estudis, coordinador\/a pedag\u00f2gica i secretari\/a.<\/li>\n<li>El Consell Escolar: director\/a, cap d\u2019estudis, secretari\/a, representants del professorat, representant de l\u2019Ajuntament, representants dels pares d\u2019alumnes, representants dels alumnes i representant del PAS.<\/li>\n<li>La Comissi\u00f3 Pedag\u00f2gica i d\u2019Atenci\u00f3 a la Diversitat: formada pel representant de l\u2019EAP, coordinador\/a pedag\u00f2gica, cap d&#8217;estudis i psicopedagoc\/gues del centre.<\/li>\n<li>Tutories de grup classe.<\/li>\n<\/ul>\n<p><a href=\"https:\/\/agora.xtec.cat\/insllanca\/wp-content\/uploads\/usu1388\/2025\/09\/ORGANIGRAMA-INS-LLANCA-e1759249651865.jpg\"><img loading=\"lazy\" decoding=\"async\" class=\" wp-image-13877 aligncenter\" src=\"https:\/\/agora.xtec.cat\/insllanca\/wp-content\/uploads\/usu1388\/2025\/09\/ORGANIGRAMA-INS-LLANCA-e1759249651865-1024x908.jpg\" alt=\"\" width=\"843\" height=\"747\" srcset=\"https:\/\/agora.xtec.cat\/insllanca\/wp-content\/uploads\/usu1388\/2025\/09\/ORGANIGRAMA-INS-LLANCA-e1759249651865-1024x908.jpg 1024w, https:\/\/agora.xtec.cat\/insllanca\/wp-content\/uploads\/usu1388\/2025\/09\/ORGANIGRAMA-INS-LLANCA-e1759249651865-300x266.jpg 300w, https:\/\/agora.xtec.cat\/insllanca\/wp-content\/uploads\/usu1388\/2025\/09\/ORGANIGRAMA-INS-LLANCA-e1759249651865-768x681.jpg 768w, https:\/\/agora.xtec.cat\/insllanca\/wp-content\/uploads\/usu1388\/2025\/09\/ORGANIGRAMA-INS-LLANCA-e1759249651865-1536x1361.jpg 1536w, https:\/\/agora.xtec.cat\/insllanca\/wp-content\/uploads\/usu1388\/2025\/09\/ORGANIGRAMA-INS-LLANCA-e1759249651865.jpg 1583w\" sizes=\"auto, (max-width: 843px) 100vw, 843px\" \/><\/a><\/p>\n<hr \/>\n<p>La relaci\u00f3 de c\u00e0rrecs directius i de coordinaci\u00f3 del curs 2025-2026 \u00e9s la seg\u00fcent:<\/p>\n<table width=\"639\">\n<tbody>\n<tr>\n<td style=\"width: 331px;\"><strong>Director\/a<\/strong><\/p>\n<ul>\n<li>Sergi Matar\u00edn<\/li>\n<\/ul>\n<p><strong>Cap d\u2019Estudis<\/strong><\/p>\n<ul>\n<li>N\u00faria P\u00e9rez<\/li>\n<\/ul>\n<p><strong>Coordinador\/a Pedag\u00f2gic\/a<\/strong><\/p>\n<ul>\n<li>Dolors Cervera<\/li>\n<\/ul>\n<p><strong>Secretari\/a<\/strong><\/p>\n<ul>\n<li>Pau Pous<\/li>\n<\/ul>\n<p><strong>Cap Departament de Lleng\u00fces estrangeres<\/strong><\/p>\n<ul>\n<li>Gisela Massana<\/li>\n<\/ul>\n<p><strong>Cap Departament de Socials<\/strong><\/p>\n<ul>\n<li>Laia Tom\u00e0s<\/li>\n<\/ul>\n<p><strong>Cap Departament de Matem\u00e0tiques<\/strong><\/p>\n<ul>\n<li>Dani Esqu\u00e9<\/li>\n<\/ul>\n<p><strong>Cap Departament de Lletres<\/strong><\/p>\n<ul>\n<li>Al\u00edcia Rojas<\/li>\n<\/ul>\n<p><strong>Cap Departament de Ci\u00e8ncies<\/strong><\/p>\n<ul>\n<li>Anna Molist<\/li>\n<\/ul>\n<p><strong>Cap Departament d&#8217;Expressi\u00f3<\/strong><\/p>\n<ul>\n<li>Arnau Castell<\/li>\n<\/ul>\n<p><strong>Cap Departament d&#8217;Orientaci\u00f3<\/strong><\/p>\n<ul>\n<li>Marta Icart<\/li>\n<\/ul>\n<p><strong>Coordinador\/a ESO<\/strong><\/p>\n<ul>\n<li>Judit Xutcl\u00e0<\/li>\n<\/ul>\n<p><strong>Coordinador\/a Batxillerat i IOC<\/strong><\/p>\n<ul>\n<li>Alba Subir\u00f3s<\/li>\n<\/ul>\n<p><strong>Coordinador\/a Treballs de Recerca<\/strong><\/p>\n<ul>\n<li>Roser Molins<\/li>\n<\/ul>\n<p><strong>Coordinador\/a Batxibac<\/strong><\/p>\n<ul>\n<li>Xavier Melero<\/li>\n<\/ul>\n<p><strong>Coordinador\/s Cicle Formatiu<\/strong><\/p>\n<ul>\n<li>Am\u00e8lia Bold\u00f3<\/li>\n<li>N\u00faria Garc\u00eda<\/li>\n<\/ul>\n<\/td>\n<td style=\"width: 300px;\">\n<ul>\n<li><strong style=\"font-family: inherit; font-size: 1em;\">Coordinador\/a EdM d&#8217;innovaci\u00f3<\/strong><\/li>\n<\/ul>\n<ul>\n<li>Pilar Santiago<\/li>\n<\/ul>\n<p><strong>Coordinador\/a EdM d&#8217;avaluaci\u00f3<\/strong><\/p>\n<ul>\n<li>Judit Xutcl\u00e0<\/li>\n<\/ul>\n<p><strong>Coordinador\/a EdM d&#8217;entorn<\/strong><\/p>\n<ul>\n<li>N\u00faria Garc\u00eda<\/li>\n<\/ul>\n<p><strong>Coordinador\/a EdM millora del centre<\/strong><\/p>\n<ul>\n<li>Carla Blanchon<\/li>\n<\/ul>\n<p><strong>Coordinador\/a COCOBE<\/strong><\/p>\n<ul>\n<li>Meritxell Pom\u00e9s<\/li>\n<\/ul>\n<p><strong>Coordinador\/a LIC<\/strong><\/p>\n<ul>\n<li>Mar Card\u00fas<\/li>\n<\/ul>\n<p><strong>Coordinador\/a Biblioteca<\/strong><\/p>\n<ul>\n<li>Laia Tom\u00e0s<\/li>\n<\/ul>\n<p><strong>Coordinador\/a Riscos Laborals<\/strong><\/p>\n<ul>\n<li>J\u00falia F\u00e0brega<\/li>\n<\/ul>\n<p><strong>Coordinador\/s Digital<\/strong><\/p>\n<ul>\n<li>Adri\u00e0 Sabater<\/li>\n<li>N\u00faria P\u00e9rez<\/li>\n<\/ul>\n<p><strong>Coordinador\/a Mald (Erasmus+)<\/strong><\/p>\n<ul>\n<li>Alba Subir\u00f3s<\/li>\n<\/ul>\n<p><strong>Coordinador\/a Pla de Qualitat i Millora<\/strong><\/p>\n<ul>\n<li>Aina Holgueras<\/li>\n<\/ul>\n<p><strong>Coordinador\/a de Medi Ambient<\/strong><\/p>\n<ul>\n<li>Montse Bonet<\/li>\n<\/ul>\n<p><strong>Coordinador\/s Xarxes socials i Web<\/strong><\/p>\n<ul>\n<li>Alba Subir\u00f3s<\/li>\n<li>N\u00faria P\u00e9rez<\/li>\n<\/ul>\n<\/td>\n<\/tr>\n<\/tbody>\n<\/table>\n<hr \/>\n<p><strong>TUTORS D&#8217;AULA PER GRUPS \u2013 Curs 2024-2025<\/strong><\/p>\n<table style=\"width: 47.0809%; height: 780px;\">\n<tbody>\n<tr style=\"height: 33px;\">\n<td style=\"height: 33px; width: 48.8506%;\" width=\"212\"><strong>GRUP<\/strong><\/td>\n<td style=\"height: 33px; width: 49.1379%;\" width=\"212\"><strong>TUTOR\/A<br \/>\n<\/strong><\/td>\n<\/tr>\n<tr style=\"height: 33px;\">\n<td style=\"height: 33px; width: 48.8506%;\" width=\"212\"><strong>1r A<\/strong><\/td>\n<td style=\"height: 33px; width: 49.1379%;\" width=\"212\"><span data-sheets-value=\"{&quot;1&quot;:2,&quot;2&quot;:&quot;Judit Xutcl\u00e0&quot;}\" data-sheets-userformat=\"{&quot;2&quot;:12861,&quot;3&quot;:{&quot;1&quot;:0},&quot;5&quot;:{&quot;1&quot;:[{&quot;1&quot;:2,&quot;2&quot;:0,&quot;5&quot;:[null,2,0]},{&quot;1&quot;:0,&quot;2&quot;:0,&quot;3&quot;:3},{&quot;1&quot;:1,&quot;2&quot;:0,&quot;4&quot;:1}]},&quot;6&quot;:{&quot;1&quot;:[{&quot;1&quot;:2,&quot;2&quot;:0,&quot;5&quot;:[null,2,0]},{&quot;1&quot;:0,&quot;2&quot;:0,&quot;3&quot;:3},{&quot;1&quot;:1,&quot;2&quot;:0,&quot;4&quot;:1}]},&quot;7&quot;:{&quot;1&quot;:[{&quot;1&quot;:2,&quot;2&quot;:0,&quot;5&quot;:[null,2,0]},{&quot;1&quot;:0,&quot;2&quot;:0,&quot;3&quot;:3},{&quot;1&quot;:1,&quot;2&quot;:0,&quot;4&quot;:1}]},&quot;8&quot;:{&quot;1&quot;:[{&quot;1&quot;:2,&quot;2&quot;:0,&quot;5&quot;:[null,2,0]},{&quot;1&quot;:0,&quot;2&quot;:0,&quot;3&quot;:3},{&quot;1&quot;:1,&quot;2&quot;:0,&quot;4&quot;:1}]},&quot;12&quot;:0,&quot;15&quot;:&quot;Arial&quot;,&quot;16&quot;:12}\">Judit Xutcl\u00e0<\/span><\/td>\n<\/tr>\n<tr style=\"height: 33px;\">\n<td style=\"height: 33px; width: 48.8506%;\" width=\"212\"><strong>1r B<\/strong><\/td>\n<td style=\"height: 33px; width: 49.1379%;\" width=\"212\"><span data-sheets-value=\"{&quot;1&quot;:2,&quot;2&quot;:&quot;Judit Xutcl\u00e0&quot;}\" data-sheets-userformat=\"{&quot;2&quot;:12861,&quot;3&quot;:{&quot;1&quot;:0},&quot;5&quot;:{&quot;1&quot;:[{&quot;1&quot;:2,&quot;2&quot;:0,&quot;5&quot;:[null,2,0]},{&quot;1&quot;:0,&quot;2&quot;:0,&quot;3&quot;:3},{&quot;1&quot;:1,&quot;2&quot;:0,&quot;4&quot;:1}]},&quot;6&quot;:{&quot;1&quot;:[{&quot;1&quot;:2,&quot;2&quot;:0,&quot;5&quot;:[null,2,0]},{&quot;1&quot;:0,&quot;2&quot;:0,&quot;3&quot;:3},{&quot;1&quot;:1,&quot;2&quot;:0,&quot;4&quot;:1}]},&quot;7&quot;:{&quot;1&quot;:[{&quot;1&quot;:2,&quot;2&quot;:0,&quot;5&quot;:[null,2,0]},{&quot;1&quot;:0,&quot;2&quot;:0,&quot;3&quot;:3},{&quot;1&quot;:1,&quot;2&quot;:0,&quot;4&quot;:1}]},&quot;8&quot;:{&quot;1&quot;:[{&quot;1&quot;:2,&quot;2&quot;:0,&quot;5&quot;:[null,2,0]},{&quot;1&quot;:0,&quot;2&quot;:0,&quot;3&quot;:3},{&quot;1&quot;:1,&quot;2&quot;:0,&quot;4&quot;:1}]},&quot;12&quot;:0,&quot;15&quot;:&quot;Arial&quot;,&quot;16&quot;:12}\">Marta Collell<\/span><\/td>\n<\/tr>\n<tr style=\"height: 33px;\">\n<td style=\"height: 33px; width: 48.8506%;\" width=\"212\"><strong>1r C<\/strong><\/td>\n<td style=\"height: 33px; width: 49.1379%;\" width=\"212\">Montse Bonet<\/td>\n<\/tr>\n<tr style=\"height: 33px;\">\n<td style=\"width: 48.8506%; height: 33px;\"><strong>2n A<\/strong><\/td>\n<td style=\"width: 49.1379%; height: 33px;\">Mayra Hors<\/td>\n<\/tr>\n<tr style=\"height: 24px;\">\n<td style=\"height: 24px; width: 48.8506%;\" width=\"212\"><strong>2n B<\/strong><\/td>\n<td style=\"height: 24px; width: 49.1379%;\" width=\"212\">J\u00falia F\u00e0brega<\/td>\n<\/tr>\n<tr style=\"height: 31px;\">\n<td style=\"height: 31px; width: 48.8506%;\" width=\"212\"><strong>2n C<\/strong><\/td>\n<td style=\"height: 31px; width: 49.1379%;\" width=\"212\">Aina Holgueras<\/td>\n<\/tr>\n<tr style=\"height: 31px;\">\n<td style=\"height: 31px; width: 48.8506%;\" width=\"212\"><strong>2n D<\/strong><\/td>\n<td style=\"height: 31px; width: 49.1379%;\" width=\"212\">M\u00f2nica Fern\u00e1ndez<\/td>\n<\/tr>\n<tr style=\"height: 33px;\">\n<td style=\"height: 33px; width: 48.8506%;\" width=\"212\"><strong>3r A<\/strong><\/td>\n<td style=\"height: 33px; width: 49.1379%;\" width=\"212\">Dani Esqu\u00e9<\/td>\n<\/tr>\n<tr style=\"height: 33px;\">\n<td style=\"height: 33px; width: 48.8506%;\" width=\"212\"><strong>3r B<\/strong><\/td>\n<td style=\"height: 33px; width: 49.1379%;\" width=\"212\">Anna Molist<\/td>\n<\/tr>\n<tr style=\"height: 33px;\">\n<td style=\"height: 33px; width: 48.8506%;\" width=\"212\"><strong>3r C<\/strong><\/td>\n<td style=\"height: 33px; width: 49.1379%;\" width=\"212\">Josep M. Benet<\/td>\n<\/tr>\n<tr>\n<td style=\"width: 48.8506%;\"><strong>Projecte Vela<\/strong><\/td>\n<td style=\"width: 49.1379%;\">Meritxell Pom\u00e9s<\/td>\n<\/tr>\n<tr style=\"height: 33px;\">\n<td style=\"height: 33px; width: 48.8506%;\" width=\"212\"><strong>4t A<\/strong><\/td>\n<td style=\"height: 33px; width: 49.1379%;\" width=\"212\">Al\u00edcia Rojas<\/td>\n<\/tr>\n<tr style=\"height: 33px;\">\n<td style=\"height: 33px; width: 48.8506%;\" width=\"212\"><strong>4t B<\/strong><\/td>\n<td style=\"height: 33px; width: 49.1379%;\" width=\"212\">Carla Blanchon<\/td>\n<\/tr>\n<tr style=\"height: 33px;\">\n<td style=\"height: 33px; width: 48.8506%;\" width=\"212\"><strong>4t C<\/strong><\/td>\n<td style=\"height: 33px; width: 49.1379%;\" width=\"212\">Gisela Massana<\/td>\n<\/tr>\n<tr style=\"height: 33px;\">\n<td style=\"height: 33px; width: 48.8506%;\" width=\"212\"><strong>Projecte Rumb<\/strong><\/td>\n<td style=\"height: 33px; width: 49.1379%;\" width=\"212\">Marta Icart<\/td>\n<\/tr>\n<tr style=\"height: 33px;\">\n<td style=\"height: 33px; width: 48.8506%;\" width=\"212\"><strong>1r BAT A<\/strong><\/td>\n<td style=\"height: 33px; width: 49.1379%;\" width=\"212\">Adri\u00e0 Sabater<\/td>\n<\/tr>\n<tr style=\"height: 33px;\">\n<td style=\"width: 48.8506%; height: 33px;\"><strong>1r BAT B<\/strong><\/td>\n<td style=\"width: 49.1379%; height: 33px;\">Xavi Melero<\/td>\n<\/tr>\n<tr style=\"height: 33px;\">\n<td style=\"width: 48.8506%; height: 33px;\"><strong>2n BAT A<\/strong><\/td>\n<td style=\"width: 49.1379%; height: 33px;\">Pau Pous<\/td>\n<\/tr>\n<tr style=\"height: 33px;\">\n<td style=\"height: 33px; width: 48.8506%;\" width=\"212\"><strong>2n BAT B<\/strong><\/td>\n<td style=\"height: 33px; width: 49.1379%;\" width=\"212\">Alba Subir\u00f3s<\/td>\n<\/tr>\n<tr style=\"height: 33px;\">\n<td style=\"height: 33px; width: 48.8506%;\" width=\"212\"><strong>CFGM<\/strong><\/td>\n<td style=\"height: 33px; width: 49.1379%;\" width=\"212\">Am\u00e8lia Bold\u00f3<\/td>\n<\/tr>\n<tr style=\"height: 33px;\">\n<td style=\"width: 48.8506%; height: 33px;\"><strong>SIEI<\/strong><\/td>\n<td style=\"width: 49.1379%; height: 33px;\">Laia Caballero<\/td>\n<\/tr>\n<tr style=\"height: 33px;\">\n<td style=\"width: 48.8506%; height: 33px;\"><strong>Aula d&#8217;Acollida<\/strong><\/td>\n<td style=\"width: 49.1379%; height: 33px;\">Mar Card\u00fas<\/td>\n<\/tr>\n<\/tbody>\n<\/table>\n<p><a href=\"https:\/\/drive.google.com\/drive\/folders\/16FwHXXS4_re8pSmg8x42541h41nvpVwJ?usp=drive_link\">Perfils i traject\u00f2ria de l&#8217;equip directiu<\/a><\/p>\n<p><!--a=1--><\/p>\n","protected":false},"excerpt":{"rendered":"<p>La base de funcionament del centre en els aspectes de gesti\u00f3, administraci\u00f3 i direcci\u00f3 s\u00f3n:<\/p>\n<ul>\n<li>L\u2019equip directiu: director\/a, cap d\u2019estudis, coordinador\/a pedag\u00f2gica i secretari\/a.<\/li>\n<li>El Consell Escolar: director\/a, cap d\u2019estudis, secretari\/a, representants del professorat, representant de l\u2019Ajuntament, representants dels pares d\u2019alumnes, representants dels alumnes i representant del&hellip;  <a href=\"https:\/\/agora.xtec.cat\/insllanca\/linstitut\/organigrama\/\" title=\"Read Organigrama\">Llegeix m\u00e9s\u00bb<\/a><br \/>\n","protected":false},"author":1,"featured_media":0,"parent":19,"menu_order":50,"comment_status":"closed","ping_status":"closed","template":"page-templates\/side-menu.php","meta":{"_bbp_topic_count":0,"_bbp_reply_count":0,"_bbp_total_topic_count":0,"_bbp_total_reply_count":0,"_bbp_voice_count":0,"_bbp_anonymous_reply_count":0,"_bbp_topic_count_hidden":0,"_bbp_reply_count_hidden":0,"_bbp_forum_subforum_count":0,"footnotes":""},"class_list":["post-46","page","type-page","status-publish","hentry"],"post_mailing_queue_ids":[],"_links":{"self":[{"href":"https:\/\/agora.xtec.cat\/insllanca\/wp-json\/wp\/v2\/pages\/46","targetHints":{"allow":["GET"]}}],"collection":[{"href":"https:\/\/agora.xtec.cat\/insllanca\/wp-json\/wp\/v2\/pages"}],"about":[{"href":"https:\/\/agora.xtec.cat\/insllanca\/wp-json\/wp\/v2\/types\/page"}],"author":[{"embeddable":true,"href":"https:\/\/agora.xtec.cat\/insllanca\/wp-json\/wp\/v2\/users\/1"}],"replies":[{"embeddable":true,"href":"https:\/\/agora.xtec.cat\/insllanca\/wp-json\/wp\/v2\/comments?post=46"}],"version-history":[{"count":10,"href":"https:\/\/agora.xtec.cat\/insllanca\/wp-json\/wp\/v2\/pages\/46\/revisions"}],"predecessor-version":[{"id":14233,"href":"https:\/\/agora.xtec.cat\/insllanca\/wp-json\/wp\/v2\/pages\/46\/revisions\/14233"}],"up":[{"embeddable":true,"href":"https:\/\/agora.xtec.cat\/insllanca\/wp-json\/wp\/v2\/pages\/19"}],"wp:attachment":[{"href":"https:\/\/agora.xtec.cat\/insllanca\/wp-json\/wp\/v2\/media?parent=46"}],"curies":[{"name":"wp","href":"https:\/\/api.w.org\/{rel}","templated":true}]}}