{"id":43,"date":"2014-09-17T16:45:07","date_gmt":"2014-09-17T16:45:07","guid":{"rendered":"http:\/\/agora.xtec.cat\/insllanca\/?page_id=43"},"modified":"2026-03-01T14:22:39","modified_gmt":"2026-03-01T13:22:39","slug":"consell-escolar","status":"publish","type":"page","link":"https:\/\/agora.xtec.cat\/insllanca\/linstitut\/consell-escolar\/","title":{"rendered":"Consell escolar"},"content":{"rendered":"<p>Corresponen al consell escolar les funcions seg\u00fcents:<\/p>\n<ul>\n<li>Participar en l&#8217;aprovaci\u00f3 del projecte educatiu i les seves modificacions. El consell escolar ha de ser consultat pel director de manera preceptiva per valorar la proposta del projecte educatiu i manifestar el seu suport amb una majoria de les tres cinquenes parts dels membres.<\/li>\n<li>Participar en l&#8217;aprovaci\u00f3 de la programaci\u00f3 general anual, de les normes de funcionament i de la gesti\u00f3 econ\u00f2mica del centre. El consell escolar ha de ser consultat de manera preceptiva per valorar cada una de les propostes i manifestar el seu suport per majoria simple dels membres.<\/li>\n<li>Avaluar l&#8217;aplicaci\u00f3 del projecte educatiu i de les seves modificacions aix\u00ed com de la resta de documents de gesti\u00f3 del centre.<\/li>\n<li>Aprovar les propostes d&#8217;acords de coresponsabilitat, convenis i altres acords de col\u00b7laboraci\u00f3 del centre amb entitats i institucions.<\/li>\n<li>Intervenir en el procediment d&#8217;admissi\u00f3 d&#8217;alumnes.<\/li>\n<li>Participar en el procediment de selecci\u00f3 i en la proposta de cessament del director o directora.<\/li>\n<li>Intervenir en la resoluci\u00f3 dels conflictes i, si escau, revisar les sancions als alumnes.<\/li>\n<li>Aprovar les directrius per a la programaci\u00f3 d&#8217;activitats escolars complement\u00e0ries i d&#8217;activitats extraescolars, i avaluar-ne el desenvolupament.<\/li>\n<li>Participar en les an\u00e0lisis i les avaluacions del funcionament general del centre i con\u00e8ixer l&#8217;evoluci\u00f3 del rendiment escolar.<\/li>\n<li>Aprovar els criteris de col\u00b7laboraci\u00f3 amb altres centres i amb l&#8217;entorn.<\/li>\n<li>Qualsevol altre que li sigui atribu\u00efda per les normes legals o reglament\u00e0ries.<\/li>\n<\/ul>\n<table style=\"height: 569px;\" width=\"659\">\n<tbody>\n<tr>\n<td width=\"311\"><strong>Director<\/strong><\/p>\n<ul>\n<li>Sergi Matar\u00edn<\/li>\n<\/ul>\n<p><strong>Cap d&#8217;estudis<\/strong><\/p>\n<ul>\n<li>N\u00faria P\u00e9rez<\/li>\n<\/ul>\n<p><strong>Representant de l&#8217;Ajuntament<\/strong><\/p>\n<ul>\n<li>S\u00edlvia Barris<\/li>\n<\/ul>\n<p><strong>Representants del professorat<\/strong><\/p>\n<ul>\n<li>Dolors Cervera<\/li>\n<li>Marta Icart<\/li>\n<li>Daniel Esqu\u00e9<\/li>\n<li>N\u00faria Garc\u00eda<\/li>\n<li>Judit Xutcl\u00e0<\/li>\n<\/ul>\n<\/td>\n<td width=\"310\"><strong>Representants de l&#8217;alumnat<\/strong><\/p>\n<ul>\n<li>Elsa Alabert<\/li>\n<li>Bruno Quesada<\/li>\n<\/ul>\n<p><strong>Representants dels pares i mares<\/strong><\/p>\n<ul>\n<li>Sandra Barbosa<\/li>\n<li>Juliette Lefebvre<\/li>\n<\/ul>\n<p><strong>Representant de l&#8217;AMPA<\/strong><\/p>\n<ul>\n<li>Sandra Ares<\/li>\n<\/ul>\n<p><strong>Representant del PAS<\/strong><\/p>\n<ul>\n<li>Mercedes Alcoceba<\/li>\n<\/ul>\n<p><strong>Secretari<\/strong><\/p>\n<ul>\n<li>Pau Pous<\/li>\n<\/ul>\n<p>&nbsp;<\/td>\n<\/tr>\n<tr>\n<td width=\"311\"><\/td>\n<td width=\"310\"><\/td>\n<\/tr>\n<\/tbody>\n<\/table>\n<p>M\u00e9s informaci\u00f3 sobre el <a href=\"http:\/\/ensenyament.gencat.cat\/ca\/arees-actuacio\/centres-serveis-educatius\/centres\/consells-escolars-centres\/centres-publics\/\">Consell escolar al web del departament<\/a>.<\/p>\n","protected":false},"excerpt":{"rendered":"<p>Corresponen al consell escolar les funcions seg\u00fcents:<\/p>\n<ul>\n<li>Participar en l&#8217;aprovaci\u00f3 del projecte educatiu i les seves modificacions. El consell escolar ha de ser consultat pel director de manera preceptiva per valorar la proposta del projecte educatiu i manifestar el seu suport amb una majoria de les&hellip;  <a href=\"https:\/\/agora.xtec.cat\/insllanca\/linstitut\/consell-escolar\/\" title=\"Read Consell escolar\">Llegeix m\u00e9s\u00bb<\/a><br \/>\n","protected":false},"author":1,"featured_media":0,"parent":19,"menu_order":40,"comment_status":"closed","ping_status":"closed","template":"page-templates\/side-menu.php","meta":{"_bbp_topic_count":0,"_bbp_reply_count":0,"_bbp_total_topic_count":0,"_bbp_total_reply_count":0,"_bbp_voice_count":0,"_bbp_anonymous_reply_count":0,"_bbp_topic_count_hidden":0,"_bbp_reply_count_hidden":0,"_bbp_forum_subforum_count":0,"footnotes":""},"class_list":["post-43","page","type-page","status-publish","hentry"],"post_mailing_queue_ids":[],"_links":{"self":[{"href":"https:\/\/agora.xtec.cat\/insllanca\/wp-json\/wp\/v2\/pages\/43","targetHints":{"allow":["GET"]}}],"collection":[{"href":"https:\/\/agora.xtec.cat\/insllanca\/wp-json\/wp\/v2\/pages"}],"about":[{"href":"https:\/\/agora.xtec.cat\/insllanca\/wp-json\/wp\/v2\/types\/page"}],"author":[{"embeddable":true,"href":"https:\/\/agora.xtec.cat\/insllanca\/wp-json\/wp\/v2\/users\/1"}],"replies":[{"embeddable":true,"href":"https:\/\/agora.xtec.cat\/insllanca\/wp-json\/wp\/v2\/comments?post=43"}],"version-history":[{"count":8,"href":"https:\/\/agora.xtec.cat\/insllanca\/wp-json\/wp\/v2\/pages\/43\/revisions"}],"predecessor-version":[{"id":14095,"href":"https:\/\/agora.xtec.cat\/insllanca\/wp-json\/wp\/v2\/pages\/43\/revisions\/14095"}],"up":[{"embeddable":true,"href":"https:\/\/agora.xtec.cat\/insllanca\/wp-json\/wp\/v2\/pages\/19"}],"wp:attachment":[{"href":"https:\/\/agora.xtec.cat\/insllanca\/wp-json\/wp\/v2\/media?parent=43"}],"curies":[{"name":"wp","href":"https:\/\/api.w.org\/{rel}","templated":true}]}}