{"id":14096,"date":"2026-03-01T14:47:57","date_gmt":"2026-03-01T13:47:57","guid":{"rendered":"https:\/\/agora.xtec.cat\/insllanca\/?page_id=14096"},"modified":"2026-03-01T15:11:38","modified_gmt":"2026-03-01T14:11:38","slug":"afa","status":"publish","type":"page","link":"https:\/\/agora.xtec.cat\/insllanca\/linstitut\/afa\/","title":{"rendered":"AFA"},"content":{"rendered":"<h5 data-start=\"216\" data-end=\"260\"><strong data-start=\"219\" data-end=\"260\">Qu\u00e8 \u00e9s l\u2019AFA de l\u2019Institut de Llan\u00e7\u00e0?<\/strong><\/h5>\n<p data-start=\"262\" data-end=\"618\">L\u2019Associaci\u00f3 de Fam\u00edlies d\u2019Alumnes (AFA) de l\u2019Institut de Llan\u00e7\u00e0 \u00e9s una entitat sense \u00e0nim de lucre formada per mares, pares i tutors legals de l\u2019alumnat del nostre centre. La seva finalitat principal \u00e9s representar, connectar i donar suport a les fam\u00edlies i a l\u2019alumnat al llarg de tot el proc\u00e9s educatiu.<\/p>\n<p data-start=\"620\" data-end=\"896\">L\u2019AFA treballa en col\u00b7laboraci\u00f3 estreta amb l\u2019equip directiu i el claustre de professors per fomentar una comunicaci\u00f3 fluida entre les fam\u00edlies i el centre, i per implicar-se activament en la vida educativa i social de l\u2019institut.<\/p>\n<h5 data-start=\"903\" data-end=\"918\"><strong data-start=\"906\" data-end=\"918\">Qu\u00e8 fem?<\/strong><\/h5>\n<p data-start=\"920\" data-end=\"1170\">\ud83d\udd39 <strong data-start=\"923\" data-end=\"959\">Participaci\u00f3 en la vida escolar:<\/strong><br data-start=\"959\" data-end=\"962\" \/>L\u2019AFA representa les fam\u00edlies en diferents espais de consulta i decisi\u00f3, aportant la seva veu i col\u00b7laboraci\u00f3 en temes que afecten l\u2019educaci\u00f3 dels nostres fills i filles.<\/p>\n<p data-start=\"1172\" data-end=\"1535\">\ud83d\udd39 <strong data-start=\"1175\" data-end=\"1204\">Activitats i iniciatives:<\/strong><br data-start=\"1204\" data-end=\"1207\" \/>Organitzen i donem suport a activitats que enriqueixen la vida escolar, com xerrades, reunions informatives, esdeveniments culturals o accions de dinamitzaci\u00f3. A trav\u00e9s del seu perfil d\u2019Instagram @afa_institut_llanca comparteixen novetats, moments importants i projectes que es porten a terme.<\/p>\n<p data-start=\"1537\" data-end=\"1807\">\ud83d\udd39 <strong data-start=\"1540\" data-end=\"1580\">Suport a l\u2019alumnat i a les fam\u00edlies:<\/strong><br data-start=\"1580\" data-end=\"1583\" \/>Ajuden a crear un entorn de conviv\u00e8ncia i recolzament per a totes les fam\u00edlies del centre, promovent la col\u00b7laboraci\u00f3 i l\u2019intercanvi d\u2019informaci\u00f3 \u00fatil per afrontar les etapes educatives.<\/p>\n<p data-start=\"1809\" data-end=\"2034\">\ud83d\udd39 <strong data-start=\"1812\" data-end=\"1843\">Incentivar la participaci\u00f3:<\/strong><br data-start=\"1843\" data-end=\"1846\" \/>L\u2019AFA \u00e9s l\u2019espai on les fam\u00edlies poden implicar-se, proposar idees i formar part de comissions i projectes que aportin valor a la comunitat educativa.<\/p>\n<h5 data-start=\"2041\" data-end=\"2068\"><strong data-start=\"2044\" data-end=\"2068\">Per qu\u00e8 associar-se?<\/strong><\/h5>\n<p data-start=\"2070\" data-end=\"2447\">Fer-se soci\/a de l\u2019AFA significa donar suport directe al projecte educatiu del centre i contribuir amb recursos i energia a totes les activitats que realitzem. Les quotes i la implicaci\u00f3 de les fam\u00edlies serveixen per dur a terme iniciatives que benefici\u00efn l\u2019alumnat, millorin el funcionament del centre i reforcin la comunitat escolar.<\/p>\n<h5 data-start=\"2454\" data-end=\"2483\"><strong data-start=\"2457\" data-end=\"2483\">Contacte<\/strong><\/h5>\n<p data-start=\"2485\" data-end=\"2643\"><a href=\"https:\/\/agora.xtec.cat\/insllanca\/wp-content\/uploads\/usu1388\/2024\/05\/Nou-logotip-AFA-web.png\"><img loading=\"lazy\" decoding=\"async\" class=\"wp-image-13004 alignleft\" src=\"https:\/\/agora.xtec.cat\/insllanca\/wp-content\/uploads\/usu1388\/2024\/05\/Nou-logotip-AFA-web-988x1024.png\" alt=\"\" width=\"63\" height=\"65\" srcset=\"https:\/\/agora.xtec.cat\/insllanca\/wp-content\/uploads\/usu1388\/2024\/05\/Nou-logotip-AFA-web-988x1024.png 988w, https:\/\/agora.xtec.cat\/insllanca\/wp-content\/uploads\/usu1388\/2024\/05\/Nou-logotip-AFA-web-289x300.png 289w, https:\/\/agora.xtec.cat\/insllanca\/wp-content\/uploads\/usu1388\/2024\/05\/Nou-logotip-AFA-web-768x796.png 768w, https:\/\/agora.xtec.cat\/insllanca\/wp-content\/uploads\/usu1388\/2024\/05\/Nou-logotip-AFA-web.png 1092w\" sizes=\"auto, (max-width: 63px) 100vw, 63px\" \/><\/a>\ud83d\udccc <strong data-start=\"2488\" data-end=\"2502\">Instagram:<\/strong> @afa_institut_llanca, on publiquen not\u00edcies, activitats i moments destacats de la vida de l\u2019Institut.<\/p>\n<p data-start=\"2645\" data-end=\"2849\">\ud83d\udccc Per a m\u00e9s informaci\u00f3 o per fer-te soci\/a, pots contactar l\u2019AFA a trav\u00e9s del correu electr\u00f2nic: <em>ampaiesllanca@gmail.com<\/em><\/p>\n<p>En aquest\u00a0<a href=\"https:\/\/agora.xtec.cat\/insllanca\/categoria\/ampa\/\">enlla\u00e7<\/a> podeu consultar les not\u00edcies sobre diferents activitats realitzades conjuntament amb l&#8217;AFA.<\/p>\n","protected":false},"excerpt":{"rendered":"<p>Qu\u00e8 \u00e9s l\u2019AFA de l\u2019Institut de Llan\u00e7\u00e0?<br \/>\nL\u2019Associaci\u00f3 de Fam\u00edlies d\u2019Alumnes (AFA) de l\u2019Institut de Llan\u00e7\u00e0 \u00e9s una entitat sense \u00e0nim de lucre formada per mares, pares i tutors legals de l\u2019alumnat del nostre centre. La seva finalitat principal \u00e9s representar, connectar i donar suport a&hellip;  <a href=\"https:\/\/agora.xtec.cat\/insllanca\/linstitut\/afa\/\" title=\"Read AFA\">Llegeix m\u00e9s\u00bb<\/a><\/p>\n","protected":false},"author":66,"featured_media":0,"parent":19,"menu_order":50,"comment_status":"closed","ping_status":"closed","template":"page-templates\/side-menu.php","meta":{"_bbp_topic_count":0,"_bbp_reply_count":0,"_bbp_total_topic_count":0,"_bbp_total_reply_count":0,"_bbp_voice_count":0,"_bbp_anonymous_reply_count":0,"_bbp_topic_count_hidden":0,"_bbp_reply_count_hidden":0,"_bbp_forum_subforum_count":0,"footnotes":""},"class_list":["post-14096","page","type-page","status-publish","hentry"],"post_mailing_queue_ids":[],"_links":{"self":[{"href":"https:\/\/agora.xtec.cat\/insllanca\/wp-json\/wp\/v2\/pages\/14096","targetHints":{"allow":["GET"]}}],"collection":[{"href":"https:\/\/agora.xtec.cat\/insllanca\/wp-json\/wp\/v2\/pages"}],"about":[{"href":"https:\/\/agora.xtec.cat\/insllanca\/wp-json\/wp\/v2\/types\/page"}],"author":[{"embeddable":true,"href":"https:\/\/agora.xtec.cat\/insllanca\/wp-json\/wp\/v2\/users\/66"}],"replies":[{"embeddable":true,"href":"https:\/\/agora.xtec.cat\/insllanca\/wp-json\/wp\/v2\/comments?post=14096"}],"version-history":[{"count":6,"href":"https:\/\/agora.xtec.cat\/insllanca\/wp-json\/wp\/v2\/pages\/14096\/revisions"}],"predecessor-version":[{"id":14110,"href":"https:\/\/agora.xtec.cat\/insllanca\/wp-json\/wp\/v2\/pages\/14096\/revisions\/14110"}],"up":[{"embeddable":true,"href":"https:\/\/agora.xtec.cat\/insllanca\/wp-json\/wp\/v2\/pages\/19"}],"wp:attachment":[{"href":"https:\/\/agora.xtec.cat\/insllanca\/wp-json\/wp\/v2\/media?parent=14096"}],"curies":[{"name":"wp","href":"https:\/\/api.w.org\/{rel}","templated":true}]}}