{"id":13828,"date":"2025-07-31T12:54:04","date_gmt":"2025-07-31T10:54:04","guid":{"rendered":"https:\/\/agora.xtec.cat\/insllanca\/?page_id=13828"},"modified":"2026-03-01T20:46:09","modified_gmt":"2026-03-01T19:46:09","slug":"suggeriments-queixes-i-felicitacions","status":"publish","type":"page","link":"https:\/\/agora.xtec.cat\/insllanca\/secretaria\/suggeriments-queixes-i-felicitacions\/","title":{"rendered":"Suggeriments, queixes i felicitacions"},"content":{"rendered":"<p><span style=\"font-weight: 400;\">A l\u2019Institut de Llan\u00e7\u00e0 volem construir un entorn educatiu basat en la millora cont\u00ednua, la col\u00b7laboraci\u00f3 i el di\u00e0leg. Per aix\u00f2, oferim aquest espai perqu\u00e8 tota la comunitat educativa: fam\u00edlies, alumnat, professorat i PAS pugui expressar les seves opinions, propostes i inquietuds.<\/span><\/p>\n<p><span style=\"font-weight: 400;\">Podeu utilitzar el nostre formulari per a:\u00a0<\/span><\/p>\n<ul>\n<li><span style=\"font-weight: 400;\">Demanar informaci\u00f3.\u00a0<\/span><\/li>\n<li><span style=\"font-weight: 400;\"> Fer suggeriments que contribueixin a millorar el funcionament del centre.\u00a0<\/span><\/li>\n<li><span style=\"font-weight: 400;\"> Presentar queixes de manera respectuosa per tal de trobar solucions constructives.<\/span><\/li>\n<li><span style=\"font-weight: 400;\"> Enviar felicitacions per recon\u00e8ixer la tasca del professorat, de l\u2019alumnat o de qualsevol membre de la comunitat educativa.\u00a0<\/span><\/li>\n<\/ul>\n<p><span style=\"font-weight: 400;\">El vostre punt de vista \u00e9s essencial per seguir avan\u00e7ant junts! Totes les aportacions seran valorades amb atenci\u00f3 i, si cal, es donar\u00e0 resposta a les q\u00fcestions plantejades.<\/span><\/p>\n<p><b>Accediu al formulari <\/b><a href=\"https:\/\/forms.gle\/iBHkJE74VYTv8J8x5\"><b>aqu\u00ed<\/b><\/a><\/p>\n<p><span style=\"font-weight: 400;\">Gr\u00e0cies per formar part activa de la nostra comunitat educativa!<\/span><\/p>\n","protected":false},"excerpt":{"rendered":"<p>A l\u2019Institut de Llan\u00e7\u00e0 volem construir un entorn educatiu basat en la millora cont\u00ednua, la col\u00b7laboraci\u00f3 i el di\u00e0leg. Per aix\u00f2, oferim aquest espai perqu\u00e8 tota la comunitat educativa: fam\u00edlies, alumnat, professorat i PAS pugui expressar les seves opinions, propostes i inquietuds.<br \/>\nPodeu utilitzar el nostre&hellip;  <a href=\"https:\/\/agora.xtec.cat\/insllanca\/secretaria\/suggeriments-queixes-i-felicitacions\/\" title=\"Read Suggeriments, queixes i felicitacions\">Llegeix m\u00e9s\u00bb<\/a><\/p>\n","protected":false},"author":66,"featured_media":0,"parent":81,"menu_order":7,"comment_status":"closed","ping_status":"closed","template":"","meta":{"_bbp_topic_count":0,"_bbp_reply_count":0,"_bbp_total_topic_count":0,"_bbp_total_reply_count":0,"_bbp_voice_count":0,"_bbp_anonymous_reply_count":0,"_bbp_topic_count_hidden":0,"_bbp_reply_count_hidden":0,"_bbp_forum_subforum_count":0,"footnotes":""},"class_list":["post-13828","page","type-page","status-publish","hentry"],"post_mailing_queue_ids":[],"_links":{"self":[{"href":"https:\/\/agora.xtec.cat\/insllanca\/wp-json\/wp\/v2\/pages\/13828","targetHints":{"allow":["GET"]}}],"collection":[{"href":"https:\/\/agora.xtec.cat\/insllanca\/wp-json\/wp\/v2\/pages"}],"about":[{"href":"https:\/\/agora.xtec.cat\/insllanca\/wp-json\/wp\/v2\/types\/page"}],"author":[{"embeddable":true,"href":"https:\/\/agora.xtec.cat\/insllanca\/wp-json\/wp\/v2\/users\/66"}],"replies":[{"embeddable":true,"href":"https:\/\/agora.xtec.cat\/insllanca\/wp-json\/wp\/v2\/comments?post=13828"}],"version-history":[{"count":1,"href":"https:\/\/agora.xtec.cat\/insllanca\/wp-json\/wp\/v2\/pages\/13828\/revisions"}],"predecessor-version":[{"id":13829,"href":"https:\/\/agora.xtec.cat\/insllanca\/wp-json\/wp\/v2\/pages\/13828\/revisions\/13829"}],"up":[{"embeddable":true,"href":"https:\/\/agora.xtec.cat\/insllanca\/wp-json\/wp\/v2\/pages\/81"}],"wp:attachment":[{"href":"https:\/\/agora.xtec.cat\/insllanca\/wp-json\/wp\/v2\/media?parent=13828"}],"curies":[{"name":"wp","href":"https:\/\/api.w.org\/{rel}","templated":true}]}}