{"id":12980,"date":"2024-05-14T23:10:00","date_gmt":"2024-05-14T21:10:00","guid":{"rendered":"https:\/\/agora.xtec.cat\/insllanca\/?page_id=12980"},"modified":"2024-05-22T22:24:56","modified_gmt":"2024-05-22T20:24:56","slug":"batxillerat","status":"publish","type":"page","link":"https:\/\/agora.xtec.cat\/insllanca\/estudis-2\/batxillerat\/","title":{"rendered":"Batxillerat"},"content":{"rendered":"<p>El batxillerat forma part de l&#8217;educaci\u00f3 secund\u00e0ria postobligat\u00f2ria i es distribueix en dos cursos acad\u00e8mics. \u00c9s l&#8217;etapa que es cursa normalment entre els 16 i els 18 anys, tot i que \u00e9s oberta a persones de qualsevol edat, ja sigui de manera presencial o telem\u00e0tica a trav\u00e9s de l&#8217;Institut Obert de Catalunya (IOC). \u00c9s un cicle format per dos cursos de trenta hores lectives setmanals.<\/p>\n<p>El curr\u00edculum de batxillerat consta d\u2019una part comuna (les mat\u00e8ries comunes) i una part diversificada (la mat\u00e8ria comuna d\u2019opci\u00f3, les mat\u00e8ries de modalitat, les mat\u00e8ries espec\u00edfiques i optatives i el treball de recerca).<\/p>\n<p>Es pot escollir entre tres modalitats de batxillerat: arts, ci\u00e8ncies i tecnologia, i humanitats i ci\u00e8ncies socials. En el nostre centre oferim les modalitats de ci\u00e8ncia i tecnologia i d\u2019humanitats i ci\u00e8ncies socials.<\/p>\n<p>Tamb\u00e9 oferim el programa <strong>batxibac<\/strong>, que permet a l\u2019alumnat cursar un curr\u00edculum mixt que suposa fer un ter\u00e7 de l\u2019horari lectiu del batxillerat en llengua francesa i cursar les mat\u00e8ries Llengua i literatura franceses i Hist\u00f2ria de Fran\u00e7a.<\/p>\n<p>En aquest\u00a0<a href=\"https:\/\/agora.xtec.cat\/insllanca\/categoria\/batxillerat\/\">enlla\u00e7<\/a> podeu consultar not\u00edcies de diferents activitats i projectes que es realitzen al Batxillerat.<\/p>\n","protected":false},"excerpt":{"rendered":"<p>El batxillerat forma part de l&#8217;educaci\u00f3 secund\u00e0ria postobligat\u00f2ria i es distribueix en dos cursos acad\u00e8mics. \u00c9s l&#8217;etapa que es cursa normalment entre els 16 i els 18 anys, tot i que \u00e9s oberta a persones de qualsevol edat, ja sigui de manera presencial o telem\u00e0tica&hellip;  <a href=\"https:\/\/agora.xtec.cat\/insllanca\/estudis-2\/batxillerat\/\" title=\"Read Batxillerat\">Llegeix m\u00e9s\u00bb<\/a><\/p>\n","protected":false},"author":66,"featured_media":0,"parent":12975,"menu_order":2,"comment_status":"closed","ping_status":"closed","template":"page-templates\/side-menu.php","meta":{"_bbp_topic_count":0,"_bbp_reply_count":0,"_bbp_total_topic_count":0,"_bbp_total_reply_count":0,"_bbp_voice_count":0,"_bbp_anonymous_reply_count":0,"_bbp_topic_count_hidden":0,"_bbp_reply_count_hidden":0,"_bbp_forum_subforum_count":0,"footnotes":""},"class_list":["post-12980","page","type-page","status-publish","hentry"],"post_mailing_queue_ids":[],"_links":{"self":[{"href":"https:\/\/agora.xtec.cat\/insllanca\/wp-json\/wp\/v2\/pages\/12980","targetHints":{"allow":["GET"]}}],"collection":[{"href":"https:\/\/agora.xtec.cat\/insllanca\/wp-json\/wp\/v2\/pages"}],"about":[{"href":"https:\/\/agora.xtec.cat\/insllanca\/wp-json\/wp\/v2\/types\/page"}],"author":[{"embeddable":true,"href":"https:\/\/agora.xtec.cat\/insllanca\/wp-json\/wp\/v2\/users\/66"}],"replies":[{"embeddable":true,"href":"https:\/\/agora.xtec.cat\/insllanca\/wp-json\/wp\/v2\/comments?post=12980"}],"version-history":[{"count":4,"href":"https:\/\/agora.xtec.cat\/insllanca\/wp-json\/wp\/v2\/pages\/12980\/revisions"}],"predecessor-version":[{"id":13031,"href":"https:\/\/agora.xtec.cat\/insllanca\/wp-json\/wp\/v2\/pages\/12980\/revisions\/13031"}],"up":[{"embeddable":true,"href":"https:\/\/agora.xtec.cat\/insllanca\/wp-json\/wp\/v2\/pages\/12975"}],"wp:attachment":[{"href":"https:\/\/agora.xtec.cat\/insllanca\/wp-json\/wp\/v2\/media?parent=12980"}],"curies":[{"name":"wp","href":"https:\/\/api.w.org\/{rel}","templated":true}]}}