{"id":12978,"date":"2024-05-14T23:09:45","date_gmt":"2024-05-14T21:09:45","guid":{"rendered":"https:\/\/agora.xtec.cat\/insllanca\/?page_id=12978"},"modified":"2024-05-22T21:14:31","modified_gmt":"2024-05-22T19:14:31","slug":"eso","status":"publish","type":"page","link":"https:\/\/agora.xtec.cat\/insllanca\/estudis-2\/eso\/","title":{"rendered":"ESO"},"content":{"rendered":"<p>Per al curs escolar 2023-24 tenim la seg\u00fcent oferta:<\/p>\n<ul>\n<li><strong>1 ESO:<\/strong> 4 grups<\/li>\n<li><strong>2 ESO:<\/strong> 3 grups<\/li>\n<li><strong>3 ESO:<\/strong> 3 grups<\/li>\n<li><strong>4 ESO:<\/strong> 3 grups<\/li>\n<\/ul>\n<p class=\"text\" align=\"justify\">Tamb\u00e9 disposem de diferents recursos per atendre la diversitat, els podeu trobar m\u00e9s informaci\u00f3 clicant <a href=\"https:\/\/agora.xtec.cat\/insllanca\/estudis-2\/eso\/atencio-a-la-diversitat\/\">aqu\u00ed<\/a>.<\/p>\n<p align=\"justify\">En aquest\u00a0<a href=\"https:\/\/agora.xtec.cat\/insllanca\/categoria\/eso\/\">enlla\u00e7 <\/a>podeu consultar not\u00edcies de diferents activitats i projectes que es realitzen a l&#8217;ESO.<\/p>\n","protected":false},"excerpt":{"rendered":"<p>Per al curs escolar 2023-24 tenim la seg\u00fcent oferta:<\/p>\n<ul>\n<li>1 ESO: 4 grups<\/li>\n<li>2 ESO: 3 grups<\/li>\n<li>3 ESO: 3 grups<\/li>\n<li>4 ESO: 3 grups<\/li>\n<\/ul>\n<p>Tamb\u00e9 disposem de diferents recursos per atendre la diversitat, els podeu trobar m\u00e9s informaci\u00f3 clicant <a href=\"https:\/\/agora.xtec.cat\/insllanca\/estudis-2\/eso\/atencio-a-la-diversitat\/\">aqu\u00ed<\/a>.<br \/>\nEn aquest\u00a0<a href=\"https:\/\/agora.xtec.cat\/insllanca\/categoria\/eso\/\">enlla\u00e7 <\/a>podeu consultar not\u00edcies de diferents activitats&hellip;  <a href=\"https:\/\/agora.xtec.cat\/insllanca\/estudis-2\/eso\/\" title=\"Read ESO\">Llegeix m\u00e9s\u00bb<\/a><\/p>\n","protected":false},"author":66,"featured_media":0,"parent":12975,"menu_order":1,"comment_status":"closed","ping_status":"closed","template":"page-templates\/side-menu.php","meta":{"_bbp_topic_count":0,"_bbp_reply_count":0,"_bbp_total_topic_count":0,"_bbp_total_reply_count":0,"_bbp_voice_count":0,"_bbp_anonymous_reply_count":0,"_bbp_topic_count_hidden":0,"_bbp_reply_count_hidden":0,"_bbp_forum_subforum_count":0,"footnotes":""},"class_list":["post-12978","page","type-page","status-publish","hentry"],"post_mailing_queue_ids":[],"_links":{"self":[{"href":"https:\/\/agora.xtec.cat\/insllanca\/wp-json\/wp\/v2\/pages\/12978","targetHints":{"allow":["GET"]}}],"collection":[{"href":"https:\/\/agora.xtec.cat\/insllanca\/wp-json\/wp\/v2\/pages"}],"about":[{"href":"https:\/\/agora.xtec.cat\/insllanca\/wp-json\/wp\/v2\/types\/page"}],"author":[{"embeddable":true,"href":"https:\/\/agora.xtec.cat\/insllanca\/wp-json\/wp\/v2\/users\/66"}],"replies":[{"embeddable":true,"href":"https:\/\/agora.xtec.cat\/insllanca\/wp-json\/wp\/v2\/comments?post=12978"}],"version-history":[{"count":5,"href":"https:\/\/agora.xtec.cat\/insllanca\/wp-json\/wp\/v2\/pages\/12978\/revisions"}],"predecessor-version":[{"id":13028,"href":"https:\/\/agora.xtec.cat\/insllanca\/wp-json\/wp\/v2\/pages\/12978\/revisions\/13028"}],"up":[{"embeddable":true,"href":"https:\/\/agora.xtec.cat\/insllanca\/wp-json\/wp\/v2\/pages\/12975"}],"wp:attachment":[{"href":"https:\/\/agora.xtec.cat\/insllanca\/wp-json\/wp\/v2\/media?parent=12978"}],"curies":[{"name":"wp","href":"https:\/\/api.w.org\/{rel}","templated":true}]}}