{"id":11847,"date":"2023-03-10T09:09:59","date_gmt":"2023-03-10T08:09:59","guid":{"rendered":"https:\/\/agora.xtec.cat\/insllanca\/?page_id=11847"},"modified":"2024-05-22T20:49:36","modified_gmt":"2024-05-22T18:49:36","slug":"el-nostre-cicle","status":"publish","type":"page","link":"https:\/\/agora.xtec.cat\/insllanca\/estudis-2\/el-nostre-cicle\/","title":{"rendered":"CFGM Olis d&#8217;oliva i vins"},"content":{"rendered":"<p>Des del curs 2013-2014, a l&#8217;institut de Llan\u00e7\u00e0 pots cursar el <strong>CFGM d\u2019olis d\u2019oliva i vins.<\/strong><\/p>\n<h3><\/h3>\n<h3>Qu\u00e8 aprendr\u00e9 al CFGM d&#8217;olis d&#8217;oliva i vins?<\/h3>\n<p>Vols aprendre a elaborar bons vins des del camp fins a l\u2019ampolla? Vols fer el teu propi oli de m\u00e0xima qualitat? Vols con\u00e8ixer \u00edntegrament el m\u00f3n de la vinya i l\u2019olivera? Tens ganes de fer cervesa? Destil\u00b7lats? Doncs aquest \u00e9s el teu cicle!<\/p>\n<p>Aquests estudis post obligatoris capaciten per extreure l\u2019oli d\u2019oliva en les condicions establertes als manuals de procediments i qualitat, conduir les operacions de refinaci\u00f3 i condicionament d\u2019oli d\u2019oliva, elaborar destil\u00b7lats i begudes espirituoses, portar a terme les operacions d\u2019acabament i estabilitzaci\u00f3 de vins, controlar les fermentacions en vins blancs, negres i rosats, aprovisionar i emmagatzemar mat\u00e8ries primeres i auxiliars, envasar, etiquetar i embalar els productes elaborats, preparar i mantenir els equips i les instal\u00b7lacions garantint-ne el funcionament i promocionar i comercialitzar els productes elaborats.<\/p>\n<ul>\n<li><a href=\"https:\/\/drive.google.com\/file\/d\/1wgwrPBj6LBbGh90TMiCi5xOdSt5sHc5b\/view?usp=sharing\">Curr\u00edculum del CFGM d&#8217;olis d&#8217;oliva i vins<\/a><\/li>\n<\/ul>\n<p>&nbsp;<\/p>\n<h3>On puc trobar m\u00e9s informaci\u00f3 sobre el CFGM d&#8217;olis d&#8217;oliva i vins?<\/h3>\n<p>El cicle disposa d&#8217;una <a href=\"https:\/\/www.olisdolivaivins.cat\/el-cicle\/\">p\u00e0gina web<\/a>, on podeu trobar tota la informaci\u00f3 detallada dels estudis, el centre, les empreses col\u00b7laboradores i tamb\u00e9 pots contactar amb els coordinadors en cas de dubtes.<\/p>\n<p>Tamb\u00e9 hi ha informaci\u00f3 actualizada de la activitats que es van realitzant al seu <a href=\"https:\/\/www.instagram.com\/olisdolivaivins_cicleformatiu\/\">instagram<\/a>.<\/p>\n<p><a href=\"https:\/\/www.olisdolivaivins.cat\/el-cicle\/\"><img loading=\"lazy\" decoding=\"async\" class=\"alignnone size-full wp-image-9899\" src=\"https:\/\/agora.xtec.cat\/insllanca\/wp-content\/uploads\/usu1388\/2022\/02\/CFGM-Oli-i-Vi-Logo.png\" alt=\"\" width=\"300\" height=\"102\" \/><\/a><\/p>\n<p>&nbsp;<\/p>\n<p>&nbsp;<\/p>\n<p>&nbsp;<\/p>\n","protected":false},"excerpt":{"rendered":"<p>Des del curs 2013-2014, a l&#8217;institut de Llan\u00e7\u00e0 pots cursar el CFGM d\u2019olis d\u2019oliva i vins.<\/p>\n<p>Qu\u00e8 aprendr\u00e9 al CFGM d&#8217;olis d&#8217;oliva i vins?<br \/>\nVols aprendre a elaborar bons vins des del camp fins a l\u2019ampolla? Vols fer el teu propi oli de m\u00e0xima qualitat? Vols con\u00e8ixer&hellip;  <a href=\"https:\/\/agora.xtec.cat\/insllanca\/estudis-2\/el-nostre-cicle\/\" title=\"Read CFGM Olis d&#8217;oliva i vins\">Llegeix m\u00e9s\u00bb<\/a><\/p>\n","protected":false},"author":66,"featured_media":0,"parent":12975,"menu_order":3,"comment_status":"closed","ping_status":"closed","template":"page-templates\/side-menu.php","meta":{"_bbp_topic_count":0,"_bbp_reply_count":0,"_bbp_total_topic_count":0,"_bbp_total_reply_count":0,"_bbp_voice_count":0,"_bbp_anonymous_reply_count":0,"_bbp_topic_count_hidden":0,"_bbp_reply_count_hidden":0,"_bbp_forum_subforum_count":0,"footnotes":""},"class_list":["post-11847","page","type-page","status-publish","hentry"],"post_mailing_queue_ids":[],"_links":{"self":[{"href":"https:\/\/agora.xtec.cat\/insllanca\/wp-json\/wp\/v2\/pages\/11847","targetHints":{"allow":["GET"]}}],"collection":[{"href":"https:\/\/agora.xtec.cat\/insllanca\/wp-json\/wp\/v2\/pages"}],"about":[{"href":"https:\/\/agora.xtec.cat\/insllanca\/wp-json\/wp\/v2\/types\/page"}],"author":[{"embeddable":true,"href":"https:\/\/agora.xtec.cat\/insllanca\/wp-json\/wp\/v2\/users\/66"}],"replies":[{"embeddable":true,"href":"https:\/\/agora.xtec.cat\/insllanca\/wp-json\/wp\/v2\/comments?post=11847"}],"version-history":[{"count":3,"href":"https:\/\/agora.xtec.cat\/insllanca\/wp-json\/wp\/v2\/pages\/11847\/revisions"}],"predecessor-version":[{"id":11858,"href":"https:\/\/agora.xtec.cat\/insllanca\/wp-json\/wp\/v2\/pages\/11847\/revisions\/11858"}],"up":[{"embeddable":true,"href":"https:\/\/agora.xtec.cat\/insllanca\/wp-json\/wp\/v2\/pages\/12975"}],"wp:attachment":[{"href":"https:\/\/agora.xtec.cat\/insllanca\/wp-json\/wp\/v2\/media?parent=11847"}],"curies":[{"name":"wp","href":"https:\/\/api.w.org\/{rel}","templated":true}]}}