{"id":11248,"date":"2023-01-12T17:25:28","date_gmt":"2023-01-12T16:25:28","guid":{"rendered":"https:\/\/agora.xtec.cat\/insllanca\/?page_id=11248"},"modified":"2026-03-05T10:51:29","modified_gmt":"2026-03-05T09:51:29","slug":"projecte-de-qualitat-i-millora-continua","status":"publish","type":"page","link":"https:\/\/agora.xtec.cat\/insllanca\/documents-de-centre\/projecte-de-qualitat-i-millora-continua\/","title":{"rendered":"Projecte de qualitat i millora cont\u00ednua"},"content":{"rendered":"<p><b>POL\u00cdTICA DE QUALITAT DEL CENTRE<\/b><\/p>\n<p><span style=\"font-weight: 400;\">L\u2019Institut de Llan\u00e7\u00e0 entra a formar part del Projecte de Qualitat i Millora Cont\u00ednua (PQiMC) del Departament d\u2019Educaci\u00f3 el setembre del 2021 amb l\u2019objectiu de dissenyar i implementar un sistema de gesti\u00f3 per processos basat en la norma ISO 9001, que cerca la qualitat i la millora cont\u00ednua de l\u2019ensenyament.<\/span><\/p>\n<p><span style=\"font-weight: 400;\">Aquest centre t\u00e9 com objectiu prioritari oferir un servei educatiu de qualitat, orientada a satisfer les expectatives i necessitats educatives de tots els membres de la comunitat educativa, oferint uns ensenyaments i serveis de qualitat.<\/span><\/p>\n<p><span style=\"font-weight: 400;\">De tal manera, i tal i com s\u2019especifica al Projecte Educatiu de Centre, vol:<\/span><\/p>\n<ul>\n<li style=\"font-weight: 400;\" aria-level=\"1\"><span style=\"font-weight: 400;\">Comprometre&#8217;s amb la millora de la qualitat educativa i fomentar iniciatives orientades a millorar els resultats acad\u00e8mics i evitar l\u2019abandonament prematur.<\/span><\/li>\n<li style=\"font-weight: 400;\" aria-level=\"1\"><span style=\"font-weight: 400;\">Potenciar la nostra llengua i cultura, les lleng\u00fces estrangeres i les noves tecnologies, tot millorant les habilitats del nostre alumnat per tal que aconsegueixi una bona integraci\u00f3 en la societat del futur.\u00a0<\/span><\/li>\n<li style=\"font-weight: 400;\" aria-level=\"1\"><span style=\"font-weight: 400;\">Potenciar la conviv\u00e8ncia basada en el di\u00e0leg, els processos de mediaci\u00f3 i el comprom\u00eds amb la inclusi\u00f3, coeducaci\u00f3 i la igualtat de g\u00e8nere.<\/span><\/li>\n<li style=\"font-weight: 400;\" aria-level=\"1\"><span style=\"font-weight: 400;\">I per \u00faltim no deixar de banda la defensa i respecte amb el medi ambient.<\/span><\/li>\n<\/ul>\n<p><span style=\"font-weight: 400;\">Per aix\u00f2, en aquest centre es primordial formar, instruir i educar el nostre alumnat promovent el seu desenvolupament personal i la seva autonomia per tal que en un futur esdevinguin ciutadans cr\u00edtics, amb actituds responsables, respectuosos amb la diversitat, participatius i compromesos amb la societat.<\/span><\/p>\n<p><span style=\"font-weight: 400;\">Aix\u00ed doncs, es pot dir que els nostres objectius estan dirigits a :\u00a0<\/span><\/p>\n<ul>\n<li style=\"font-weight: 400;\" aria-level=\"1\"><span style=\"font-weight: 400;\">Satisfer les expectatives i necessitats educatives de l\u2019alumnat.<\/span><\/li>\n<li style=\"font-weight: 400;\" aria-level=\"1\"><span style=\"font-weight: 400;\">Desenvolupar i implicar el conjunt de l\u2019equip hum\u00e0 que forma part de l\u2019institut per tal d\u2019assegurar un alt nivell de satisfacci\u00f3 de tota la comunitat educativa.<\/span><\/li>\n<li style=\"font-weight: 400;\" aria-level=\"1\"><span style=\"font-weight: 400;\">La millora cont\u00ednua de les activitats i els serveis que desenvolupa i presta a la comunitat.<\/span><\/li>\n<\/ul>\n<p><span style=\"font-weight: 400;\">El comprom\u00eds amb la qualitat afecta tota l\u2019organitzaci\u00f3, i la millora cont\u00ednua \u00e9s una responsabilitat de tot l\u2019equip professional del centre. A m\u00e9s a m\u00e9s, l\u2019equip directiu vetllar\u00e0 i facilitar\u00e0 l\u2019assoliment d\u2019aquest objectiu a trav\u00e9s de la seva gesti\u00f3 i amb els mitjans al seu abast, d\u2019acord amb la normativa vigent.<\/span><\/p>\n<p>&nbsp;<\/p>\n<p><b>La Missi\u00f3, Visi\u00f3 i Valors del centre<\/b><\/p>\n<p><span style=\"font-weight: 400;\">El Projecte Educatiu de Centre, aprovat recentment al nostre institut, ens serveix de guia per determinar la feina que ens plantegem en aquest projecte de direcci\u00f3 a mitj\u00e0 termini, i estableix clarament quins s\u00f3n els nostres principis. En aquest PdD els volem recollir i reorientar en certa manera:<\/span><\/p>\n<ul>\n<li><b>Missi\u00f3: <\/b>La nostra missi\u00f3 \u00e9s formar, instruir i educar el nostre alumnat promovent el seu desenvolupament personal i la seva autonomia per tal que en un futur esdevinguin ciutadans cr\u00edtics, amb actituds responsables, respectuosos amb la diversitat, participatius i compromesos amb la societat.<\/li>\n<li><b>Visi\u00f3: <\/b>Volem ser un centre comprom\u00e8s amb la millora de la qualitat educativa i fomentar iniciatives orientades a millorar els resultats acad\u00e8mics i evitar l\u2019abandonament prematur. Volem potenciar la nostra llengua i cultura, les lleng\u00fces estrangeres i les noves tecnologies, tot millorant les habilitats del nostre alumnat per tal que aconsegueixi una bona integraci\u00f3 en la societat del futur.<\/li>\n<li><b>Valors:\u00a0<\/b>\n<ul>\n<li style=\"list-style-type: none;\">\n<ul>\n<li><span style=\"font-weight: 400;\">Comprom\u00eds amb la llengua i la cultura catalana.<\/span><\/li>\n<li><span style=\"font-weight: 400;\"> Conviv\u00e8ncia basada en el di\u00e0leg i els processos de mediaci\u00f3.<\/span><\/li>\n<li><span style=\"font-weight: 400;\"> Implicaci\u00f3 i participaci\u00f3 en l\u2019educaci\u00f3 com a eina de cohesi\u00f3 social i de millora <\/span>personal i social.<\/li>\n<li><span style=\"font-weight: 400;\"> Comprom\u00eds amb l\u2019entorn i amb les necessitats del poble i el territori.<\/span><\/li>\n<li><span style=\"font-weight: 400;\"> Comprom\u00eds amb la innovaci\u00f3 educativa i les noves tecnologies.<\/span><\/li>\n<li><span style=\"font-weight: 400;\"> Defensa i el respecte del medi ambient i del consum responsable.<\/span><\/li>\n<li><span style=\"font-weight: 400;\"> Comprom\u00eds amb la inclusi\u00f3, la coeducaci\u00f3 i la igualtat de g\u00e8nere.<\/span><\/li>\n<li><span style=\"font-weight: 400;\"> Defensa dels drets humans, participaci\u00f3 democr\u00e0tica, sentit cr\u00edtic i cultura de <\/span>l\u2019esfor\u00e7.<\/li>\n<\/ul>\n<\/li>\n<\/ul>\n<\/li>\n<\/ul>\n<p>&nbsp;<\/p>\n<p><b>MAPA DE PROCESSOS DEL CENTRE<\/b><\/p>\n<p>&nbsp;<\/p>\n<p><a href=\"https:\/\/agora.xtec.cat\/insllanca\/wp-content\/uploads\/usu1388\/2026\/03\/Nou-fitxa-proces.jpg\"><img loading=\"lazy\" decoding=\"async\" class=\"alignnone size-full wp-image-14136\" src=\"https:\/\/agora.xtec.cat\/insllanca\/wp-content\/uploads\/usu1388\/2026\/03\/Nou-fitxa-proces.jpg\" alt=\"\" width=\"853\" height=\"594\" srcset=\"https:\/\/agora.xtec.cat\/insllanca\/wp-content\/uploads\/usu1388\/2026\/03\/Nou-fitxa-proces.jpg 853w, https:\/\/agora.xtec.cat\/insllanca\/wp-content\/uploads\/usu1388\/2026\/03\/Nou-fitxa-proces-300x209.jpg 300w, https:\/\/agora.xtec.cat\/insllanca\/wp-content\/uploads\/usu1388\/2026\/03\/Nou-fitxa-proces-768x535.jpg 768w\" sizes=\"auto, (max-width: 853px) 100vw, 853px\" \/><\/a><\/p>\n","protected":false},"excerpt":{"rendered":"<p>POL\u00cdTICA DE QUALITAT DEL CENTRE<br \/>\nL\u2019Institut de Llan\u00e7\u00e0 entra a formar part del Projecte de Qualitat i Millora Cont\u00ednua (PQiMC) del Departament d\u2019Educaci\u00f3 el setembre del 2021 amb l\u2019objectiu de dissenyar i implementar un sistema de gesti\u00f3 per processos basat en la norma ISO 9001, que&hellip;  <a href=\"https:\/\/agora.xtec.cat\/insllanca\/documents-de-centre\/projecte-de-qualitat-i-millora-continua\/\" title=\"Read Projecte de qualitat i millora cont\u00ednua\">Llegeix m\u00e9s\u00bb<\/a><\/p>\n","protected":false},"author":66,"featured_media":0,"parent":4960,"menu_order":5,"comment_status":"closed","ping_status":"closed","template":"","meta":{"_bbp_topic_count":0,"_bbp_reply_count":0,"_bbp_total_topic_count":0,"_bbp_total_reply_count":0,"_bbp_voice_count":0,"_bbp_anonymous_reply_count":0,"_bbp_topic_count_hidden":0,"_bbp_reply_count_hidden":0,"_bbp_forum_subforum_count":0,"footnotes":""},"class_list":["post-11248","page","type-page","status-publish","hentry"],"post_mailing_queue_ids":[],"_links":{"self":[{"href":"https:\/\/agora.xtec.cat\/insllanca\/wp-json\/wp\/v2\/pages\/11248","targetHints":{"allow":["GET"]}}],"collection":[{"href":"https:\/\/agora.xtec.cat\/insllanca\/wp-json\/wp\/v2\/pages"}],"about":[{"href":"https:\/\/agora.xtec.cat\/insllanca\/wp-json\/wp\/v2\/types\/page"}],"author":[{"embeddable":true,"href":"https:\/\/agora.xtec.cat\/insllanca\/wp-json\/wp\/v2\/users\/66"}],"replies":[{"embeddable":true,"href":"https:\/\/agora.xtec.cat\/insllanca\/wp-json\/wp\/v2\/comments?post=11248"}],"version-history":[{"count":6,"href":"https:\/\/agora.xtec.cat\/insllanca\/wp-json\/wp\/v2\/pages\/11248\/revisions"}],"predecessor-version":[{"id":14137,"href":"https:\/\/agora.xtec.cat\/insllanca\/wp-json\/wp\/v2\/pages\/11248\/revisions\/14137"}],"up":[{"embeddable":true,"href":"https:\/\/agora.xtec.cat\/insllanca\/wp-json\/wp\/v2\/pages\/4960"}],"wp:attachment":[{"href":"https:\/\/agora.xtec.cat\/insllanca\/wp-json\/wp\/v2\/media?parent=11248"}],"curies":[{"name":"wp","href":"https:\/\/api.w.org\/{rel}","templated":true}]}}