{"id":11017,"date":"2022-11-15T22:52:18","date_gmt":"2022-11-15T21:52:18","guid":{"rendered":"https:\/\/agora.xtec.cat\/insllanca\/?page_id=11017"},"modified":"2024-05-22T21:05:40","modified_gmt":"2024-05-22T19:05:40","slug":"atencio-a-la-diversitat","status":"publish","type":"page","link":"https:\/\/agora.xtec.cat\/insllanca\/estudis-2\/eso\/atencio-a-la-diversitat\/","title":{"rendered":"Atenci\u00f3 a la diversitat"},"content":{"rendered":"<h5 class=\"text\" align=\"justify\"><strong>Grups espec\u00edfics de diversitat<\/strong><\/h5>\n<ul>\n<li><a href=\"https:\/\/drive.google.com\/file\/d\/1rY0aystZ4U7RqDtiig7HEBE4OR3hMZ1r\/view?usp=sharing\"><span style=\"text-decoration: underline;\">Aula d\u2019Acollida:<\/span><\/a> \u00e9s un espai d&#8217;acollida i acompanyament d&#8217;alumnat nouvingut que ha arribat recentment al sistema educatiu catal\u00e0.<\/li>\n<li><a href=\"https:\/\/drive.google.com\/file\/d\/1bCpf-mugQfjS0_yWdce-cdI6lx7XgTpo\/view?usp=sharing\"><span style=\"text-decoration: underline;\">Aula Oberta:<\/span><\/a> \u00e9s una classe amb nombre redu\u00eft d&#8217;estudiants, en la qual es treballa el curr\u00edculum partint del Disseny Universal d&#8217;Aprenentatge (DUA).<\/li>\n<li><a href=\"https:\/\/drive.google.com\/file\/d\/1jZQzNRHZ3auopMgN43E7fAMlen79bUzE\/view?usp=sharing\"><span style=\"text-decoration: underline;\">Projecte Singular:<\/span><\/a> dirigit a alumnes de 3r i 4t d&#8217;ESO que segueixen un curr\u00edculum adaptat amb tres dies de classes al centre i dos dies fent pr\u00e0ctiques en una empresa.<\/li>\n<li><a href=\"https:\/\/drive.google.com\/file\/d\/1p_J85MHKpTQxFuSl9QKMXZtf-Sr-0W_S\/view?usp=sharing\"><span style=\"text-decoration: underline;\">SIEI:<\/span><\/a> l&#8217;aula de Suport Intensiu d\u2019Escolaritzaci\u00f3 Inclusiva adre\u00e7ada a alumnat d\u2019ESO amb necessitats educatives especials derivades de discapacitat intel\u00b7lectual i dificultats en la conducta adaptativa.<\/li>\n<li><span style=\"text-decoration: underline;\">UEC:<\/span> dirigida a alumnes amb dificultats conductuals. Els matins fan pr\u00e0ctiques (automoci\u00f3 o hostaleria) en entitats col\u00b7laboradores.<\/li>\n<\/ul>\n<p>Podeu consultar m\u00e9s informaci\u00f3 clicant el detall del nom de cada recurs.<\/p>\n","protected":false},"excerpt":{"rendered":"<p>Grups espec\u00edfics de diversitat<\/p>\n<ul>\n<li><a href=\"https:\/\/drive.google.com\/file\/d\/1rY0aystZ4U7RqDtiig7HEBE4OR3hMZ1r\/view?usp=sharing\">Aula d\u2019Acollida:<\/a> \u00e9s un espai d&#8217;acollida i acompanyament d&#8217;alumnat nouvingut que ha arribat recentment al sistema educatiu catal\u00e0.<\/li>\n<li><a href=\"https:\/\/drive.google.com\/file\/d\/1bCpf-mugQfjS0_yWdce-cdI6lx7XgTpo\/view?usp=sharing\">Aula Oberta:<\/a> \u00e9s una classe amb nombre redu\u00eft d&#8217;estudiants, en la qual es treballa el curr\u00edculum partint del Disseny Universal d&#8217;Aprenentatge (DUA).<\/li>\n<li><a href=\"https:\/\/drive.google.com\/file\/d\/1jZQzNRHZ3auopMgN43E7fAMlen79bUzE\/view?usp=sharing\">Projecte&hellip;  <a href=\"https:\/\/agora.xtec.cat\/insllanca\/estudis-2\/eso\/atencio-a-la-diversitat\/\" title=\"Read Atenci\u00f3 a la diversitat\">Llegeix m\u00e9s\u00bb<\/a><br \/>\n","protected":false},"author":66,"featured_media":0,"parent":12978,"menu_order":0,"comment_status":"closed","ping_status":"closed","template":"page-templates\/side-menu.php","meta":{"_bbp_topic_count":0,"_bbp_reply_count":0,"_bbp_total_topic_count":0,"_bbp_total_reply_count":0,"_bbp_voice_count":0,"_bbp_anonymous_reply_count":0,"_bbp_topic_count_hidden":0,"_bbp_reply_count_hidden":0,"_bbp_forum_subforum_count":0,"footnotes":""},"class_list":["post-11017","page","type-page","status-publish","hentry"],"post_mailing_queue_ids":[],"_links":{"self":[{"href":"https:\/\/agora.xtec.cat\/insllanca\/wp-json\/wp\/v2\/pages\/11017","targetHints":{"allow":["GET"]}}],"collection":[{"href":"https:\/\/agora.xtec.cat\/insllanca\/wp-json\/wp\/v2\/pages"}],"about":[{"href":"https:\/\/agora.xtec.cat\/insllanca\/wp-json\/wp\/v2\/types\/page"}],"author":[{"embeddable":true,"href":"https:\/\/agora.xtec.cat\/insllanca\/wp-json\/wp\/v2\/users\/66"}],"replies":[{"embeddable":true,"href":"https:\/\/agora.xtec.cat\/insllanca\/wp-json\/wp\/v2\/comments?post=11017"}],"version-history":[{"count":5,"href":"https:\/\/agora.xtec.cat\/insllanca\/wp-json\/wp\/v2\/pages\/11017\/revisions"}],"predecessor-version":[{"id":13024,"href":"https:\/\/agora.xtec.cat\/insllanca\/wp-json\/wp\/v2\/pages\/11017\/revisions\/13024"}],"up":[{"embeddable":true,"href":"https:\/\/agora.xtec.cat\/insllanca\/wp-json\/wp\/v2\/pages\/12978"}],"wp:attachment":[{"href":"https:\/\/agora.xtec.cat\/insllanca\/wp-json\/wp\/v2\/media?parent=11017"}],"curies":[{"name":"wp","href":"https:\/\/api.w.org\/{rel}","templated":true}]}}