{"id":15210,"date":"2025-01-24T14:05:52","date_gmt":"2025-01-24T13:05:52","guid":{"rendered":"https:\/\/agora.xtec.cat\/inslesvinyescubelles\/?page_id=15210"},"modified":"2025-06-16T09:13:07","modified_gmt":"2025-06-16T07:13:07","slug":"preinscripcio-i-matricula-2025-2026","status":"publish","type":"page","link":"https:\/\/agora.xtec.cat\/inslesvinyescubelles\/preinscripcio-i-matricula-2025-2026\/","title":{"rendered":"Preinscripci\u00f3 i matr\u00edcula 2025-2026"},"content":{"rendered":"<p><a href=\"https:\/\/preinscripcio.gencat.cat\/ca\/estudis\/eso\/informat\/criteris-assignacio\/#l-adscripcio-de-centre\">Criteris d&#8217;assignaci\u00f3 de pla\u00e7a<\/a><\/p>\n<table style=\"border-collapse: collapse; width: 100%; height: 384px;\">\n<tbody>\n<tr style=\"height: 32px;\">\n<td style=\"width: 50%; height: 32px;\"><strong>11 de mar\u00e7<\/strong><\/td>\n<td style=\"width: 50%; height: 32px;\"><a href=\"https:\/\/agora.xtec.cat\/inslesvinyescubelles\/wp-content\/uploads\/usu375\/2025\/03\/INFORME_OFERTA_OME_INFORME_OFERTA-1.pdf\">Oferta inicial de places<\/a><\/td>\n<\/tr>\n<tr style=\"height: 32px;\">\n<td style=\"width: 50%; height: 32px;\"><strong>Del 14 al 26 de mar\u00e7<\/strong><\/td>\n<td style=\"width: 50%; height: 32px;\"><a href=\"https:\/\/preinscripcio.gencat.cat\/ca\/estudis\/eso\/preinscriute\/sollicitud\/\">Presentaci\u00f3 de sol\u00b7licituds<\/a><\/td>\n<\/tr>\n<tr style=\"height: 32px;\">\n<td style=\"width: 50%; height: 32px;\"><strong>Fins el 28 de mar\u00e7<\/strong><\/td>\n<td style=\"width: 50%; height: 32px;\">Presentaci\u00f3 de documentaci\u00f3<\/td>\n<\/tr>\n<tr style=\"height: 32px;\">\n<td style=\"width: 50%; height: 32px;\"><strong>24 d&#8217;abril<\/strong><\/td>\n<td style=\"width: 50%; height: 32px;\"><a href=\"https:\/\/agora.xtec.cat\/inslesvinyescubelles\/wp-content\/uploads\/usu375\/2025\/04\/INFORME_BAREM_PROVISIONAL_BAREM-.pdf\">Llistat de sol\u00b7licituds amb puntuaci\u00f3 provisional<\/a><\/td>\n<\/tr>\n<tr style=\"height: 32px;\">\n<td style=\"width: 50%; height: 32px;\"><strong>Del 24 al 29 d&#8217;abril<\/strong><\/td>\n<td style=\"width: 50%; height: 32px;\">Presentaci\u00f3 de reclamacions<\/td>\n<\/tr>\n<tr style=\"height: 48px;\">\n<td style=\"width: 50%; height: 48px;\"><strong>5 de maig<\/strong><\/td>\n<td style=\"width: 50%; height: 48px;\"><a href=\"https:\/\/agora.xtec.cat\/inslesvinyescubelles\/wp-content\/uploads\/usu375\/2025\/05\/INFORME_BAREM_RESOLTES_BAREM.pdf\">Llistat de sol\u00b7licituds amb la puntuaci\u00f3 un cop resoltes les reclamacions<\/a><\/td>\n<\/tr>\n<tr style=\"height: 32px;\">\n<td style=\"width: 50%; height: 32px;\"><strong>8 de maig a les 11h<\/strong><\/td>\n<td style=\"width: 50%; height: 32px;\">Sorteig per resoldre les sol\u00b7licituds empatades en punts<\/td>\n<\/tr>\n<tr style=\"height: 32px;\">\n<td style=\"width: 50%; height: 32px;\"><strong>9 de maig<\/strong><\/td>\n<td style=\"width: 50%; height: 32px;\"><a href=\"https:\/\/agora.xtec.cat\/inslesvinyescubelles\/wp-content\/uploads\/usu375\/2025\/05\/INFORME_BAREM_DEFINITIU_BAREM-1.pdf\">Llista ordenada<\/a><\/td>\n<\/tr>\n<tr style=\"height: 48px;\">\n<td style=\"width: 50%; height: 48px;\"><strong>Del 4 al 6 de juny<\/strong><\/td>\n<td style=\"width: 50%; height: 48px;\">Ampliaci\u00f3 de peticions de preinscripci\u00f3 per alumnes sense pla\u00e7a assignada a cap centre<\/td>\n<\/tr>\n<tr style=\"height: 32px;\">\n<td style=\"width: 50%; height: 32px;\"><strong>16 de juny<\/strong><\/td>\n<td style=\"width: 50%; height: 32px;\"><a href=\"https:\/\/agora.xtec.cat\/inslesvinyescubelles\/wp-content\/uploads\/usu375\/2025\/06\/INFORME_OFERTA_OME_INFORME_OFERTA-FINAL.pdf\">Oferta final de places escolars<\/a><\/td>\n<\/tr>\n<tr style=\"height: 32px;\">\n<td style=\"width: 50%; height: 32px;\"><strong>16 de juny<\/strong><\/td>\n<td style=\"width: 50%; height: 32px;\"><a href=\"https:\/\/agora.xtec.cat\/inslesvinyescubelles\/wp-content\/uploads\/usu375\/2025\/06\/INFORME_ASSIGNADES_INFORME_ASSIGNADES-1.pdf\">Llistat d&#8217;alumnes admesos i assignats<\/a><\/p>\n<p><a href=\"https:\/\/agora.xtec.cat\/inslesvinyescubelles\/wp-content\/uploads\/usu375\/2025\/06\/INFORME_LLISTA_ESPERA_OME_LLISTA_ESPERA-1.pdf\">Llista d&#8217;espera<\/a><\/td>\n<\/tr>\n<tr>\n<td style=\"width: 50%;\"><strong>Del 25 de juny al 3 de juliol<\/strong><\/td>\n<td style=\"width: 50%;\">Matriculaci\u00f3<\/td>\n<\/tr>\n<\/tbody>\n<\/table>\n","protected":false},"excerpt":{"rendered":"<p><a href=\"https:\/\/preinscripcio.gencat.cat\/ca\/estudis\/eso\/informat\/criteris-assignacio\/#l-adscripcio-de-centre\">Criteris d&#8217;assignaci\u00f3 de pla\u00e7a<\/a><\/p>\n<p>11 de mar\u00e7<br \/>\n<a href=\"https:\/\/agora.xtec.cat\/inslesvinyescubelles\/wp-content\/uploads\/usu375\/2025\/03\/INFORME_OFERTA_OME_INFORME_OFERTA-1.pdf\">Oferta inicial de places<\/a><\/p>\n<p>Del 14 al 26 de mar\u00e7<br \/>\n<a href=\"https:\/\/preinscripcio.gencat.cat\/ca\/estudis\/eso\/preinscriute\/sollicitud\/\">Presentaci\u00f3 de sol\u00b7licituds<\/a><\/p>\n<p>Fins el 28 de mar\u00e7<br \/>\nPresentaci\u00f3 de documentaci\u00f3<\/p>\n<p>24 d&#8217;abril<br \/>\n<a href=\"https:\/\/agora.xtec.cat\/inslesvinyescubelles\/wp-content\/uploads\/usu375\/2025\/04\/INFORME_BAREM_PROVISIONAL_BAREM-.pdf\">Llistat de sol\u00b7licituds amb puntuaci\u00f3 provisional<\/a><\/p>\n<p>Del 24 al 29 d&#8217;abril<br \/>\nPresentaci\u00f3 de reclamacions<\/p>\n<p>5 de maig<br \/>\n<a href=\"https:\/\/agora.xtec.cat\/inslesvinyescubelles\/wp-content\/uploads\/usu375\/2025\/05\/INFORME_BAREM_RESOLTES_BAREM.pdf\">Llistat de sol\u00b7licituds amb la&hellip;  <a href=\"https:\/\/agora.xtec.cat\/inslesvinyescubelles\/preinscripcio-i-matricula-2025-2026\/\" title=\"Read Preinscripci\u00f3 i matr\u00edcula 2025-2026\">Llegeix m\u00e9s\u00bb<\/a><\/p>\n","protected":false},"author":1,"featured_media":0,"parent":0,"menu_order":0,"comment_status":"closed","ping_status":"closed","template":"","meta":{"_bbp_topic_count":0,"_bbp_reply_count":0,"_bbp_total_topic_count":0,"_bbp_total_reply_count":0,"_bbp_voice_count":0,"_bbp_anonymous_reply_count":0,"_bbp_topic_count_hidden":0,"_bbp_reply_count_hidden":0,"_bbp_forum_subforum_count":0,"footnotes":""},"class_list":["post-15210","page","type-page","status-publish","hentry"],"post_mailing_queue_ids":[],"_links":{"self":[{"href":"https:\/\/agora.xtec.cat\/inslesvinyescubelles\/wp-json\/wp\/v2\/pages\/15210","targetHints":{"allow":["GET"]}}],"collection":[{"href":"https:\/\/agora.xtec.cat\/inslesvinyescubelles\/wp-json\/wp\/v2\/pages"}],"about":[{"href":"https:\/\/agora.xtec.cat\/inslesvinyescubelles\/wp-json\/wp\/v2\/types\/page"}],"author":[{"embeddable":true,"href":"https:\/\/agora.xtec.cat\/inslesvinyescubelles\/wp-json\/wp\/v2\/users\/1"}],"replies":[{"embeddable":true,"href":"https:\/\/agora.xtec.cat\/inslesvinyescubelles\/wp-json\/wp\/v2\/comments?post=15210"}],"version-history":[{"count":7,"href":"https:\/\/agora.xtec.cat\/inslesvinyescubelles\/wp-json\/wp\/v2\/pages\/15210\/revisions"}],"predecessor-version":[{"id":15285,"href":"https:\/\/agora.xtec.cat\/inslesvinyescubelles\/wp-json\/wp\/v2\/pages\/15210\/revisions\/15285"}],"wp:attachment":[{"href":"https:\/\/agora.xtec.cat\/inslesvinyescubelles\/wp-json\/wp\/v2\/media?parent=15210"}],"curies":[{"name":"wp","href":"https:\/\/api.w.org\/{rel}","templated":true}]}}