{"id":911,"date":"2023-01-31T14:32:18","date_gmt":"2023-01-31T13:32:18","guid":{"rendered":"https:\/\/agora.xtec.cat\/inslescincsenies\/?page_id=911"},"modified":"2023-11-20T13:55:27","modified_gmt":"2023-11-20T12:55:27","slug":"aula-dacollida","status":"publish","type":"page","link":"https:\/\/agora.xtec.cat\/inslescincsenies\/aula-dacollida\/","title":{"rendered":"Franja de FONAMENTACI\u00d3"},"content":{"rendered":"<p><strong>Qu\u00e8 fem a la Franja de Fonamentaci\u00f3?<\/strong><\/p>\n<p><span style=\"font-weight: 400;\">L\u2019eix del treball de la franja de Fonamentaci\u00f3 \u00e9s l\u2019aprenentatge en profunditat de les lleng\u00fces i de les matem\u00e0tiques, que s\u00f3n els llenguatges que ens permeten comunicar-nos com a persones i que ens permeten entendre tot all\u00f2 que ens envolta.<\/span><\/p>\n<p><span style=\"font-weight: 400;\">Les lleng\u00fces es treballen a partir del TIL (treball integrat de lleng\u00fces), de manera que l\u2019aprenentatge d\u2019aquestes permet la transfer\u00e8ncia del coneixement d\u2019una llengua a l\u2019altra, aprofitant les estructures comunes que tenen i les compet\u00e8ncies que desenvolupen.<\/span><\/p>\n<p><span style=\"font-weight: 400;\">D&#8217;altra banda, es treballen de manera conjunta la comprensi\u00f3 lectora, l\u2019expressi\u00f3 oral i l\u2019expressi\u00f3 escrita des de totes les mat\u00e8ries que conformen la franja:<\/span><\/p>\n<ul>\n<li><span style=\"font-weight: 400;\">Llengua catalana<\/span><\/li>\n<li><span style=\"font-weight: 400;\">Llengua castellana<\/span><\/li>\n<li><span style=\"font-weight: 400;\">Llengua anglesa<\/span><\/li>\n<li><span style=\"font-weight: 400;\">Matem\u00e0tiques<\/span><\/li>\n<\/ul>\n<p><span style=\"font-weight: 400;\">Totes aquestes compet\u00e8ncies ling\u00fc\u00edstiques incideixen en l\u2019adquisici\u00f3 de les compet\u00e8ncies matem\u00e0tiques com ara la resoluci\u00f3 de problemes, la formulaci\u00f3 de conjectures, argumentacions, raonaments matem\u00e0tiques, justificaci\u00f3 de solucions.<\/span><\/p>\n<p><span style=\"font-weight: 400;\">En el marc de la Franja de Fonamentaci\u00f3 a 3r d\u2019ESO s\u2019elabora la Revista Digital del centre: <\/span><a href=\"https:\/\/junior-report.cat\/\"><span style=\"font-weight: 400;\">https:\/\/junior-report.cat\/<\/span><\/a><span style=\"font-weight: 400;\">\u00a0<\/span><\/p>\n<p>&nbsp;<\/p>\n","protected":false},"excerpt":{"rendered":"<p>Qu\u00e8 fem a la Franja de Fonamentaci\u00f3?<br \/>\nL\u2019eix del treball de la franja de Fonamentaci\u00f3 \u00e9s l\u2019aprenentatge en profunditat de les lleng\u00fces i de les matem\u00e0tiques, que s\u00f3n els llenguatges que ens permeten comunicar-nos com a persones i que ens permeten entendre tot all\u00f2 que ens&hellip;  <a href=\"https:\/\/agora.xtec.cat\/inslescincsenies\/aula-dacollida\/\" title=\"Read Franja de FONAMENTACI\u00d3\">Llegeix m\u00e9s\u00bb<\/a><\/p>\n","protected":false},"author":1,"featured_media":0,"parent":0,"menu_order":0,"comment_status":"closed","ping_status":"closed","template":"","meta":{"_bbp_topic_count":0,"_bbp_reply_count":0,"_bbp_total_topic_count":0,"_bbp_total_reply_count":0,"_bbp_voice_count":0,"_bbp_anonymous_reply_count":0,"_bbp_topic_count_hidden":0,"_bbp_reply_count_hidden":0,"_bbp_forum_subforum_count":0,"footnotes":""},"class_list":["post-911","page","type-page","status-publish","hentry"],"post_mailing_queue_ids":[],"_links":{"self":[{"href":"https:\/\/agora.xtec.cat\/inslescincsenies\/wp-json\/wp\/v2\/pages\/911","targetHints":{"allow":["GET"]}}],"collection":[{"href":"https:\/\/agora.xtec.cat\/inslescincsenies\/wp-json\/wp\/v2\/pages"}],"about":[{"href":"https:\/\/agora.xtec.cat\/inslescincsenies\/wp-json\/wp\/v2\/types\/page"}],"author":[{"embeddable":true,"href":"https:\/\/agora.xtec.cat\/inslescincsenies\/wp-json\/wp\/v2\/users\/1"}],"replies":[{"embeddable":true,"href":"https:\/\/agora.xtec.cat\/inslescincsenies\/wp-json\/wp\/v2\/comments?post=911"}],"version-history":[{"count":6,"href":"https:\/\/agora.xtec.cat\/inslescincsenies\/wp-json\/wp\/v2\/pages\/911\/revisions"}],"predecessor-version":[{"id":1451,"href":"https:\/\/agora.xtec.cat\/inslescincsenies\/wp-json\/wp\/v2\/pages\/911\/revisions\/1451"}],"wp:attachment":[{"href":"https:\/\/agora.xtec.cat\/inslescincsenies\/wp-json\/wp\/v2\/media?parent=911"}],"curies":[{"name":"wp","href":"https:\/\/api.w.org\/{rel}","templated":true}]}}