{"id":897,"date":"2023-01-31T13:27:42","date_gmt":"2023-01-31T12:27:42","guid":{"rendered":"https:\/\/agora.xtec.cat\/inslescincsenies\/?page_id=897"},"modified":"2023-01-31T13:33:32","modified_gmt":"2023-01-31T12:33:32","slug":"batxillerat","status":"publish","type":"page","link":"https:\/\/agora.xtec.cat\/inslescincsenies\/batxillerat\/","title":{"rendered":"BATXILLERAT"},"content":{"rendered":"<p><b>Canvis m\u00e9s notoris del batxillerat<\/b><\/p>\n<ul>\n<li><b>\u00a0Obert: <\/b>inclou altres estudis que no es cursen espec\u00edficament al batxillerat ni al mateix centre on es fa el batxillerat.<\/li>\n<li><b>\u00a0Flexible:\u00a0<\/b>permet establir itineraris formatius personalitzats m\u00e9s enll\u00e0 de les modalitats definides per la llei; cont\u00e9 una important c\u00e0rrega d\u2019opcionalitat.<\/li>\n<li><b>\u00a0Competencial:<\/b>\u00a0promou aprenentatges en situacions reals que s\u2019han de fer servir efica\u00e7ment en contextos diferents.<\/li>\n<li><b>\u00a0Orientador:\u00a0<\/b>permet que l\u2019alumnat pugui cursar una varietat d\u2019\u00e0mbits formatius que apuntin cap a destins acad\u00e8mics o professionals.<\/li>\n<li><b>\u00a0Facilitador:\u00a0<\/b>pret\u00e9n proporcionar una s\u00f2lida cultura integral i aportar gust pel coneixement, el treball i l\u2019aprenentatge personal, rigor en la feina i preparaci\u00f3 per a l\u2019itinerari academico-professional posterior.<\/li>\n<\/ul>\n<table>\n<tbody>\n<tr>\n<td><b>Mat\u00e8ries comunes a Batxillerat<\/b><\/td>\n<\/tr>\n<tr>\n<td>Llengua Catalana i Literatura<\/td>\n<\/tr>\n<tr>\n<td>Llengua Castellana i Literatura<\/td>\n<\/tr>\n<tr>\n<td>Llengua Estrangera<\/td>\n<\/tr>\n<tr>\n<td>Educaci\u00f3 F\u00edsica<\/td>\n<\/tr>\n<tr>\n<td>Filosofia<\/td>\n<\/tr>\n<tr>\n<td>Hist\u00f2ria de la Filosofia<\/td>\n<\/tr>\n<tr>\n<td>Hist\u00f2ria<\/td>\n<\/tr>\n<tr>\n<td>Tutoria<\/td>\n<\/tr>\n<tr>\n<td>Treball de Recerca<\/td>\n<\/tr>\n<tr>\n<td>Modalitat<\/td>\n<\/tr>\n<tr>\n<td>Optatives quadrimestrals<\/td>\n<\/tr>\n<\/tbody>\n<\/table>\n<p><a href=\"https:\/\/projectes.xtec.cat\/nou-curriculum\/batxillerat\/\" target=\"_blank\" rel=\"noopener\">Guia del Batxillerat<\/a>.<\/p>\n","protected":false},"excerpt":{"rendered":"<p>Canvis m\u00e9s notoris del batxillerat<\/p>\n<ul>\n<li>\u00a0Obert: inclou altres estudis que no es cursen espec\u00edficament al batxillerat ni al mateix centre on es fa el batxillerat.<\/li>\n<li>\u00a0Flexible:\u00a0permet establir itineraris formatius personalitzats m\u00e9s enll\u00e0 de les modalitats definides per la llei; cont\u00e9 una important c\u00e0rrega d\u2019opcionalitat.<\/li>\n<li>\u00a0Competencial:\u00a0promou aprenentatges en situacions&hellip;  <a href=\"https:\/\/agora.xtec.cat\/inslescincsenies\/batxillerat\/\" title=\"Read BATXILLERAT\">Llegeix m\u00e9s\u00bb<\/a><br \/>\n","protected":false},"author":1,"featured_media":0,"parent":0,"menu_order":0,"comment_status":"closed","ping_status":"closed","template":"page-templates\/side-menu.php","meta":{"_bbp_topic_count":0,"_bbp_reply_count":0,"_bbp_total_topic_count":0,"_bbp_total_reply_count":0,"_bbp_voice_count":0,"_bbp_anonymous_reply_count":0,"_bbp_topic_count_hidden":0,"_bbp_reply_count_hidden":0,"_bbp_forum_subforum_count":0,"footnotes":""},"class_list":["post-897","page","type-page","status-publish","hentry"],"post_mailing_queue_ids":[],"_links":{"self":[{"href":"https:\/\/agora.xtec.cat\/inslescincsenies\/wp-json\/wp\/v2\/pages\/897","targetHints":{"allow":["GET"]}}],"collection":[{"href":"https:\/\/agora.xtec.cat\/inslescincsenies\/wp-json\/wp\/v2\/pages"}],"about":[{"href":"https:\/\/agora.xtec.cat\/inslescincsenies\/wp-json\/wp\/v2\/types\/page"}],"author":[{"embeddable":true,"href":"https:\/\/agora.xtec.cat\/inslescincsenies\/wp-json\/wp\/v2\/users\/1"}],"replies":[{"embeddable":true,"href":"https:\/\/agora.xtec.cat\/inslescincsenies\/wp-json\/wp\/v2\/comments?post=897"}],"version-history":[{"count":2,"href":"https:\/\/agora.xtec.cat\/inslescincsenies\/wp-json\/wp\/v2\/pages\/897\/revisions"}],"predecessor-version":[{"id":902,"href":"https:\/\/agora.xtec.cat\/inslescincsenies\/wp-json\/wp\/v2\/pages\/897\/revisions\/902"}],"wp:attachment":[{"href":"https:\/\/agora.xtec.cat\/inslescincsenies\/wp-json\/wp\/v2\/media?parent=897"}],"curies":[{"name":"wp","href":"https:\/\/api.w.org\/{rel}","templated":true}]}}