{"id":864,"date":"2023-01-24T10:34:43","date_gmt":"2023-01-24T09:34:43","guid":{"rendered":"https:\/\/agora.xtec.cat\/inslescincsenies\/?page_id=864"},"modified":"2023-07-04T13:20:40","modified_gmt":"2023-07-04T11:20:40","slug":"laboratori-de-transformacio-educativa","status":"publish","type":"page","link":"https:\/\/agora.xtec.cat\/inslescincsenies\/laboratori-de-transformacio-educativa\/","title":{"rendered":"LABORATORI DE TRANSFORMACI\u00d3 EDUCATIVA"},"content":{"rendered":"<p><span style=\"font-weight: 400;\">Un curs m\u00e9s, el nostre centre ha participat de les Xarxes Territorials de Transformaci\u00f3 Educativa, focalitzant-se aquest any en els 6 vectors clau per a l\u2019acci\u00f3 educativa:<\/span><\/p>\n<ol>\n<li style=\"font-weight: 400;\" aria-level=\"1\"><span style=\"font-weight: 400;\">Aprenentatges competencials<\/span><\/li>\n<li style=\"font-weight: 400;\" aria-level=\"1\"><span style=\"font-weight: 400;\">Perspectiva de g\u00e8nere<\/span><\/li>\n<li style=\"font-weight: 400;\" aria-level=\"1\"><span style=\"font-weight: 400;\">Universalitat del curr\u00edculum<\/span><\/li>\n<li style=\"font-weight: 400;\" aria-level=\"1\"><span style=\"font-weight: 400;\">Qualitat de l\u2019educaci\u00f3 en lleng\u00fces<\/span><\/li>\n<li style=\"font-weight: 400;\" aria-level=\"1\"><span style=\"font-weight: 400;\">Ciutadania democr\u00e0tica i consci\u00e8ncia global<\/span><\/li>\n<li style=\"font-weight: 400;\" aria-level=\"1\"><span style=\"font-weight: 400;\">Benestar emocional<\/span><\/li>\n<\/ol>\n<p><span style=\"font-weight: 400;\">Aquests vectors els hem anat treballant en xarxa, entre diferents centres del Maresme a trav\u00e9s de la mostra de situacions d\u2019aprenentatge.<\/span><\/p>\n<p><span style=\"font-weight: 400;\">El millor de formar part d\u2019aquesta xarxa \u00e9s la trobada amb altres centres, que podem visitar i veure com treballen <em>in situ.\u00a0<\/em><\/span><\/p>\n<p><span style=\"font-weight: 400;\">Els centres que hem visitat i dels que hem apr\u00e8s s\u00f3n:<\/span><\/p>\n<ul>\n<li style=\"font-weight: 400;\" aria-level=\"1\"><span style=\"font-weight: 400;\">Institut Escola Pla de l\u2019Avell\u00e0, que ens ha mostrat com treballen els projectes i el Vector Universalitat del curr\u00edculum.<\/span><\/li>\n<li style=\"font-weight: 400;\" aria-level=\"1\"><span style=\"font-weight: 400;\">Escola La Immaculada, una meravella d\u2019escola on es treballa l\u2019art des de totes les mat\u00e8ries.<\/span><\/li>\n<li style=\"font-weight: 400;\" aria-level=\"1\"><span style=\"font-weight: 400;\">Institut Puig i Cadafalch, que ens ha mostrat com treballen el vector de Benestar emocional.<\/span><\/li>\n<li style=\"font-weight: 400;\" aria-level=\"1\"><span style=\"font-weight: 400;\">L\u2019Escola Norai ens va mostrar com treballen les Capses d\u2019aprenentatge.<\/span><\/li>\n<\/ul>\n<p><span style=\"font-weight: 400;\">En el tancament va ser quan el nostre centre va poder mostrar com treballem l\u2019expressi\u00f3 oral en \u00e0mbits no ling\u00fc\u00edstics, en especial en la resoluci\u00f3 de problemes a<\/span><span style=\"font-weight: 400;\">1r d&#8217;ESO a trav\u00e9s de diferents activitats de metacognici\u00f3, do<\/span><span style=\"font-weight: 400;\">nant import\u00e0ncia al vector Qualitat de l\u2019educaci\u00f3 en lleng\u00fces, ja que sense comunicaci\u00f3 no hi ha aprenentatge.<\/span><\/p>\n<p><a href=\"https:\/\/agora.xtec.cat\/inslescincsenies\/wp-content\/uploads\/usu420\/2023\/07\/IMG_4314.jpg\"><img loading=\"lazy\" decoding=\"async\" class=\"alignnone  wp-image-1142\" src=\"https:\/\/agora.xtec.cat\/inslescincsenies\/wp-content\/uploads\/usu420\/2023\/07\/IMG_4314.jpg\" alt=\"\" width=\"464\" height=\"348\" srcset=\"https:\/\/agora.xtec.cat\/inslescincsenies\/wp-content\/uploads\/usu420\/2023\/07\/IMG_4314.jpg 640w, https:\/\/agora.xtec.cat\/inslescincsenies\/wp-content\/uploads\/usu420\/2023\/07\/IMG_4314-300x225.jpg 300w, https:\/\/agora.xtec.cat\/inslescincsenies\/wp-content\/uploads\/usu420\/2023\/07\/IMG_4314-200x150.jpg 200w\" sizes=\"auto, (max-width: 464px) 100vw, 464px\" \/>\u00a0\u00a0 <\/a><a href=\"https:\/\/agora.xtec.cat\/inslescincsenies\/wp-content\/uploads\/usu420\/2023\/07\/IMG_4299-rotated.jpg\"><img loading=\"lazy\" decoding=\"async\" class=\"alignnone  wp-image-1143\" src=\"https:\/\/agora.xtec.cat\/inslescincsenies\/wp-content\/uploads\/usu420\/2023\/07\/IMG_4299-rotated.jpg\" alt=\"\" width=\"265\" height=\"354\" srcset=\"https:\/\/agora.xtec.cat\/inslescincsenies\/wp-content\/uploads\/usu420\/2023\/07\/IMG_4299-rotated.jpg 480w, https:\/\/agora.xtec.cat\/inslescincsenies\/wp-content\/uploads\/usu420\/2023\/07\/IMG_4299-225x300.jpg 225w\" sizes=\"auto, (max-width: 265px) 100vw, 265px\" \/> \u00a0\u00a0<\/a><\/p>\n","protected":false},"excerpt":{"rendered":"<p>Un curs m\u00e9s, el nostre centre ha participat de les Xarxes Territorials de Transformaci\u00f3 Educativa, focalitzant-se aquest any en els 6 vectors clau per a l\u2019acci\u00f3 educativa:<\/p>\n<ol>\n<li style=\"font-weight: 400;\" aria-level=\"1\">Aprenentatges competencials<\/li>\n<li style=\"font-weight: 400;\" aria-level=\"1\">Perspectiva de g\u00e8nere<\/li>\n<li style=\"font-weight: 400;\" aria-level=\"1\">Universalitat del curr\u00edculum<\/li>\n<li style=\"font-weight: 400;\" aria-level=\"1\">Qualitat de&hellip;  <a href=\"https:\/\/agora.xtec.cat\/inslescincsenies\/laboratori-de-transformacio-educativa\/\" title=\"Read LABORATORI DE TRANSFORMACI\u00d3 EDUCATIVA\">Llegeix m\u00e9s\u00bb<\/a><br \/>\n","protected":false},"author":1,"featured_media":0,"parent":0,"menu_order":0,"comment_status":"closed","ping_status":"closed","template":"","meta":{"_bbp_topic_count":0,"_bbp_reply_count":0,"_bbp_total_topic_count":0,"_bbp_total_reply_count":0,"_bbp_voice_count":0,"_bbp_anonymous_reply_count":0,"_bbp_topic_count_hidden":0,"_bbp_reply_count_hidden":0,"_bbp_forum_subforum_count":0,"footnotes":""},"class_list":["post-864","page","type-page","status-publish","hentry"],"post_mailing_queue_ids":[],"_links":{"self":[{"href":"https:\/\/agora.xtec.cat\/inslescincsenies\/wp-json\/wp\/v2\/pages\/864","targetHints":{"allow":["GET"]}}],"collection":[{"href":"https:\/\/agora.xtec.cat\/inslescincsenies\/wp-json\/wp\/v2\/pages"}],"about":[{"href":"https:\/\/agora.xtec.cat\/inslescincsenies\/wp-json\/wp\/v2\/types\/page"}],"author":[{"embeddable":true,"href":"https:\/\/agora.xtec.cat\/inslescincsenies\/wp-json\/wp\/v2\/users\/1"}],"replies":[{"embeddable":true,"href":"https:\/\/agora.xtec.cat\/inslescincsenies\/wp-json\/wp\/v2\/comments?post=864"}],"version-history":[{"count":3,"href":"https:\/\/agora.xtec.cat\/inslescincsenies\/wp-json\/wp\/v2\/pages\/864\/revisions"}],"predecessor-version":[{"id":1145,"href":"https:\/\/agora.xtec.cat\/inslescincsenies\/wp-json\/wp\/v2\/pages\/864\/revisions\/1145"}],"wp:attachment":[{"href":"https:\/\/agora.xtec.cat\/inslescincsenies\/wp-json\/wp\/v2\/media?parent=864"}],"curies":[{"name":"wp","href":"https:\/\/api.w.org\/{rel}","templated":true}]}}