{"id":853,"date":"2023-01-24T10:21:16","date_gmt":"2023-01-24T09:21:16","guid":{"rendered":"https:\/\/agora.xtec.cat\/inslescincsenies\/?page_id=853"},"modified":"2025-07-16T15:14:01","modified_gmt":"2025-07-16T13:14:01","slug":"lequip-directiu","status":"publish","type":"page","link":"https:\/\/agora.xtec.cat\/inslescincsenies\/qui-som\/lequip-directiu\/","title":{"rendered":"L\u2019equip directiu"},"content":{"rendered":"\n\t\t<style type=\"text\/css\">\n\t\t\t#gallery-1 {\n\t\t\t\tmargin: auto;\n\t\t\t}\n\t\t\t#gallery-1 .gallery-item {\n\t\t\t\tfloat: left;\n\t\t\t\tmargin-top: 10px;\n\t\t\t\ttext-align: center;\n\t\t\t\twidth: 25%;\n\t\t\t}\n\t\t\t#gallery-1 img {\n\t\t\t\tborder: 2px solid #cfcfcf;\n\t\t\t}\n\t\t\t#gallery-1 .gallery-caption {\n\t\t\t\tmargin-left: 0;\n\t\t\t}\n\t\t\t\/* see gallery_shortcode() in wp-includes\/media.php *\/\n\t\t<\/style>\n\t\t<div id='gallery-1' class='gallery galleryid-853 gallery-columns-4 gallery-size-thumbnail'><dl class='gallery-item'>\n\t\t\t<dt class='gallery-icon portrait'>\n\t\t\t\t<a href='https:\/\/agora.xtec.cat\/inslescincsenies\/qui-som\/lequip-directiu\/attachment\/loli\/'><img loading=\"lazy\" decoding=\"async\" width=\"144\" height=\"150\" src=\"https:\/\/agora.xtec.cat\/inslescincsenies\/wp-content\/uploads\/usu420\/2023\/09\/Loli-144x150.png\" class=\"attachment-thumbnail size-thumbnail\" alt=\"\" aria-describedby=\"gallery-1-1195\" \/><\/a>\n\t\t\t<\/dt>\n\t\t\t\t<dd class='wp-caption-text gallery-caption' id='gallery-1-1195'>\n\t\t\t\tLoli Acevedo \n\t\t\t\t<\/dd><\/dl><dl class='gallery-item'>\n\t\t\t<dt class='gallery-icon portrait'>\n\t\t\t\t<a href='https:\/\/agora.xtec.cat\/inslescincsenies\/qui-som\/lequip-directiu\/attachment\/mabel\/'><img loading=\"lazy\" decoding=\"async\" width=\"150\" height=\"150\" src=\"https:\/\/agora.xtec.cat\/inslescincsenies\/wp-content\/uploads\/usu420\/2023\/09\/Mabel-150x150.png\" class=\"attachment-thumbnail size-thumbnail\" alt=\"\" aria-describedby=\"gallery-1-1197\" \/><\/a>\n\t\t\t<\/dt>\n\t\t\t\t<dd class='wp-caption-text gallery-caption' id='gallery-1-1197'>\n\t\t\t\tMabel Perales\n\t\t\t\t<\/dd><\/dl><dl class='gallery-item'>\n\t\t\t<dt class='gallery-icon portrait'>\n\t\t\t\t<a href='https:\/\/agora.xtec.cat\/inslescincsenies\/qui-som\/lequip-directiu\/attachment\/ruben\/'><img loading=\"lazy\" decoding=\"async\" width=\"105\" height=\"136\" src=\"https:\/\/agora.xtec.cat\/inslescincsenies\/wp-content\/uploads\/usu420\/2024\/11\/Ruben.jpg\" class=\"attachment-thumbnail size-thumbnail\" alt=\"\" aria-describedby=\"gallery-1-1897\" \/><\/a>\n\t\t\t<\/dt>\n\t\t\t\t<dd class='wp-caption-text gallery-caption' id='gallery-1-1897'>\n\t\t\t\tRub\u00e9n Mor\u00e9\n\t\t\t\t<\/dd><\/dl><dl class='gallery-item'>\n\t\t\t<dt class='gallery-icon portrait'>\n\t\t\t\t<a href='https:\/\/agora.xtec.cat\/inslescincsenies\/qui-som\/lequip-directiu\/attachment\/20250627_2125592-4\/'><img loading=\"lazy\" decoding=\"async\" width=\"150\" height=\"150\" src=\"https:\/\/agora.xtec.cat\/inslescincsenies\/wp-content\/uploads\/usu420\/2025\/07\/20250627_2125592-3-150x150.jpg\" class=\"attachment-thumbnail size-thumbnail\" alt=\"\" aria-describedby=\"gallery-1-2028\" \/><\/a>\n\t\t\t<\/dt>\n\t\t\t\t<dd class='wp-caption-text gallery-caption' id='gallery-1-2028'>\n\t\t\t\tIsabel Higuera\n\t\t\t\t<\/dd><\/dl><br style=\"clear: both\" \/>\n\t\t<\/div>\n\n<p><strong>LOLI ACEVEDO &#8211; Directora<\/strong><\/p>\n<p><span style=\"font-weight: 400;\">Soc Loli Acevedo, directora de l\u2019Institut Les Cinc S\u00e9nies des del curs 2023-2024. La meva traject\u00f2ria professional est\u00e0 marcada per una formaci\u00f3 centrada en les Ci\u00e8ncies de l&#8217;Educaci\u00f3 Especial, la Psicopedagogia i la Direcci\u00f3 educativa, i per una experi\u00e8ncia de m\u00e9s de 25 anys en el m\u00f3n de l\u2019educaci\u00f3.<\/span><\/p>\n<p><span style=\"font-weight: 400;\">Per a mi, l\u2019educaci\u00f3 \u00e9s un proc\u00e9s de creixement col\u00b7lectiu, un cam\u00ed del qual ens enriquim tota la comunitat educativa: alumnat, fam\u00edlies, docents, personal laboral i PAS. Crec en la for\u00e7a del treball en xarxa, en la diversitat com una riquesa i en la import\u00e0ncia de generar espais d&#8217;inclusi\u00f3 i cohesi\u00f3 social. Vaig tenir l&#8217;oportunitat de formar part de l&#8217;equip LIC (Assessora en Lleng\u00fces, Interculturalitat i Cohesi\u00f3 Social) a Matar\u00f3, una experi\u00e8ncia que ha ampliat el meu enfocament de l&#8217;educaci\u00f3 i s\u2019ha nodrit de la mirada de cada centre educatiu que vaig acompanyar.<\/span><\/p>\n<p><span style=\"font-weight: 400;\">El meu comprom\u00eds amb l\u2019educaci\u00f3 va m\u00e9s enll\u00e0 de la doc\u00e8ncia, i des de la meva posici\u00f3 de directora, vull seguir fomentant una visi\u00f3 compartida, inclusiva i participativa, on cadasc\u00fa senti que pot aportar al creixement de la nostra comunitat professional d\u2019aprenentatge. El treball en equip, la col\u00b7laboraci\u00f3 i la innovaci\u00f3 s\u00f3n els pilars de la nostra tasca di\u00e0ria, i estic conven\u00e7uda que, amb aquests ingredients, podem aconseguir una educaci\u00f3 de qualitat que respongui a les necessitats del nostre alumnat i que doni cabuda a tots els membres de la comunitat que hi formem part.<\/span><\/p>\n<p><a href=\"mailto:direccio@inslescincsenies.cat\">direccio@inslescincsenies.cat<\/a><\/p>\n<p><strong>MABEL PERALES &#8211; Cap d&#8217;estudis<\/strong><\/p>\n<p><span style=\"font-weight: 400;\">Soc Mabel Perales, cap d\u2019estudis de l\u2019institut des del curs passat 2023-2024, per\u00f2 docent del centre des del curs 2019-2020 i docent des de fa vuit anys. Soc llicenciada en Filologia Hisp\u00e0nica i estic formada en Enfocament Restauratiu Global i Mediaci\u00f3, a m\u00e9s d\u2019en diversitat de l\u2019alumnat amb alteracions de conducta i amb altes capacitats.\u00a0<\/span><\/p>\n<p><span style=\"font-weight: 400;\">A partir del meu c\u00e0rrec al centre, m\u2019agradaria, sobretot, implementar l\u2019Enfocament Restauratiu Global com el tractament cap a tota la comunitat educativa, ja que el m\u00e9s important sempre han de ser les persones i \u00e9s indispensable comunicar-nos entre nosaltres des del respecte. D\u2019aquesta manera enfortir el benestar de la comunitat educativa a l\u2019institut i que l\u2019alumnat sigui el protagonista del seu proc\u00e9s d\u2019aprenentatge en aquesta etapa tan important.<\/span><\/p>\n<p><a href=\"mailto:cap.estudis@inslescincsenies.cat\">cap.estudis@inslescincsenies.cat<\/a><\/p>\n<p><strong>RUB\u00c9N MOR\u00c9 &#8211; Coordinador Pedag\u00f2gic<\/strong><\/p>\n<p><span style=\"font-weight: 400;\">Soc el Rub\u00e9n Mor\u00e9, coordinador pedag\u00f2gic de l\u2019institut Les Cinc S\u00e9nies des del curs 2024-25, tot i que des de l\u2019inici d\u2019any tamb\u00e9 secretari en funcions. Tinc una doble llicenciatura en Administraci\u00f3 i Direcci\u00f3 d\u2019Empreses i Investigaci\u00f3 i T\u00e8cniques de Mercat. Soc docent de l\u2019especialitat d\u2019Economia des de fa vuit anys i al centre des del curs 2019-2020. <\/span><\/p>\n<p><span style=\"font-weight: 400;\">Des del c\u00e0rrec de coordinaci\u00f3 pedag\u00f2gica pretenc fomentar una l\u00ednia de centre basada en la iniciativa emprenedora de l\u2019alumnat i l\u2019estructuraci\u00f3 organitzativa cap a la sistematitzaci\u00f3 educativa. Tanmateix, en dotar a l\u2019alumnat del seu protagonisme en el proc\u00e9s d\u2019ensenyament-aprenentatge i atendre amb qualitat a tota la comunitat educativa.<\/span><\/p>\n<p><a href=\"mailto:coordinacio.pedagogica@inslescincsenies.cat\">coordinacio.pedagogica@inslescincsenies.cat<\/a><\/p>\n<p><strong>ISABEL HIGUERA &#8211; Secret\u00e0ria<\/strong><\/p>\n<p><a href=\"mailto:secretaria@inslescincsenies.cat\">secretaria@inslescincsenies.cat<\/a><\/p>\n<p>&nbsp;<\/p>\n","protected":false},"excerpt":{"rendered":"<p>\t\t\t#gallery-2 {<br \/>\n\t\t\t\tmargin: auto;<br \/>\n\t\t\t}<br \/>\n\t\t\t#gallery-2 .gallery-item {<br \/>\n\t\t\t\tfloat: left;<br \/>\n\t\t\t\tmargin-top: 10px;<br \/>\n\t\t\t\ttext-align: center;<br \/>\n\t\t\t\twidth: 25%;<br \/>\n\t\t\t}<br \/>\n\t\t\t#gallery-2 img {<br \/>\n\t\t\t\tborder: 2px solid #cfcfcf;<br \/>\n\t\t\t}<br \/>\n\t\t\t#gallery-2 .gallery-caption {<br \/>\n\t\t\t\tmargin-left: 0;<br \/>\n\t\t\t}<br \/>\n\t\t\t\/* see gallery_shortcode() in wp-includes\/media.php *\/<\/p>\n<p>\t\t\t\t<a href='https:\/\/agora.xtec.cat\/inslescincsenies\/qui-som\/lequip-directiu\/attachment\/loli\/'><\/a><\/p>\n<p>\t\t\t\tLoli Acevedo <\/p>\n<p>\t\t\t\t<a href='https:\/\/agora.xtec.cat\/inslescincsenies\/qui-som\/lequip-directiu\/attachment\/mabel\/'><\/a><\/p>\n<p>\t\t\t\tMabel Perales<\/p>\n<p>\t\t\t\t<a href='https:\/\/agora.xtec.cat\/inslescincsenies\/qui-som\/lequip-directiu\/attachment\/ruben\/'><\/a><\/p>\n<p>\t\t\t\tRub\u00e9n Mor\u00e9<\/p>\n<p>\t\t\t\t<a href='https:\/\/agora.xtec.cat\/inslescincsenies\/qui-som\/lequip-directiu\/attachment\/20250627_2125592-4\/'><\/a><\/p>\n<p>\t\t\t\tIsabel Higuera<\/p>\n<p>LOLI ACEVEDO &#8211; Directora<br \/>\nSoc Loli Acevedo, directora de l\u2019Institut Les Cinc S\u00e9nies des del curs&hellip;  <a href=\"https:\/\/agora.xtec.cat\/inslescincsenies\/qui-som\/lequip-directiu\/\" title=\"Read L\u2019equip directiu\">Llegeix m\u00e9s\u00bb<\/a><\/p>\n","protected":false},"author":1,"featured_media":0,"parent":640,"menu_order":0,"comment_status":"closed","ping_status":"closed","template":"","meta":{"_bbp_topic_count":0,"_bbp_reply_count":0,"_bbp_total_topic_count":0,"_bbp_total_reply_count":0,"_bbp_voice_count":0,"_bbp_anonymous_reply_count":0,"_bbp_topic_count_hidden":0,"_bbp_reply_count_hidden":0,"_bbp_forum_subforum_count":0,"footnotes":""},"class_list":["post-853","page","type-page","status-publish","hentry"],"post_mailing_queue_ids":[],"_links":{"self":[{"href":"https:\/\/agora.xtec.cat\/inslescincsenies\/wp-json\/wp\/v2\/pages\/853","targetHints":{"allow":["GET"]}}],"collection":[{"href":"https:\/\/agora.xtec.cat\/inslescincsenies\/wp-json\/wp\/v2\/pages"}],"about":[{"href":"https:\/\/agora.xtec.cat\/inslescincsenies\/wp-json\/wp\/v2\/types\/page"}],"author":[{"embeddable":true,"href":"https:\/\/agora.xtec.cat\/inslescincsenies\/wp-json\/wp\/v2\/users\/1"}],"replies":[{"embeddable":true,"href":"https:\/\/agora.xtec.cat\/inslescincsenies\/wp-json\/wp\/v2\/comments?post=853"}],"version-history":[{"count":6,"href":"https:\/\/agora.xtec.cat\/inslescincsenies\/wp-json\/wp\/v2\/pages\/853\/revisions"}],"predecessor-version":[{"id":2029,"href":"https:\/\/agora.xtec.cat\/inslescincsenies\/wp-json\/wp\/v2\/pages\/853\/revisions\/2029"}],"up":[{"embeddable":true,"href":"https:\/\/agora.xtec.cat\/inslescincsenies\/wp-json\/wp\/v2\/pages\/640"}],"wp:attachment":[{"href":"https:\/\/agora.xtec.cat\/inslescincsenies\/wp-json\/wp\/v2\/media?parent=853"}],"curies":[{"name":"wp","href":"https:\/\/api.w.org\/{rel}","templated":true}]}}