{"id":818,"date":"2022-12-20T13:21:57","date_gmt":"2022-12-20T12:21:57","guid":{"rendered":"https:\/\/agora.xtec.cat\/inslescincsenies\/?page_id=818"},"modified":"2023-06-26T10:49:20","modified_gmt":"2023-06-26T08:49:20","slug":"estrategia-digital-de-centre","status":"publish","type":"page","link":"https:\/\/agora.xtec.cat\/inslescincsenies\/estrategia-digital-de-centre\/","title":{"rendered":"Estrat\u00e8gia digital de centre"},"content":{"rendered":"<p>El centre ha fet una clara aposta per la digitalitzaci\u00f3, des dels seus inicis. Aix\u00ed, tot l\u2019alumnat i professorat disposa d\u2019un usuari de centre que els permet tenir serveis com s\u00f3n el correu electr\u00f2nic o l\u2019emmagatzematge al n\u00favol. Amb aquests usuaris es realitza tota la comunicaci\u00f3 del centre.<\/p>\n<p>L&#8217;institut aposta pel model 1\u00d71. Cada alumne disposa d\u2019una tauleta (o ordinador) de propietat que porta cada dia al centre.<\/p>\n<p>Podeu accedir a tota la informaci\u00f3 sobre la nostra Estrat\u00e8gia Digital de Centre mitjan\u00e7ant el men\u00fa de navegaci\u00f3 de l\u2019esquerra.<\/p>\n","protected":false},"excerpt":{"rendered":"<p>El centre ha fet una clara aposta per la digitalitzaci\u00f3, des dels seus inicis. Aix\u00ed, tot l\u2019alumnat i professorat disposa d\u2019un usuari de centre que els permet tenir serveis com s\u00f3n el correu electr\u00f2nic o l\u2019emmagatzematge al n\u00favol. Amb aquests usuaris es realitza tota la&hellip;  <a href=\"https:\/\/agora.xtec.cat\/inslescincsenies\/estrategia-digital-de-centre\/\" title=\"Read Estrat\u00e8gia digital de centre\">Llegeix m\u00e9s\u00bb<\/a><\/p>\n","protected":false},"author":1,"featured_media":0,"parent":0,"menu_order":0,"comment_status":"closed","ping_status":"closed","template":"page-templates\/side-menu.php","meta":{"_bbp_topic_count":0,"_bbp_reply_count":0,"_bbp_total_topic_count":0,"_bbp_total_reply_count":0,"_bbp_voice_count":0,"_bbp_anonymous_reply_count":0,"_bbp_topic_count_hidden":0,"_bbp_reply_count_hidden":0,"_bbp_forum_subforum_count":0,"footnotes":""},"class_list":["post-818","page","type-page","status-publish","hentry"],"post_mailing_queue_ids":[],"_links":{"self":[{"href":"https:\/\/agora.xtec.cat\/inslescincsenies\/wp-json\/wp\/v2\/pages\/818","targetHints":{"allow":["GET"]}}],"collection":[{"href":"https:\/\/agora.xtec.cat\/inslescincsenies\/wp-json\/wp\/v2\/pages"}],"about":[{"href":"https:\/\/agora.xtec.cat\/inslescincsenies\/wp-json\/wp\/v2\/types\/page"}],"author":[{"embeddable":true,"href":"https:\/\/agora.xtec.cat\/inslescincsenies\/wp-json\/wp\/v2\/users\/1"}],"replies":[{"embeddable":true,"href":"https:\/\/agora.xtec.cat\/inslescincsenies\/wp-json\/wp\/v2\/comments?post=818"}],"version-history":[{"count":3,"href":"https:\/\/agora.xtec.cat\/inslescincsenies\/wp-json\/wp\/v2\/pages\/818\/revisions"}],"predecessor-version":[{"id":1134,"href":"https:\/\/agora.xtec.cat\/inslescincsenies\/wp-json\/wp\/v2\/pages\/818\/revisions\/1134"}],"wp:attachment":[{"href":"https:\/\/agora.xtec.cat\/inslescincsenies\/wp-json\/wp\/v2\/media?parent=818"}],"curies":[{"name":"wp","href":"https:\/\/api.w.org\/{rel}","templated":true}]}}