{"id":768,"date":"2022-12-15T10:44:49","date_gmt":"2022-12-15T09:44:49","guid":{"rendered":"https:\/\/agora.xtec.cat\/inslescincsenies\/?page_id=768"},"modified":"2024-07-08T18:45:33","modified_gmt":"2024-07-08T16:45:33","slug":"franja-de-gein","status":"publish","type":"page","link":"https:\/\/agora.xtec.cat\/inslescincsenies\/franja-de-gein\/","title":{"rendered":"Franja de GEIN"},"content":{"rendered":"<p><b>Qu\u00e8 fem a la Franja GEIN?<\/b><\/p>\n<p><span style=\"font-weight: 400;\">GEIN significa \u201cgesti\u00f3 i iniciativa\u201d: gesti\u00f3 emocional, gesti\u00f3 de conflictes (en el sentit positiu de la paraula), gesti\u00f3 personal\u2026 i iniciativa en l\u2019aprenentatge, iniciativa en la presa de decisions\u2026 I aquesta idea de \u201cgesti\u00f3 i iniciativa\u201d vehicula tota la franja al llarg de l\u2019ESO.\u00a0<\/span><\/p>\n<p><span style=\"font-weight: 400;\">Evidentment, cada curs treballa la gesti\u00f3 i la iniciativa al seu nivell i a trav\u00e9s d\u2019hores en qu\u00e8 les compet\u00e8ncies clau i els objectius concrets es poden alinear amb els objectius de la franja per tal d&#8217;assumir i assolir aquests valors i aquestes habilitats:\u00a0<\/span><\/p>\n<table>\n<tbody>\n<tr>\n<td><span style=\"font-weight: 400;\">1r ESO<\/span><\/td>\n<td>\n<ul>\n<li style=\"font-weight: 400;\" aria-level=\"1\"><span style=\"font-weight: 400;\">autoconeixement: identitat pr\u00f2pia<\/span><\/li>\n<li style=\"font-weight: 400;\" aria-level=\"1\"><span style=\"font-weight: 400;\">identitat col\u00b7lectiva<\/span><\/li>\n<li style=\"font-weight: 400;\" aria-level=\"1\"><span style=\"font-weight: 400;\">actitud<\/span><\/li>\n<\/ul>\n<\/td>\n<\/tr>\n<tr>\n<td><span style=\"font-weight: 400;\">2n ESO<\/span><\/td>\n<td>\n<ul>\n<li style=\"font-weight: 400;\" aria-level=\"1\"><span style=\"font-weight: 400;\">construcci\u00f3 personal<\/span><\/li>\n<li style=\"font-weight: 400;\" aria-level=\"1\"><span style=\"font-weight: 400;\">identitat de centre i sistema<\/span><\/li>\n<li style=\"font-weight: 400;\" aria-level=\"1\"><span style=\"font-weight: 400;\">diversitat<\/span><\/li>\n<\/ul>\n<\/td>\n<\/tr>\n<tr>\n<td><span style=\"font-weight: 400;\">3r ESO<\/span><\/td>\n<td>\n<ul>\n<li style=\"font-weight: 400;\" aria-level=\"1\"><span style=\"font-weight: 400;\">comprom\u00eds social<\/span><\/li>\n<li style=\"font-weight: 400;\" aria-level=\"1\"><span style=\"font-weight: 400;\">inclusi\u00f3 i exclusi\u00f3. Vulnerabilitat<\/span><\/li>\n<li style=\"font-weight: 400;\" aria-level=\"1\"><span style=\"font-weight: 400;\">compet\u00e8ncia comunicativa<\/span><\/li>\n<\/ul>\n<\/td>\n<\/tr>\n<tr>\n<td><span style=\"font-weight: 400;\">4t ESO<\/span><\/td>\n<td>\n<ul>\n<li style=\"font-weight: 400;\" aria-level=\"1\"><span style=\"font-weight: 400;\">habilitats per aprendre al llarg de la vida<\/span><\/li>\n<li style=\"font-weight: 400;\" aria-level=\"1\"><span style=\"font-weight: 400;\">h\u00e0bits i habilitats per entrar al m\u00f3n laboral<\/span><\/li>\n<li style=\"font-weight: 400;\" aria-level=\"1\"><span style=\"font-weight: 400;\">presa de decisions i resoluci\u00f3 de problemes\u00a0\u00a0<\/span><\/li>\n<\/ul>\n<\/td>\n<\/tr>\n<\/tbody>\n<\/table>\n<p><span style=\"font-weight: 400;\">\u00a0\u00a0<\/span><span style=\"font-weight: 400;\">Per aquesta ra\u00f3, s\u2019hi vinculen hores de:\u00a0<\/span><\/p>\n<ul>\n<li style=\"font-weight: 400;\" aria-level=\"1\"><span style=\"font-weight: 400;\">Tutoria<\/span><\/li>\n<li style=\"font-weight: 400;\" aria-level=\"1\"><span style=\"font-weight: 400;\">M\u00fasica<\/span><\/li>\n<li style=\"font-weight: 400;\" aria-level=\"1\"><span style=\"font-weight: 400;\">ViP<\/span><\/li>\n<li style=\"font-weight: 400;\" aria-level=\"1\"><span style=\"font-weight: 400;\">CiV o Activitats culturals<\/span><\/li>\n<li style=\"font-weight: 400;\" aria-level=\"1\"><span style=\"font-weight: 400;\">EFi<\/span><\/li>\n<li style=\"font-weight: 400;\" aria-level=\"1\"><span style=\"font-weight: 400;\">TIL\u00a0<\/span><\/li>\n<li style=\"font-weight: 400;\" aria-level=\"1\"><span style=\"font-weight: 400;\">Optatives<\/span><\/li>\n<\/ul>\n","protected":false},"excerpt":{"rendered":"<p>Qu\u00e8 fem a la Franja GEIN?<br \/>\nGEIN significa \u201cgesti\u00f3 i iniciativa\u201d: gesti\u00f3 emocional, gesti\u00f3 de conflictes (en el sentit positiu de la paraula), gesti\u00f3 personal\u2026 i iniciativa en l\u2019aprenentatge, iniciativa en la presa de decisions\u2026 I aquesta idea de \u201cgesti\u00f3 i iniciativa\u201d vehicula tota la franja&hellip;  <a href=\"https:\/\/agora.xtec.cat\/inslescincsenies\/franja-de-gein\/\" title=\"Read Franja de GEIN\">Llegeix m\u00e9s\u00bb<\/a><\/p>\n","protected":false},"author":1,"featured_media":0,"parent":0,"menu_order":0,"comment_status":"closed","ping_status":"closed","template":"","meta":{"_bbp_topic_count":0,"_bbp_reply_count":0,"_bbp_total_topic_count":0,"_bbp_total_reply_count":0,"_bbp_voice_count":0,"_bbp_anonymous_reply_count":0,"_bbp_topic_count_hidden":0,"_bbp_reply_count_hidden":0,"_bbp_forum_subforum_count":0,"footnotes":""},"class_list":["post-768","page","type-page","status-publish","hentry"],"post_mailing_queue_ids":[],"_links":{"self":[{"href":"https:\/\/agora.xtec.cat\/inslescincsenies\/wp-json\/wp\/v2\/pages\/768","targetHints":{"allow":["GET"]}}],"collection":[{"href":"https:\/\/agora.xtec.cat\/inslescincsenies\/wp-json\/wp\/v2\/pages"}],"about":[{"href":"https:\/\/agora.xtec.cat\/inslescincsenies\/wp-json\/wp\/v2\/types\/page"}],"author":[{"embeddable":true,"href":"https:\/\/agora.xtec.cat\/inslescincsenies\/wp-json\/wp\/v2\/users\/1"}],"replies":[{"embeddable":true,"href":"https:\/\/agora.xtec.cat\/inslescincsenies\/wp-json\/wp\/v2\/comments?post=768"}],"version-history":[{"count":1,"href":"https:\/\/agora.xtec.cat\/inslescincsenies\/wp-json\/wp\/v2\/pages\/768\/revisions"}],"predecessor-version":[{"id":770,"href":"https:\/\/agora.xtec.cat\/inslescincsenies\/wp-json\/wp\/v2\/pages\/768\/revisions\/770"}],"wp:attachment":[{"href":"https:\/\/agora.xtec.cat\/inslescincsenies\/wp-json\/wp\/v2\/media?parent=768"}],"curies":[{"name":"wp","href":"https:\/\/api.w.org\/{rel}","templated":true}]}}