{"id":674,"date":"2022-12-01T09:24:21","date_gmt":"2022-12-01T08:24:21","guid":{"rendered":"https:\/\/agora.xtec.cat\/inslescincsenies\/?page_id=674"},"modified":"2023-10-26T20:20:48","modified_gmt":"2023-10-26T18:20:48","slug":"proj","status":"publish","type":"page","link":"https:\/\/agora.xtec.cat\/inslescincsenies\/proj\/","title":{"rendered":"Franja de PROJECTES"},"content":{"rendered":"<p><b>Com fem els projectes a Les Cinc S\u00e9nies?<\/b><\/p>\n<p><span style=\"font-weight: 400;\">A l\u2019institut Les Cinc S\u00e9nies treballem per projectes una part del nostre horari, a la Franja de Projectes. Aquesta franja es fa de 1r a 3r d\u2019ESO i engloba diferents mat\u00e8ries: Biologia i Geologia, Tecnologia, Ci\u00e8ncies Socials, F\u00edsica i Qu\u00edmica,\u2026 depenent del nivell.\u00a0<\/span><\/p>\n<p><span style=\"font-weight: 400;\">Al llarg del curs escolar fem tres projectes que duren entre 5 i 8 setmanes. Els passos que seguim en els nostres projectes s\u00f3n:<\/span><\/p>\n<ul>\n<li aria-level=\"1\"><b>Disparador: <\/b><span style=\"font-weight: 400;\">el primer dia del projecte llancem una pregunta indagadora a l\u2019alumnat amb la intenci\u00f3 que els generin altres preguntes relacionades amb la del disparador.\u00a0<\/span><\/li>\n<\/ul>\n<ul>\n<li aria-level=\"1\"><b>Mural:<\/b><span style=\"font-weight: 400;\"> amb aquestes preguntes que apareixen es crea un mural per tal d&#8217;exposar-les. Aquests murals a vegades els fem per aula i a vegades per nivells i els col\u00b7loquem als passadissos del centre.<\/span><\/li>\n<\/ul>\n<ul>\n<li aria-level=\"1\"><b>Creaci\u00f3 de coneixement<\/b><span style=\"font-weight: 400;\">: al llarg de les 4-5 setmanes seg\u00fcents el professorat de les diferents mat\u00e8ries guia l\u2019alumnat perqu\u00e8 puguin respondre part de les preguntes que es van generar i van creant nous aprenentatges.<\/span><\/li>\n<\/ul>\n<ul>\n<li aria-level=\"1\"><b>Repte final: <\/b><span style=\"font-weight: 400;\">la darrera setmana del projecte, un cop s\u2019han adquirit els aprenentatges programats en el projecte, llencem un repte a l\u2019alumnat. Aquest repte \u00e9s un problema social a resoldre, en grup i aplicant el Design Thinking, el que han apr\u00e8s al llarg de les setmanes anteriors. Cada grup d\u2019alumnes busca una soluci\u00f3 que puguin portar a terme i, per tant, han de fabricar un prototip real. El darrer dia del repte fan una presentaci\u00f3 del seu prototip.<\/span><\/li>\n<\/ul>\n<ul>\n<li aria-level=\"1\"><b>Avaluaci\u00f3 del prototip<\/b><span style=\"font-weight: 400;\">: uns dies o setmanes m\u00e9s tard el grup d\u2019alumnes ens expliquen si el seu prototip ha funcionat o no.\u00a0<\/span><\/li>\n<\/ul>\n<p><span style=\"font-weight: 400;\">Aqu\u00ed teniu una mostra dels murals dels primers projectes del curs 2022-23.<\/span><\/p>\n<p><a href=\"https:\/\/agora.xtec.cat\/inslescincsenies\/wp-content\/uploads\/usu420\/2022\/12\/mural1.jpg\"><img loading=\"lazy\" decoding=\"async\" class=\"alignnone size-full wp-image-743\" src=\"https:\/\/agora.xtec.cat\/inslescincsenies\/wp-content\/uploads\/usu420\/2022\/12\/mural1.jpg\" alt=\"\" width=\"702\" height=\"508\" srcset=\"https:\/\/agora.xtec.cat\/inslescincsenies\/wp-content\/uploads\/usu420\/2022\/12\/mural1.jpg 702w, https:\/\/agora.xtec.cat\/inslescincsenies\/wp-content\/uploads\/usu420\/2022\/12\/mural1-300x217.jpg 300w\" sizes=\"auto, (max-width: 702px) 100vw, 702px\" \/><\/a> <a href=\"https:\/\/agora.xtec.cat\/inslescincsenies\/wp-content\/uploads\/usu420\/2022\/12\/mural2.jpg\"><img loading=\"lazy\" decoding=\"async\" class=\"alignnone size-full wp-image-742\" src=\"https:\/\/agora.xtec.cat\/inslescincsenies\/wp-content\/uploads\/usu420\/2022\/12\/mural2.jpg\" alt=\"\" width=\"707\" height=\"521\" srcset=\"https:\/\/agora.xtec.cat\/inslescincsenies\/wp-content\/uploads\/usu420\/2022\/12\/mural2.jpg 707w, https:\/\/agora.xtec.cat\/inslescincsenies\/wp-content\/uploads\/usu420\/2022\/12\/mural2-300x221.jpg 300w\" sizes=\"auto, (max-width: 707px) 100vw, 707px\" \/><\/a><\/p>\n<p><span style=\"font-weight: 400;\">Alumnat de 1r ESO en proc\u00e9s durant els projectes<\/span><\/p>\n<p><a href=\"https:\/\/agora.xtec.cat\/inslescincsenies\/wp-content\/uploads\/usu420\/2022\/12\/proj.jpg\"><img loading=\"lazy\" decoding=\"async\" class=\"alignnone size-full wp-image-741\" src=\"https:\/\/agora.xtec.cat\/inslescincsenies\/wp-content\/uploads\/usu420\/2022\/12\/proj.jpg\" alt=\"\" width=\"707\" height=\"529\" srcset=\"https:\/\/agora.xtec.cat\/inslescincsenies\/wp-content\/uploads\/usu420\/2022\/12\/proj.jpg 707w, https:\/\/agora.xtec.cat\/inslescincsenies\/wp-content\/uploads\/usu420\/2022\/12\/proj-300x224.jpg 300w, https:\/\/agora.xtec.cat\/inslescincsenies\/wp-content\/uploads\/usu420\/2022\/12\/proj-200x150.jpg 200w\" sizes=\"auto, (max-width: 707px) 100vw, 707px\" \/><\/a><\/p>\n","protected":false},"excerpt":{"rendered":"<p>Com fem els projectes a Les Cinc S\u00e9nies?<br \/>\nA l\u2019institut Les Cinc S\u00e9nies treballem per projectes una part del nostre horari, a la Franja de Projectes. Aquesta franja es fa de 1r a 3r d\u2019ESO i engloba diferents mat\u00e8ries: Biologia i Geologia, Tecnologia, Ci\u00e8ncies Socials, F\u00edsica&hellip;  <a href=\"https:\/\/agora.xtec.cat\/inslescincsenies\/proj\/\" title=\"Read Franja de PROJECTES\">Llegeix m\u00e9s\u00bb<\/a><\/p>\n","protected":false},"author":1,"featured_media":0,"parent":0,"menu_order":0,"comment_status":"closed","ping_status":"closed","template":"","meta":{"_bbp_topic_count":0,"_bbp_reply_count":0,"_bbp_total_topic_count":0,"_bbp_total_reply_count":0,"_bbp_voice_count":0,"_bbp_anonymous_reply_count":0,"_bbp_topic_count_hidden":0,"_bbp_reply_count_hidden":0,"_bbp_forum_subforum_count":0,"footnotes":""},"class_list":["post-674","page","type-page","status-publish","hentry"],"post_mailing_queue_ids":[],"_links":{"self":[{"href":"https:\/\/agora.xtec.cat\/inslescincsenies\/wp-json\/wp\/v2\/pages\/674","targetHints":{"allow":["GET"]}}],"collection":[{"href":"https:\/\/agora.xtec.cat\/inslescincsenies\/wp-json\/wp\/v2\/pages"}],"about":[{"href":"https:\/\/agora.xtec.cat\/inslescincsenies\/wp-json\/wp\/v2\/types\/page"}],"author":[{"embeddable":true,"href":"https:\/\/agora.xtec.cat\/inslescincsenies\/wp-json\/wp\/v2\/users\/1"}],"replies":[{"embeddable":true,"href":"https:\/\/agora.xtec.cat\/inslescincsenies\/wp-json\/wp\/v2\/comments?post=674"}],"version-history":[{"count":4,"href":"https:\/\/agora.xtec.cat\/inslescincsenies\/wp-json\/wp\/v2\/pages\/674\/revisions"}],"predecessor-version":[{"id":778,"href":"https:\/\/agora.xtec.cat\/inslescincsenies\/wp-json\/wp\/v2\/pages\/674\/revisions\/778"}],"wp:attachment":[{"href":"https:\/\/agora.xtec.cat\/inslescincsenies\/wp-json\/wp\/v2\/media?parent=674"}],"curies":[{"name":"wp","href":"https:\/\/api.w.org\/{rel}","templated":true}]}}