{"id":640,"date":"2022-11-24T14:28:55","date_gmt":"2022-11-24T13:28:55","guid":{"rendered":"https:\/\/agora.xtec.cat\/inslescincsenies\/?page_id=640"},"modified":"2023-11-24T14:44:58","modified_gmt":"2023-11-24T13:44:58","slug":"qui-som","status":"publish","type":"page","link":"https:\/\/agora.xtec.cat\/inslescincsenies\/qui-som\/","title":{"rendered":"Qui som?"},"content":{"rendered":"<p><span style=\"font-weight: 400;\"><a href=\"https:\/\/agora.xtec.cat\/inslescincsenies\/wp-content\/uploads\/usu420\/2023\/10\/IMG_20230914_105319.jpg\"><img loading=\"lazy\" decoding=\"async\" class=\"size-thumbnail wp-image-1335 alignleft\" src=\"https:\/\/agora.xtec.cat\/inslescincsenies\/wp-content\/uploads\/usu420\/2023\/10\/IMG_20230914_105319-150x150.jpg\" alt=\"\" width=\"150\" height=\"150\" \/><\/a><\/span><span style=\"font-weight: 400;\">L&#8217;Institut Les Cinc S\u00e9nies \u00e9s un centre p\u00fablic d&#8217;educaci\u00f3 secund\u00e0ria creat el curs 2017-2018. Est\u00e0 ubicat a Matar\u00f3, al barri de Rocafonda, i neix per donar resposta a l&#8217;increment de la demanda de places d&#8217;ESO a la ciutat.<\/span><\/p>\n<p>&nbsp;<\/p>\n<p>&nbsp;<\/p>\n<p><span style=\"font-weight: 400;\"><a href=\"https:\/\/agora.xtec.cat\/inslescincsenies\/wp-content\/uploads\/usu420\/2023\/09\/IMG-20230904-WA0010.jpg\"><img loading=\"lazy\" decoding=\"async\" class=\"size-thumbnail wp-image-1178 alignright\" src=\"https:\/\/agora.xtec.cat\/inslescincsenies\/wp-content\/uploads\/usu420\/2023\/09\/IMG-20230904-WA0010-150x150.jpg\" alt=\"\" width=\"150\" height=\"150\" \/><\/a>Actualment el centre compta amb tres l\u00ednies de primer i segon d&#8217;ESO, quatre l\u00ednies de 3r i 4t d&#8217;ESO, i 1r i 2n de Batxillerat.\u00a0 L&#8217;equip professional est\u00e0 format per 55 docents m\u00e9s <\/span>un professional d&#8217;atenci\u00f3 educativ<span style=\"font-weight: 400;\">a, una administrativa, un conserge i\u00a0una persona que s&#8217;encarrega de la neteja;\u00a0 aquest equip s&#8217;amplia gr\u00e0cies a les relacions en xarxa que s&#8217;estableixen amb altres organismes de la ciutat.<\/span><\/p>\n<p><span style=\"font-weight: 400;\">Els principis b\u00e0sics que guien la nostra actuaci\u00f3 s\u00f3n alguns dels valors estimulats des dels Entorns d\u2019aprenentatge innovadors, i que recollim amb les seg\u00fcents met\u00e0fores:<\/span><\/p>\n<h6><span style=\"font-weight: 400;\">LIDERATGE TRANSACCIONAL<\/span><\/h6>\n<p style=\"padding-left: 40px;\"><span style=\"font-weight: 400;\">Tots som membres clau de la comunitat educativa del Cinc S\u00e9nies, de tal manera que l\u2019efecte provocat en un membre de la comunitat beneficiar\u00e0 o repercutir\u00e0 negativament en la resta.<\/span><\/p>\n<p style=\"padding-left: 40px;\"><span style=\"font-weight: 400;\">Per aix\u00f2 \u00e9s important vetllar pel desplegament d\u2019una mentalitat de lideratge transaccional (\u00c0ngel Casti\u00f1eira), que suposar\u00e0 l\u2019exercici d\u2019un calibratge per part de l\u2019Equip Directiu, que anir\u00e0 reduint les seves intervencions en pro de l\u2019empoderament de la resta de l\u2019Equip.<\/span><\/p>\n<h6><span style=\"font-weight: 400;\">CURIOSITAT<\/span><\/h6>\n<p style=\"padding-left: 40px;\"><span style=\"font-weight: 400;\"><a href=\"https:\/\/agora.xtec.cat\/inslescincsenies\/wp-content\/uploads\/usu420\/2023\/02\/JPO-INS-LCS-6.jpg\"><img loading=\"lazy\" decoding=\"async\" class=\"size-thumbnail wp-image-944 alignright\" src=\"https:\/\/agora.xtec.cat\/inslescincsenies\/wp-content\/uploads\/usu420\/2023\/02\/JPO-INS-LCS-6-150x150.jpg\" alt=\"\" width=\"150\" height=\"150\" \/><\/a>Aprenem fent, dubtant, dialogant, reflexionant sobre la pr\u00f2pia experi\u00e8ncia i acompanyant tot el proc\u00e9s d\u2019ensenyament-aprenentatge des de la humilitat de qui sap i sap compartir-ho, en benefici de la<\/span><b> curiositat<\/b><span style=\"font-weight: 400;\">.<\/span><\/p>\n<h6><span style=\"font-weight: 400;\">LA FOR\u00c7A DEL GRUP<\/span><\/h6>\n<p style=\"padding-left: 40px;\"><span style=\"font-weight: 400;\">L\u2019<\/span><span style=\"font-weight: 400;\">organigrama de l\u2019Institut Les Cinc S\u00e9nies<\/span><span style=\"font-weight: 400;\"> vist des de l\u2019exterior \u00e9s el dibuix d\u2019un cervell, met\u00e0fora de la ment flexible. A l\u2019interior s&#8217;hi representa el teixit sist\u00e8mic de ponts i camins, entreteixit per la for\u00e7a del grup, i que recull el moment actual del repartiment de tasques i rols originats en el pas de l\u2019establiment d\u2019una cultura de coordinaci\u00f3 a l\u2019estadi col\u00b7laboratiu, propi de les \u00abEscoles que aprenen\u00bb.<\/span><\/p>\n","protected":false},"excerpt":{"rendered":"<p><a href=\"https:\/\/agora.xtec.cat\/inslescincsenies\/wp-content\/uploads\/usu420\/2023\/10\/IMG_20230914_105319.jpg\"><\/a>L&#8217;Institut Les Cinc S\u00e9nies \u00e9s un centre p\u00fablic d&#8217;educaci\u00f3 secund\u00e0ria creat el curs 2017-2018. Est\u00e0 ubicat a Matar\u00f3, al barri de Rocafonda, i neix per donar resposta a l&#8217;increment de la demanda de places d&#8217;ESO a la ciutat.<br \/>\n&nbsp;<br \/>\n&nbsp;<br \/>\n<a href=\"https:\/\/agora.xtec.cat\/inslescincsenies\/wp-content\/uploads\/usu420\/2023\/09\/IMG-20230904-WA0010.jpg\"><\/a>Actualment el centre compta amb tres&hellip;  <a href=\"https:\/\/agora.xtec.cat\/inslescincsenies\/qui-som\/\" title=\"Read Qui som?\">Llegeix m\u00e9s\u00bb<\/a><\/p>\n","protected":false},"author":1,"featured_media":0,"parent":0,"menu_order":0,"comment_status":"closed","ping_status":"closed","template":"page-templates\/side-menu.php","meta":{"_bbp_topic_count":0,"_bbp_reply_count":0,"_bbp_total_topic_count":0,"_bbp_total_reply_count":0,"_bbp_voice_count":0,"_bbp_anonymous_reply_count":0,"_bbp_topic_count_hidden":0,"_bbp_reply_count_hidden":0,"_bbp_forum_subforum_count":0,"footnotes":""},"class_list":["post-640","page","type-page","status-publish","hentry"],"post_mailing_queue_ids":[],"_links":{"self":[{"href":"https:\/\/agora.xtec.cat\/inslescincsenies\/wp-json\/wp\/v2\/pages\/640","targetHints":{"allow":["GET"]}}],"collection":[{"href":"https:\/\/agora.xtec.cat\/inslescincsenies\/wp-json\/wp\/v2\/pages"}],"about":[{"href":"https:\/\/agora.xtec.cat\/inslescincsenies\/wp-json\/wp\/v2\/types\/page"}],"author":[{"embeddable":true,"href":"https:\/\/agora.xtec.cat\/inslescincsenies\/wp-json\/wp\/v2\/users\/1"}],"replies":[{"embeddable":true,"href":"https:\/\/agora.xtec.cat\/inslescincsenies\/wp-json\/wp\/v2\/comments?post=640"}],"version-history":[{"count":6,"href":"https:\/\/agora.xtec.cat\/inslescincsenies\/wp-json\/wp\/v2\/pages\/640\/revisions"}],"predecessor-version":[{"id":1502,"href":"https:\/\/agora.xtec.cat\/inslescincsenies\/wp-json\/wp\/v2\/pages\/640\/revisions\/1502"}],"wp:attachment":[{"href":"https:\/\/agora.xtec.cat\/inslescincsenies\/wp-json\/wp\/v2\/media?parent=640"}],"curies":[{"name":"wp","href":"https:\/\/api.w.org\/{rel}","templated":true}]}}