{"id":634,"date":"2022-11-24T09:58:30","date_gmt":"2022-11-24T08:58:30","guid":{"rendered":"https:\/\/agora.xtec.cat\/inslescincsenies\/?page_id=634"},"modified":"2023-11-23T19:59:50","modified_gmt":"2023-11-23T18:59:50","slug":"mobilitat-internacional","status":"publish","type":"page","link":"https:\/\/agora.xtec.cat\/inslescincsenies\/mobilitat-internacional\/","title":{"rendered":"MOBILITAT INTERNACIONAL"},"content":{"rendered":"<p><span style=\"font-weight: 400;\">Durant el curs 2022 acab\u00e0 <\/span><a href=\"https:\/\/sites.google.com\/xtec.cat\/steamcat-erasmus\/schools\/ins-les-cinc-s%C3%A8nies\"><span style=\"font-weight: 400;\">la nostra participaci\u00f3<\/span><\/a><span style=\"font-weight: 400;\"> en el programa Erasmus+ STEAMcat+.<\/span><\/p>\n<p><span style=\"font-weight: 400;\">El programa d\u2019innovaci\u00f3 pedag\u00f2gica <\/span><a href=\"https:\/\/projectes.xtec.cat\/steamcat\/general\/programa-dinnovacio-steamcat\/\"><span style=\"font-weight: 400;\">STEAMcat<\/span><\/a><span style=\"font-weight: 400;\"> consisteix en fomentar el pensament cr\u00edtic de l\u2019alumnat, millorar la percepci\u00f3 social de la ci\u00e8ncia, per provocar un increment de la selecci\u00f3 d\u2019estudis postobligatoris STEM per un canvi positiu de l\u2019autopercepci\u00f3 dels alumnes envers aquestes disciplines,<\/span> <span style=\"font-weight: 400;\">aprofitant el lideratge distribu\u00eft del centre, les metodologies, perspectives i tecnologies adients a l\u2019aula i el treball transversal del professorat<\/span><span style=\"font-weight: 400;\">.<\/span><\/p>\n<p><span style=\"font-weight: 400;\">A trav\u00e9s del programa STEAMcat hem pogut realitzar diverses mobilitats: estada d&#8217;una setmana en escoles de Tallin (Est\u00f2nia) i dos cursos de formaci\u00f3 a Flor\u00e8ncia (It\u00e0lia).\u00a0\u00a0<\/span><\/p>\n<h5>Documentaci\u00f3 creada a partir de les mobilitats Erasmus<\/h5>\n<h5><a href=\"https:\/\/agora.xtec.cat\/inslescincsenies\/wp-content\/uploads\/usu420\/2023\/11\/Visio-pedagogica.png\"><img loading=\"lazy\" decoding=\"async\" class=\"alignnone wp-image-1485 size-full\" src=\"https:\/\/agora.xtec.cat\/inslescincsenies\/wp-content\/uploads\/usu420\/2023\/11\/Visio-pedagogica.png\" alt=\"\" width=\"663\" height=\"502\" srcset=\"https:\/\/agora.xtec.cat\/inslescincsenies\/wp-content\/uploads\/usu420\/2023\/11\/Visio-pedagogica.png 663w, https:\/\/agora.xtec.cat\/inslescincsenies\/wp-content\/uploads\/usu420\/2023\/11\/Visio-pedagogica-300x227.png 300w, https:\/\/agora.xtec.cat\/inslescincsenies\/wp-content\/uploads\/usu420\/2023\/11\/Visio-pedagogica-200x150.png 200w\" sizes=\"auto, (max-width: 663px) 100vw, 663px\" \/><\/a><\/h5>\n<div dir=\"ltr\">\n<ol>\n<li style=\"text-align: center;\">Visi\u00f3 de l&#8217;evoluci\u00f3 del projecte que inclou la <strong>mirada inclusiva<\/strong>.<a href=\"https:\/\/agora.xtec.cat\/inslescincsenies\/wp-content\/uploads\/usu420\/2023\/11\/Ambits-de-millora.png\"><img loading=\"lazy\" decoding=\"async\" class=\"alignnone size-large wp-image-1478\" src=\"https:\/\/agora.xtec.cat\/inslescincsenies\/wp-content\/uploads\/usu420\/2023\/11\/Ambits-de-millora.png\" alt=\"\" width=\"760\" height=\"517\" srcset=\"https:\/\/agora.xtec.cat\/inslescincsenies\/wp-content\/uploads\/usu420\/2023\/11\/Ambits-de-millora.png 760w, https:\/\/agora.xtec.cat\/inslescincsenies\/wp-content\/uploads\/usu420\/2023\/11\/Ambits-de-millora-300x204.png 300w\" sizes=\"auto, (max-width: 760px) 100vw, 760px\" \/><\/a><\/li>\n<li>Model d&#8217;una <strong>sessi\u00f3 inclusiva<\/strong>. <a href=\"https:\/\/agora.xtec.cat\/inslescincsenies\/wp-content\/uploads\/usu420\/2023\/11\/MODEL-DE-SESSIO-PER-FOMENTAR-LAUTONOMIA-ALUMNAT-ADIF-II-1.pdf\">MODEL DE SESSI\u00d3 PER FOMENTAR L\u2019AUTONOMIA- ALUMNAT ADIF-II (1)<\/a><\/li>\n<li>Presentaci\u00f3 de <strong>l&#8217;\u00faltima jornada de cloenda<\/strong> del laboratori basada en la mat\u00e8ria de gesti\u00f3 aut\u00f2noma que inclou principis treballats a partir de la visita a Portimao. Inclou l&#8217;explicaci\u00f3 de l&#8217;\u00fas de les r\u00fabriques.<a href=\"https:\/\/agora.xtec.cat\/inslescincsenies\/wp-content\/uploads\/usu420\/2023\/11\/Sessio-final-laboratori-sstt-1.pdf\">Sessi\u00f3 final laboratori sstt<\/a><a style=\"color: #2795b6;\" href=\"https:\/\/agora.xtec.cat\/inslescincsenies\/wp-content\/uploads\/usu420\/2023\/11\/Analisi_-Transferencia_LCS.pdf\">An\u00e0lisi_ Transfer\u00e8ncia_LCS<\/a><a href=\"https:\/\/agora.xtec.cat\/inslescincsenies\/wp-content\/uploads\/usu420\/2023\/11\/Captura-sessio-final.png\"><img loading=\"lazy\" decoding=\"async\" class=\"alignnone size-full wp-image-1484\" src=\"https:\/\/agora.xtec.cat\/inslescincsenies\/wp-content\/uploads\/usu420\/2023\/11\/Captura-sessio-final.png\" alt=\"\" width=\"849\" height=\"502\" srcset=\"https:\/\/agora.xtec.cat\/inslescincsenies\/wp-content\/uploads\/usu420\/2023\/11\/Captura-sessio-final.png 849w, https:\/\/agora.xtec.cat\/inslescincsenies\/wp-content\/uploads\/usu420\/2023\/11\/Captura-sessio-final-300x177.png 300w, https:\/\/agora.xtec.cat\/inslescincsenies\/wp-content\/uploads\/usu420\/2023\/11\/Captura-sessio-final-768x454.png 768w\" sizes=\"auto, (max-width: 849px) 100vw, 849px\" \/><\/a><\/li>\n<li>Exemple de <strong>r\u00fabrica<\/strong> realitzada amb l&#8217;alumnat per avaluar la mat\u00e8ria de gesti\u00f3 aut\u00f2noma.<a href=\"https:\/\/agora.xtec.cat\/inslescincsenies\/wp-content\/uploads\/usu420\/2023\/11\/Rubrica.png\"><img loading=\"lazy\" decoding=\"async\" class=\"alignnone size-full wp-image-1477\" src=\"https:\/\/agora.xtec.cat\/inslescincsenies\/wp-content\/uploads\/usu420\/2023\/11\/Rubrica.png\" alt=\"\" width=\"971\" height=\"534\" srcset=\"https:\/\/agora.xtec.cat\/inslescincsenies\/wp-content\/uploads\/usu420\/2023\/11\/Rubrica.png 971w, https:\/\/agora.xtec.cat\/inslescincsenies\/wp-content\/uploads\/usu420\/2023\/11\/Rubrica-300x165.png 300w, https:\/\/agora.xtec.cat\/inslescincsenies\/wp-content\/uploads\/usu420\/2023\/11\/Rubrica-768x422.png 768w\" sizes=\"auto, (max-width: 971px) 100vw, 971px\" \/><\/a><\/li>\n<\/ol>\n<\/div>\n<div><\/div>\n","protected":false},"excerpt":{"rendered":"<p>Durant el curs 2022 acab\u00e0 <a href=\"https:\/\/sites.google.com\/xtec.cat\/steamcat-erasmus\/schools\/ins-les-cinc-s%C3%A8nies\">la nostra participaci\u00f3<\/a> en el programa Erasmus+ STEAMcat+.<br \/>\nEl programa d\u2019innovaci\u00f3 pedag\u00f2gica <a href=\"https:\/\/projectes.xtec.cat\/steamcat\/general\/programa-dinnovacio-steamcat\/\">STEAMcat<\/a> consisteix en fomentar el pensament cr\u00edtic de l\u2019alumnat, millorar la percepci\u00f3 social de la ci\u00e8ncia, per provocar un increment de la selecci\u00f3 d\u2019estudis postobligatoris STEM per&hellip;  <a href=\"https:\/\/agora.xtec.cat\/inslescincsenies\/mobilitat-internacional\/\" title=\"Read MOBILITAT INTERNACIONAL\">Llegeix m\u00e9s\u00bb<\/a><\/p>\n","protected":false},"author":1,"featured_media":0,"parent":0,"menu_order":0,"comment_status":"closed","ping_status":"closed","template":"","meta":{"_bbp_topic_count":0,"_bbp_reply_count":0,"_bbp_total_topic_count":0,"_bbp_total_reply_count":0,"_bbp_voice_count":0,"_bbp_anonymous_reply_count":0,"_bbp_topic_count_hidden":0,"_bbp_reply_count_hidden":0,"_bbp_forum_subforum_count":0,"footnotes":""},"class_list":["post-634","page","type-page","status-publish","hentry"],"post_mailing_queue_ids":[],"_links":{"self":[{"href":"https:\/\/agora.xtec.cat\/inslescincsenies\/wp-json\/wp\/v2\/pages\/634","targetHints":{"allow":["GET"]}}],"collection":[{"href":"https:\/\/agora.xtec.cat\/inslescincsenies\/wp-json\/wp\/v2\/pages"}],"about":[{"href":"https:\/\/agora.xtec.cat\/inslescincsenies\/wp-json\/wp\/v2\/types\/page"}],"author":[{"embeddable":true,"href":"https:\/\/agora.xtec.cat\/inslescincsenies\/wp-json\/wp\/v2\/users\/1"}],"replies":[{"embeddable":true,"href":"https:\/\/agora.xtec.cat\/inslescincsenies\/wp-json\/wp\/v2\/comments?post=634"}],"version-history":[{"count":6,"href":"https:\/\/agora.xtec.cat\/inslescincsenies\/wp-json\/wp\/v2\/pages\/634\/revisions"}],"predecessor-version":[{"id":1487,"href":"https:\/\/agora.xtec.cat\/inslescincsenies\/wp-json\/wp\/v2\/pages\/634\/revisions\/1487"}],"wp:attachment":[{"href":"https:\/\/agora.xtec.cat\/inslescincsenies\/wp-json\/wp\/v2\/media?parent=634"}],"curies":[{"name":"wp","href":"https:\/\/api.w.org\/{rel}","templated":true}]}}