{"id":627,"date":"2022-11-24T09:50:55","date_gmt":"2022-11-24T08:50:55","guid":{"rendered":"https:\/\/agora.xtec.cat\/inslescincsenies\/?page_id=627"},"modified":"2024-01-31T17:10:30","modified_gmt":"2024-01-31T16:10:30","slug":"erasmus","status":"publish","type":"page","link":"https:\/\/agora.xtec.cat\/inslescincsenies\/erasmus\/","title":{"rendered":"ERASMUS +"},"content":{"rendered":"<table style=\"border-collapse: collapse; width: 100%;\">\n<tbody>\n<tr>\n<td>&nbsp;<\/p>\n<p>Des de l&#8217;any 2021\u00a0l\u2019Institut Les Cinc S\u00e9nies\u00a0forma part del microconsorci MATE\u00a0<span style=\"color: #003366;\"><a style=\"color: #003366;\" href=\"https:\/\/projectes.xtec.cat\/transformacioenxarxa\/portada\/micro-consorci-ka120-mate-ens-situem\/\">(Micro consorci per a l&#8217;Acceleraci\u00f3 de la Transformaci\u00f3 Educativa<\/a><\/span>), part del consorci CETE+ (<a href=\"https:\/\/projectes.xtec.cat\/cete\/\">Consorci Europeu de Transformaci\u00f3 Educativa<\/a>) del programa Erasmus+. El CETE+ \u00e9s un projecte format per 85 centres d&#8217;educaci\u00f3 escolar de Catalunya que t\u00e9 com a objectiu impulsar la innovaci\u00f3 i transformaci\u00f3 educativa.<\/td>\n<td style=\"width: 50%;\"><a href=\"https:\/\/agora.xtec.cat\/inslescincsenies\/wp-content\/uploads\/usu420\/2023\/06\/CETE-logo.png\"><img loading=\"lazy\" decoding=\"async\" class=\"wp-image-1063 aligncenter\" src=\"https:\/\/agora.xtec.cat\/inslescincsenies\/wp-content\/uploads\/usu420\/2023\/06\/CETE-logo.png\" alt=\"\" width=\"144\" height=\"144\" \/><\/a><\/td>\n<\/tr>\n<\/tbody>\n<\/table>\n<table style=\"border-collapse: collapse; width: 100%; height: 282px;\">\n<tbody>\n<tr style=\"height: 282px;\">\n<td style=\"width: 50%; height: 282px;\">&nbsp;<\/p>\n<p>Aquest programa permet als nostres docents fer mobilitats a altres centres europeus, observar com treballen i establir les sinergies necess\u00e0ries per crear nou coneixement que pugui ser aplicat al nostre centre.<\/p>\n<p>El curs passat vam gaudir d&#8217;una estada de\u00a0<i>job shadowing<\/i>\u00a0a l&#8217;<a href=\"https:\/\/www.aepaa.pt\/\">Agrupamento de Escolas Poeta Ant\u00f3nio Aleixo de Portimao<\/a>\u00a0(Portugal) i del curs de formaci\u00f3 de professorat \u201cIntegrating Innovation and Creativity into Teaching\u201d a Dublin.<\/p>\n<p>Aqu\u00ed trobareu\u00a0<a href=\"https:\/\/agora.xtec.cat\/inslescincsenies\/erasmus\/mobilitat-de-professorat-erasmus\" target=\"_blank\" rel=\"noopener\">m\u00e9s informaci\u00f3 sobre aquesta experi\u00e8ncia<\/a>.<\/p>\n<p>Vegeu els extractes de la documentaci\u00f3 del centre vinculada amb el programa Erasmus+.<\/p>\n<p><a href=\"https:\/\/agora.xtec.cat\/inslescincsenies\/wp-content\/uploads\/usu420\/2024\/01\/Justificacio-CETE-en-Memoria-22-23.pdf\">Justificaci\u00f3 CETE + en Mem\u00f2ria 22-23<\/a><\/p>\n<p><a href=\"https:\/\/agora.xtec.cat\/inslescincsenies\/wp-content\/uploads\/usu420\/2024\/01\/Justificacio-CETEMemoria-Institut-Les-Cinc-Senies21-22.pdf\">Justificaci\u00f3 CETE+Mem\u00f2ria Institut Les Cinc S\u00e9nies21-22<\/a><\/td>\n<td style=\"width: 50%; height: 282px;\"><a href=\"https:\/\/agora.xtec.cat\/inslescincsenies\/wp-content\/uploads\/usu420\/2023\/11\/Erasmus-cofunded.png\"><img loading=\"lazy\" decoding=\"async\" class=\"alignnone size-full wp-image-1453\" src=\"https:\/\/agora.xtec.cat\/inslescincsenies\/wp-content\/uploads\/usu420\/2023\/11\/Erasmus-cofunded.png\" alt=\"\" width=\"481\" height=\"105\" srcset=\"https:\/\/agora.xtec.cat\/inslescincsenies\/wp-content\/uploads\/usu420\/2023\/11\/Erasmus-cofunded.png 481w, https:\/\/agora.xtec.cat\/inslescincsenies\/wp-content\/uploads\/usu420\/2023\/11\/Erasmus-cofunded-300x65.png 300w\" sizes=\"auto, (max-width: 481px) 100vw, 481px\" \/><\/a><\/p>\n<p><a href=\"http:\/\/sepie.es\/\"><img loading=\"lazy\" decoding=\"async\" class=\"alignnone wp-image-1457 size-full\" src=\"https:\/\/agora.xtec.cat\/inslescincsenies\/wp-content\/uploads\/usu420\/2023\/11\/SEPIE_erasmus_plus.gif\" alt=\"\" width=\"400\" height=\"148\" \/><\/a><\/td>\n<\/tr>\n<\/tbody>\n<\/table>\n<p><a href=\"https:\/\/european-union.europa.eu\/legal-notice_es\">Av\u00eds d&#8217;exempci\u00f3 de responsabilitat de la UE<\/a><\/p>\n<p>&nbsp;<\/p>\n<p><span style=\"font-weight: 400;\">ENG&gt; Since 2021, Institut Les Cinc S\u00e9nies is part of the MATE micro-consortium (Micro-consortium for the Acceleration of Educational Transformation), part of the CETE+ consortium (European Consortium for Educational Transformation) of the Erasmus+ program. The CETE+ is a project made up of 85 school education centers in Catalonia that aims to promote innovation and educational transformation.<\/span><\/p>\n<p><span style=\"font-weight: 400;\">This program allows our teachers to travel to other European centers, observe how they work and establish the necessary synergies to create new knowledge that can be applied to our center.<\/span><\/p>\n<p><span style=\"font-weight: 400;\">In 2022 we enjoyed a job shadowing stay at the Agrupamento de Escolas Poeta Ant\u00f3nio Aleixo in Portimao (Portugal) and the teacher training course &#8220;Integrating Innovation and Creativity into Teaching&#8221; in Dublin.<\/span><\/p>\n<p><span style=\"font-weight: 400;\">You will find more information about this experience here.<\/span><\/p>\n<p>&nbsp;<\/p>\n","protected":false},"excerpt":{"rendered":"<p>&nbsp;<br \/>\nDes de l&#8217;any 2021\u00a0l\u2019Institut Les Cinc S\u00e9nies\u00a0forma part del microconsorci MATE\u00a0<a style=\"color: #003366;\" href=\"https:\/\/projectes.xtec.cat\/transformacioenxarxa\/portada\/micro-consorci-ka120-mate-ens-situem\/\">(Micro consorci per a l&#8217;Acceleraci\u00f3 de la Transformaci\u00f3 Educativa<\/a>), part del consorci CETE+ (<a href=\"https:\/\/projectes.xtec.cat\/cete\/\">Consorci Europeu de Transformaci\u00f3 Educativa<\/a>) del programa Erasmus+. El CETE+ \u00e9s un projecte format per 85 centres d&#8217;educaci\u00f3&hellip;  <a href=\"https:\/\/agora.xtec.cat\/inslescincsenies\/erasmus\/\" title=\"Read ERASMUS +\">Llegeix m\u00e9s\u00bb<\/a><\/p>\n","protected":false},"author":1,"featured_media":0,"parent":0,"menu_order":0,"comment_status":"closed","ping_status":"closed","template":"","meta":{"_bbp_topic_count":0,"_bbp_reply_count":0,"_bbp_total_topic_count":0,"_bbp_total_reply_count":0,"_bbp_voice_count":0,"_bbp_anonymous_reply_count":0,"_bbp_topic_count_hidden":0,"_bbp_reply_count_hidden":0,"_bbp_forum_subforum_count":0,"footnotes":""},"class_list":["post-627","page","type-page","status-publish","hentry"],"post_mailing_queue_ids":[],"_links":{"self":[{"href":"https:\/\/agora.xtec.cat\/inslescincsenies\/wp-json\/wp\/v2\/pages\/627","targetHints":{"allow":["GET"]}}],"collection":[{"href":"https:\/\/agora.xtec.cat\/inslescincsenies\/wp-json\/wp\/v2\/pages"}],"about":[{"href":"https:\/\/agora.xtec.cat\/inslescincsenies\/wp-json\/wp\/v2\/types\/page"}],"author":[{"embeddable":true,"href":"https:\/\/agora.xtec.cat\/inslescincsenies\/wp-json\/wp\/v2\/users\/1"}],"replies":[{"embeddable":true,"href":"https:\/\/agora.xtec.cat\/inslescincsenies\/wp-json\/wp\/v2\/comments?post=627"}],"version-history":[{"count":6,"href":"https:\/\/agora.xtec.cat\/inslescincsenies\/wp-json\/wp\/v2\/pages\/627\/revisions"}],"predecessor-version":[{"id":1596,"href":"https:\/\/agora.xtec.cat\/inslescincsenies\/wp-json\/wp\/v2\/pages\/627\/revisions\/1596"}],"wp:attachment":[{"href":"https:\/\/agora.xtec.cat\/inslescincsenies\/wp-json\/wp\/v2\/media?parent=627"}],"curies":[{"name":"wp","href":"https:\/\/api.w.org\/{rel}","templated":true}]}}