{"id":623,"date":"2022-11-24T09:34:50","date_gmt":"2022-11-24T08:34:50","guid":{"rendered":"https:\/\/agora.xtec.cat\/inslescincsenies\/?page_id=623"},"modified":"2025-10-10T17:02:21","modified_gmt":"2025-10-10T15:02:21","slug":"centre-formadors-mufps","status":"publish","type":"page","link":"https:\/\/agora.xtec.cat\/inslescincsenies\/centre-formadors-mufps\/","title":{"rendered":"Centre formador MUFPS"},"content":{"rendered":"<h2><span style=\"font-weight: 400;\"><a href=\"https:\/\/agora.xtec.cat\/inslescincsenies\/wp-content\/uploads\/usu420\/2024\/07\/Centre-formador.png\"><img loading=\"lazy\" decoding=\"async\" class=\"alignright size-medium wp-image-1833\" src=\"https:\/\/agora.xtec.cat\/inslescincsenies\/wp-content\/uploads\/usu420\/2024\/07\/Centre-formador-300x235.png\" alt=\"\" width=\"300\" height=\"235\" srcset=\"https:\/\/agora.xtec.cat\/inslescincsenies\/wp-content\/uploads\/usu420\/2024\/07\/Centre-formador-300x235.png 300w, https:\/\/agora.xtec.cat\/inslescincsenies\/wp-content\/uploads\/usu420\/2024\/07\/Centre-formador-1024x804.png 1024w, https:\/\/agora.xtec.cat\/inslescincsenies\/wp-content\/uploads\/usu420\/2024\/07\/Centre-formador-768x603.png 768w, https:\/\/agora.xtec.cat\/inslescincsenies\/wp-content\/uploads\/usu420\/2024\/07\/Centre-formador.png 1115w\" sizes=\"auto, (max-width: 300px) 100vw, 300px\" \/><\/a>Participem al programa d&#8217;innovaci\u00f3 pedag\u00f2gica de pr\u00e0ctiques del MUFPS<\/span><\/h2>\n<p><span style=\"font-weight: 400;\">El centre forma part del programa d&#8217;innovaci\u00f3 de pr\u00e0ctiques del MUFPS (M\u00e0ster Universitari de Formaci\u00f3 de Professorat de Secund\u00e0ria i Batxillerat).<\/span><\/p>\n<p><span style=\"font-weight: 400;\">La finalitat del programa, que es desenvolupa en tres anys, <\/span><span style=\"font-weight: 400;\">\u00e9s millorar i avan\u00e7ar en el model de pr\u00e0ctiques dels estudiants universitaris amb la implicaci\u00f3 directa de la universitat i del centre formador en relaci\u00f3 als aspectes qualitatius que caracteritzen la formaci\u00f3 inicial dels nous docents.<\/span><\/p>\n<p><span style=\"font-weight: 400;\">Els objectius del programa s\u00f3n els seg\u00fcents:<\/span><\/p>\n<ul>\n<li style=\"font-weight: 400;\" aria-level=\"1\"><span style=\"font-weight: 400;\">Assignar valor als centres formadors com a institucions clau en la formaci\u00f3 inicial de la funci\u00f3 docent.<\/span><\/li>\n<li style=\"font-weight: 400;\" aria-level=\"1\"><span style=\"font-weight: 400;\">Professionalitzar i recon\u00e8ixer la tasca d&#8217;acompanyament dels mentors de centre i dels tutors de les universitats.<\/span><\/li>\n<li style=\"font-weight: 400;\" aria-level=\"1\"><span style=\"font-weight: 400;\">Incorporar l&#8217;estudiant universitari al centre formador com a agent actiu que col\u00b7labora en el desenvolupament del projecte educatiu de centre, alhora que es retroalimenta per millorar el desenvolupament professional i personal.<\/span><\/li>\n<li style=\"font-weight: 400;\" aria-level=\"1\"><span style=\"font-weight: 400;\">Promoure la col\u00b7laboraci\u00f3 en projectes de recerca i de transformaci\u00f3 educativa entre les universitats i els centres formadors.<\/span><\/li>\n<\/ul>\n<p><span style=\"font-weight: 400;\">Cada curs el centre disposa de professorat del centre que fan de mentors d&#8217;estudiants de pr\u00e0ctiques de diverses especialitats.\u00a0<\/span><\/p>\n<p>Aquest curs 25-26 esperem a l&#8217;alumnat en pr\u00e0ctiques de les diferents universitats el proper <b>dilluns 17\/11\/2025, a les 9h, a l&#8217;institut Les Cinc S\u00e9nies.<\/b><\/p>\n<p>&nbsp;<\/p>\n","protected":false},"excerpt":{"rendered":"<p><a href=\"https:\/\/agora.xtec.cat\/inslescincsenies\/wp-content\/uploads\/usu420\/2024\/07\/Centre-formador.png\"><\/a>Participem al programa d&#8217;innovaci\u00f3 pedag\u00f2gica de pr\u00e0ctiques del MUFPS<br \/>\nEl centre forma part del programa d&#8217;innovaci\u00f3 de pr\u00e0ctiques del MUFPS (M\u00e0ster Universitari de Formaci\u00f3 de Professorat de Secund\u00e0ria i Batxillerat).<br \/>\nLa finalitat del programa, que es desenvolupa en tres anys, \u00e9s millorar i avan\u00e7ar en el&hellip;  <a href=\"https:\/\/agora.xtec.cat\/inslescincsenies\/centre-formadors-mufps\/\" title=\"Read Centre formador MUFPS\">Llegeix m\u00e9s\u00bb<\/a><\/p>\n","protected":false},"author":1,"featured_media":0,"parent":0,"menu_order":0,"comment_status":"closed","ping_status":"closed","template":"","meta":{"_bbp_topic_count":0,"_bbp_reply_count":0,"_bbp_total_topic_count":0,"_bbp_total_reply_count":0,"_bbp_voice_count":0,"_bbp_anonymous_reply_count":0,"_bbp_topic_count_hidden":0,"_bbp_reply_count_hidden":0,"_bbp_forum_subforum_count":0,"footnotes":""},"class_list":["post-623","page","type-page","status-publish","hentry"],"post_mailing_queue_ids":[],"_links":{"self":[{"href":"https:\/\/agora.xtec.cat\/inslescincsenies\/wp-json\/wp\/v2\/pages\/623","targetHints":{"allow":["GET"]}}],"collection":[{"href":"https:\/\/agora.xtec.cat\/inslescincsenies\/wp-json\/wp\/v2\/pages"}],"about":[{"href":"https:\/\/agora.xtec.cat\/inslescincsenies\/wp-json\/wp\/v2\/types\/page"}],"author":[{"embeddable":true,"href":"https:\/\/agora.xtec.cat\/inslescincsenies\/wp-json\/wp\/v2\/users\/1"}],"replies":[{"embeddable":true,"href":"https:\/\/agora.xtec.cat\/inslescincsenies\/wp-json\/wp\/v2\/comments?post=623"}],"version-history":[{"count":4,"href":"https:\/\/agora.xtec.cat\/inslescincsenies\/wp-json\/wp\/v2\/pages\/623\/revisions"}],"predecessor-version":[{"id":2036,"href":"https:\/\/agora.xtec.cat\/inslescincsenies\/wp-json\/wp\/v2\/pages\/623\/revisions\/2036"}],"wp:attachment":[{"href":"https:\/\/agora.xtec.cat\/inslescincsenies\/wp-json\/wp\/v2\/media?parent=623"}],"curies":[{"name":"wp","href":"https:\/\/api.w.org\/{rel}","templated":true}]}}